{"id":535,"date":"2025-11-10T18:58:08","date_gmt":"2025-11-10T23:58:08","guid":{"rendered":"https:\/\/jobs.concentrix.com\/jobs-abroad\/"},"modified":"2026-01-27T17:44:01","modified_gmt":"2026-01-27T22:44:01","slug":"jobs-abroad","status":"publish","type":"page","link":"https:\/\/jobs.concentrix.com\/de\/jobs-abroad\/","title":{"rendered":"Stellen im Ausland"},"content":{"rendered":"\t\t<div data-elementor-type=\"wp-page\" data-elementor-id=\"535\" class=\"elementor elementor-535 elementor-29\" data-elementor-post-type=\"page\">\n\t\t\t\t<div class=\"elementor-element elementor-element-50492cb e-flex e-con-boxed e-con e-parent\" data-id=\"50492cb\" data-element_type=\"container\" data-e-type=\"container\" data-settings=\"{&quot;background_background&quot;:&quot;classic&quot;}\">\n\t\t\t\t\t<div class=\"e-con-inner\">\n\t\t\t\t<div class=\"elementor-element elementor-element-8bf8df6 elementor-widget elementor-widget-text-editor\" data-id=\"8bf8df6\" data-element_type=\"widget\" data-e-type=\"widget\" data-widget_type=\"text-editor.default\">\n\t\t\t\t\t\t\t\t\t<p>Home &gt; Stellen im Ausland<\/p>\t\t\t\t\t\t\t\t<\/div>\n\t\t\t\t<div class=\"elementor-element elementor-element-3eaa4bc elementor-widget elementor-widget-text-editor\" data-id=\"3eaa4bc\" data-element_type=\"widget\" data-e-type=\"widget\" data-widget_type=\"text-editor.default\">\n\t\t\t\t\t\t\t\t\t<h1>Stellen im Ausland<\/h1>\t\t\t\t\t\t\t\t<\/div>\n\t\t\t\t\t<\/div>\n\t\t\t\t<\/div>\n\t\t<div class=\"elementor-element elementor-element-fc896ba e-flex e-con-boxed e-con e-parent\" data-id=\"fc896ba\" data-element_type=\"container\" data-e-type=\"container\" data-settings=\"{&quot;background_background&quot;:&quot;classic&quot;}\">\n\t\t\t\t\t<div class=\"e-con-inner\">\n\t\t<div class=\"elementor-element elementor-element-2cc118c e-con-full e-flex e-con e-child\" data-id=\"2cc118c\" data-element_type=\"container\" data-e-type=\"container\" data-settings=\"{&quot;background_background&quot;:&quot;classic&quot;}\">\n\t\t\t\t<div class=\"elementor-element elementor-element-a9b616f elementor-widget elementor-widget-text-editor\" data-id=\"a9b616f\" data-element_type=\"widget\" data-e-type=\"widget\" data-widget_type=\"text-editor.default\">\n\t\t\t\t\t\t\t\t\t<h3><a href=\"https:\/\/jobs.concentrix.com\/de\/jobs-abroad\/griechenland\/\">Griechenland<\/a><\/h3><p>Entdecke den Geburtsort der westlichen Zivilisation und der Olympischen Spiele.<\/p>\t\t\t\t\t\t\t\t<\/div>\n\t\t\t\t<\/div>\n\t\t<div class=\"elementor-element elementor-element-f8aa10a e-con-full e-flex e-con e-child\" data-id=\"f8aa10a\" data-element_type=\"container\" data-e-type=\"container\" data-settings=\"{&quot;background_background&quot;:&quot;classic&quot;}\">\n\t\t\t\t<div class=\"elementor-element elementor-element-519de8f elementor-widget elementor-widget-text-editor\" data-id=\"519de8f\" data-element_type=\"widget\" data-e-type=\"widget\" data-widget_type=\"text-editor.default\">\n\t\t\t\t\t\t\t\t\t<h3><a href=\"https:\/\/jobs.concentrix.com\/de\/jobs-abroad\/rumaenien\/\">Rum\u00e4nien<\/a><\/h3><p>Der gr\u00f6\u00dfte st\u00e4dtische Strand Europas? Check! Die atemberaubendsten gotischen und mittelalterlichen Schl\u00f6sser, die noch atemberaubendere Geschichten zu erz\u00e4hlen haben? Check!   <\/p>\t\t\t\t\t\t\t\t<\/div>\n\t\t\t\t<\/div>\n\t\t\t\t\t<\/div>\n\t\t\t\t<\/div>\n\t\t<div class=\"elementor-element elementor-element-1ad8ca1 e-flex e-con-boxed e-con e-parent\" data-id=\"1ad8ca1\" data-element_type=\"container\" data-e-type=\"container\" data-settings=\"{&quot;background_background&quot;:&quot;classic&quot;}\">\n\t\t\t\t\t<div class=\"e-con-inner\">\n\t\t<div class=\"elementor-element elementor-element-202ae85 e-con-full e-flex e-con e-child\" data-id=\"202ae85\" data-element_type=\"container\" data-e-type=\"container\" data-settings=\"{&quot;background_background&quot;:&quot;classic&quot;}\">\n\t\t\t\t<div class=\"elementor-element elementor-element-d3f0e84 elementor-widget elementor-widget-text-editor\" data-id=\"d3f0e84\" data-element_type=\"widget\" data-e-type=\"widget\" data-widget_type=\"text-editor.default\">\n\t\t\t\t\t\t\t\t\t<h3><a href=\"https:\/\/jobs.concentrix.com\/de\/jobs-abroad\/portugal\/\">Portugal<\/a><\/h3><p>Portugal ist mit einer \u00fcppigen Vegetation und dramatischen Landschaften gesegnet, die ein Paradies f\u00fcr Naturliebhaber sind.<\/p>\t\t\t\t\t\t\t\t<\/div>\n\t\t\t\t<\/div>\n\t\t<div class=\"elementor-element elementor-element-1a32e9b e-con-full e-flex e-con e-child\" data-id=\"1a32e9b\" data-element_type=\"container\" data-e-type=\"container\" data-settings=\"{&quot;background_background&quot;:&quot;classic&quot;}\">\n\t\t\t\t<div class=\"elementor-element elementor-element-210a00d elementor-widget elementor-widget-text-editor\" data-id=\"210a00d\" data-element_type=\"widget\" data-e-type=\"widget\" data-widget_type=\"text-editor.default\">\n\t\t\t\t\t\t\t\t\t<h3><a href=\"https:\/\/jobs.concentrix.com\/de\/jobs-abroad\/spanien\/\">Spanien<\/a><\/h3><p>Das Leben in Spanien steht ganz im Zeichen der Freiheit. Komm und genie\u00dfe die Welt der Traditionen, der Kunst, der Technologie, der lebendigen Feste und mehrfach ausgezeichneter Gastronomie. <\/p>\t\t\t\t\t\t\t\t<\/div>\n\t\t\t\t<\/div>\n\t\t\t\t\t<\/div>\n\t\t\t\t<\/div>\n\t\t<div class=\"elementor-element elementor-element-e46faf8 e-flex e-con-boxed e-con e-parent\" data-id=\"e46faf8\" data-element_type=\"container\" data-e-type=\"container\" data-settings=\"{&quot;background_background&quot;:&quot;classic&quot;}\">\n\t\t\t\t\t<div class=\"e-con-inner\">\n\t\t\t\t\t<\/div>\n\t\t\t\t<\/div>\n\t\t\t\t<\/div>\n\t\t","protected":false},"excerpt":{"rendered":"<p>Home &gt; Stellen im Ausland Stellen im Ausland Griechenland Entdecke den Geburtsort der westlichen Zivilisation und der Olympischen Spiele. Rum\u00e4nien Der gr\u00f6\u00dfte st\u00e4dtische Strand Europas? Check! Die atemberaubendsten gotischen und mittelalterlichen Schl\u00f6sser, die noch atemberaubendere Geschichten zu erz\u00e4hlen haben? Check! Portugal Portugal ist mit einer \u00fcppigen Vegetation und dramatischen Landschaften gesegnet, die ein Paradies f\u00fcr [&hellip;]<\/p>\n","protected":false},"author":4,"featured_media":201,"parent":0,"menu_order":0,"comment_status":"closed","ping_status":"closed","template":"","meta":{"_acf_changed":false,"footnotes":""},"class_list":["post-535","page","type-page","status-publish","has-post-thumbnail","hentry"],"acf":[],"yoast_head":"<!-- This site is optimized with the Yoast SEO Premium plugin v26.6 (Yoast SEO v27.0) - https:\/\/yoast.com\/product\/yoast-seo-premium-wordpress\/ -->\n<title>Jobs Abroad with Relocation Package - Work Abroad with Concentrix<\/title>\n<meta name=\"description\" content=\"Looking for a job abroad with an attractive relocation package? We take care of you from when you get in touch and for as long as you call us your second home.\" \/>\n<meta name=\"robots\" content=\"index, follow, max-snippet:-1, max-image-preview:large, max-video-preview:-1\" \/>\n<link rel=\"canonical\" href=\"https:\/\/jobs.concentrix.com\/de\/jobs-abroad\/\" \/>\n<meta property=\"og:locale\" content=\"de_DE\" \/>\n<meta property=\"og:type\" content=\"article\" \/>\n<meta property=\"og:title\" content=\"Jobs Abroad with Relocation Package - Work Abroad with Concentrix\" \/>\n<meta property=\"og:description\" content=\"Looking for a job abroad with an attractive relocation package? We take care of you from when you get in touch and for as long as you call us your second home.\" \/>\n<meta property=\"og:url\" content=\"https:\/\/jobs.concentrix.com\/de\/jobs-abroad\/\" \/>\n<meta property=\"og:site_name\" content=\"Concentrix Careers\" \/>\n<meta property=\"article:publisher\" content=\"https:\/\/www.facebook.com\/Concentrix-153770504699665\" \/>\n<meta property=\"article:modified_time\" content=\"2026-01-27T22:44:01+00:00\" \/>\n<meta property=\"og:image\" content=\"https:\/\/jobs.concentrix.com\/wp-content\/uploads\/2025\/11\/preview-concentrix-careers.png\" \/>\n<meta name=\"twitter:card\" content=\"summary_large_image\" \/>\n<meta name=\"twitter:title\" content=\"Jobs Abroad with Relocation Package - Work Abroad with Concentrix\" \/>\n<meta name=\"twitter:description\" content=\"Looking for a job abroad with an attractive relocation package? We take care of you from when you get in touch and for as long as you call us your second home.\" \/>\n<meta name=\"twitter:image\" content=\"https:\/\/jobs.concentrix.com\/wp-content\/uploads\/2025\/11\/preview-concentrix-careers.png\" \/>\n<meta name=\"twitter:site\" content=\"@concentrix\" \/>\n<script type=\"application\/ld+json\" class=\"yoast-schema-graph\">{\"@context\":\"https:\/\/schema.org\",\"@graph\":[{\"@type\":\"WebPage\",\"@id\":\"https:\/\/jobs.concentrix.com\/de\/jobs-abroad\/\",\"url\":\"https:\/\/jobs.concentrix.com\/de\/jobs-abroad\/\",\"name\":\"Jobs Abroad with Relocation Package - Work Abroad with Concentrix\",\"isPartOf\":{\"@id\":\"https:\/\/jobs.concentrix.com\/de\/#website\"},\"primaryImageOfPage\":{\"@id\":\"https:\/\/jobs.concentrix.com\/de\/jobs-abroad\/#primaryimage\"},\"image\":{\"@id\":\"https:\/\/jobs.concentrix.com\/de\/jobs-abroad\/#primaryimage\"},\"thumbnailUrl\":\"https:\/\/jobs.concentrix.com\/wp-content\/uploads\/2025\/11\/preview-concentrix-careers.png\",\"datePublished\":\"2025-11-10T23:58:08+00:00\",\"dateModified\":\"2026-01-27T22:44:01+00:00\",\"description\":\"Looking for a job abroad with an attractive relocation package? We take care of you from when you get in touch and for as long as you call us your second home.\",\"breadcrumb\":{\"@id\":\"https:\/\/jobs.concentrix.com\/de\/jobs-abroad\/#breadcrumb\"},\"inLanguage\":\"de\",\"potentialAction\":[{\"@type\":\"ReadAction\",\"target\":[\"https:\/\/jobs.concentrix.com\/de\/jobs-abroad\/\"]}]},{\"@type\":\"ImageObject\",\"inLanguage\":\"de\",\"@id\":\"https:\/\/jobs.concentrix.com\/de\/jobs-abroad\/#primaryimage\",\"url\":\"https:\/\/jobs.concentrix.com\/wp-content\/uploads\/2025\/11\/preview-concentrix-careers.png\",\"contentUrl\":\"https:\/\/jobs.concentrix.com\/wp-content\/uploads\/2025\/11\/preview-concentrix-careers.png\",\"width\":960,\"height\":505,\"caption\":\"Concentrix Careers\"},{\"@type\":\"BreadcrumbList\",\"@id\":\"https:\/\/jobs.concentrix.com\/de\/jobs-abroad\/#breadcrumb\",\"itemListElement\":[{\"@type\":\"ListItem\",\"position\":1,\"name\":\"Home\",\"item\":\"https:\/\/jobs.concentrix.com\/de\/\"},{\"@type\":\"ListItem\",\"position\":2,\"name\":\"Stellen im Ausland\"}]},{\"@type\":\"WebSite\",\"@id\":\"https:\/\/jobs.concentrix.com\/de\/#website\",\"url\":\"https:\/\/jobs.concentrix.com\/de\/\",\"name\":\"Concentrix Careers\",\"description\":\"\",\"publisher\":{\"@id\":\"https:\/\/jobs.concentrix.com\/de\/#organization\"},\"potentialAction\":[{\"@type\":\"SearchAction\",\"target\":{\"@type\":\"EntryPoint\",\"urlTemplate\":\"https:\/\/jobs.concentrix.com\/de\/?s={search_term_string}\"},\"query-input\":{\"@type\":\"PropertyValueSpecification\",\"valueRequired\":true,\"valueName\":\"search_term_string\"}}],\"inLanguage\":\"de\"},{\"@type\":\"Organization\",\"@id\":\"https:\/\/jobs.concentrix.com\/de\/#organization\",\"name\":\"Concentrix Careers\",\"url\":\"https:\/\/jobs.concentrix.com\/de\/\",\"logo\":{\"@type\":\"ImageObject\",\"inLanguage\":\"de\",\"@id\":\"https:\/\/jobs.concentrix.com\/de\/#\/schema\/logo\/image\/\",\"url\":\"https:\/\/jobs.concentrix.com\/wp-content\/uploads\/2025\/11\/preview-concentrix-careers.png\",\"contentUrl\":\"https:\/\/jobs.concentrix.com\/wp-content\/uploads\/2025\/11\/preview-concentrix-careers.png\",\"width\":960,\"height\":505,\"caption\":\"Concentrix Careers\"},\"image\":{\"@id\":\"https:\/\/jobs.concentrix.com\/de\/#\/schema\/logo\/image\/\"},\"sameAs\":[\"https:\/\/www.facebook.com\/Concentrix-153770504699665\",\"https:\/\/x.com\/concentrix\"]}]}<\/script>\n<!-- \/ Yoast SEO Premium plugin. -->","yoast_head_json":{"title":"Jobs Abroad with Relocation Package - Work Abroad with Concentrix","description":"Looking for a job abroad with an attractive relocation package? We take care of you from when you get in touch and for as long as you call us your second home.","robots":{"index":"index","follow":"follow","max-snippet":"max-snippet:-1","max-image-preview":"max-image-preview:large","max-video-preview":"max-video-preview:-1"},"canonical":"https:\/\/jobs.concentrix.com\/de\/jobs-abroad\/","og_locale":"de_DE","og_type":"article","og_title":"Jobs Abroad with Relocation Package - Work Abroad with Concentrix","og_description":"Looking for a job abroad with an attractive relocation package? We take care of you from when you get in touch and for as long as you call us your second home.","og_url":"https:\/\/jobs.concentrix.com\/de\/jobs-abroad\/","og_site_name":"Concentrix Careers","article_publisher":"https:\/\/www.facebook.com\/Concentrix-153770504699665","article_modified_time":"2026-01-27T22:44:01+00:00","og_image":[{"url":"https:\/\/jobs.concentrix.com\/wp-content\/uploads\/2025\/11\/preview-concentrix-careers.png","type":"","width":"","height":""}],"twitter_card":"summary_large_image","twitter_title":"Jobs Abroad with Relocation Package - Work Abroad with Concentrix","twitter_description":"Looking for a job abroad with an attractive relocation package? We take care of you from when you get in touch and for as long as you call us your second home.","twitter_image":"https:\/\/jobs.concentrix.com\/wp-content\/uploads\/2025\/11\/preview-concentrix-careers.png","twitter_site":"@concentrix","schema":{"@context":"https:\/\/schema.org","@graph":[{"@type":"WebPage","@id":"https:\/\/jobs.concentrix.com\/de\/jobs-abroad\/","url":"https:\/\/jobs.concentrix.com\/de\/jobs-abroad\/","name":"Jobs Abroad with Relocation Package - Work Abroad with Concentrix","isPartOf":{"@id":"https:\/\/jobs.concentrix.com\/de\/#website"},"primaryImageOfPage":{"@id":"https:\/\/jobs.concentrix.com\/de\/jobs-abroad\/#primaryimage"},"image":{"@id":"https:\/\/jobs.concentrix.com\/de\/jobs-abroad\/#primaryimage"},"thumbnailUrl":"https:\/\/jobs.concentrix.com\/wp-content\/uploads\/2025\/11\/preview-concentrix-careers.png","datePublished":"2025-11-10T23:58:08+00:00","dateModified":"2026-01-27T22:44:01+00:00","description":"Looking for a job abroad with an attractive relocation package? We take care of you from when you get in touch and for as long as you call us your second home.","breadcrumb":{"@id":"https:\/\/jobs.concentrix.com\/de\/jobs-abroad\/#breadcrumb"},"inLanguage":"de","potentialAction":[{"@type":"ReadAction","target":["https:\/\/jobs.concentrix.com\/de\/jobs-abroad\/"]}]},{"@type":"ImageObject","inLanguage":"de","@id":"https:\/\/jobs.concentrix.com\/de\/jobs-abroad\/#primaryimage","url":"https:\/\/jobs.concentrix.com\/wp-content\/uploads\/2025\/11\/preview-concentrix-careers.png","contentUrl":"https:\/\/jobs.concentrix.com\/wp-content\/uploads\/2025\/11\/preview-concentrix-careers.png","width":960,"height":505,"caption":"Concentrix Careers"},{"@type":"BreadcrumbList","@id":"https:\/\/jobs.concentrix.com\/de\/jobs-abroad\/#breadcrumb","itemListElement":[{"@type":"ListItem","position":1,"name":"Home","item":"https:\/\/jobs.concentrix.com\/de\/"},{"@type":"ListItem","position":2,"name":"Stellen im Ausland"}]},{"@type":"WebSite","@id":"https:\/\/jobs.concentrix.com\/de\/#website","url":"https:\/\/jobs.concentrix.com\/de\/","name":"Concentrix Careers","description":"","publisher":{"@id":"https:\/\/jobs.concentrix.com\/de\/#organization"},"potentialAction":[{"@type":"SearchAction","target":{"@type":"EntryPoint","urlTemplate":"https:\/\/jobs.concentrix.com\/de\/?s={search_term_string}"},"query-input":{"@type":"PropertyValueSpecification","valueRequired":true,"valueName":"search_term_string"}}],"inLanguage":"de"},{"@type":"Organization","@id":"https:\/\/jobs.concentrix.com\/de\/#organization","name":"Concentrix Careers","url":"https:\/\/jobs.concentrix.com\/de\/","logo":{"@type":"ImageObject","inLanguage":"de","@id":"https:\/\/jobs.concentrix.com\/de\/#\/schema\/logo\/image\/","url":"https:\/\/jobs.concentrix.com\/wp-content\/uploads\/2025\/11\/preview-concentrix-careers.png","contentUrl":"https:\/\/jobs.concentrix.com\/wp-content\/uploads\/2025\/11\/preview-concentrix-careers.png","width":960,"height":505,"caption":"Concentrix Careers"},"image":{"@id":"https:\/\/jobs.concentrix.com\/de\/#\/schema\/logo\/image\/"},"sameAs":["https:\/\/www.facebook.com\/Concentrix-153770504699665","https:\/\/x.com\/concentrix"]}]}},"_links":{"self":[{"href":"https:\/\/jobs.concentrix.com\/de\/wp-json\/wp\/v2\/pages\/535","targetHints":{"allow":["GET"]}}],"collection":[{"href":"https:\/\/jobs.concentrix.com\/de\/wp-json\/wp\/v2\/pages"}],"about":[{"href":"https:\/\/jobs.concentrix.com\/de\/wp-json\/wp\/v2\/types\/page"}],"author":[{"embeddable":true,"href":"https:\/\/jobs.concentrix.com\/de\/wp-json\/wp\/v2\/users\/4"}],"replies":[{"embeddable":true,"href":"https:\/\/jobs.concentrix.com\/de\/wp-json\/wp\/v2\/comments?post=535"}],"version-history":[{"count":0,"href":"https:\/\/jobs.concentrix.com\/de\/wp-json\/wp\/v2\/pages\/535\/revisions"}],"wp:featuredmedia":[{"embeddable":true,"href":"https:\/\/jobs.concentrix.com\/de\/wp-json\/wp\/v2\/media\/201"}],"wp:attachment":[{"href":"https:\/\/jobs.concentrix.com\/de\/wp-json\/wp\/v2\/media?parent=535"}],"curies":[{"name":"wp","href":"https:\/\/api.w.org\/{rel}","templated":true}]}}