{"id":531,"date":"2025-11-10T18:58:08","date_gmt":"2025-11-10T23:58:08","guid":{"rendered":"https:\/\/jobs.concentrix.com\/emplois-a-letranger\/"},"modified":"2026-01-27T17:42:56","modified_gmt":"2026-01-27T22:42:56","slug":"jobs-abroad","status":"publish","type":"page","link":"https:\/\/jobs.concentrix.com\/fr\/jobs-abroad\/","title":{"rendered":"Emplois \u00e0 l\u2019\u00e9tranger"},"content":{"rendered":"\t\t<div data-elementor-type=\"wp-page\" data-elementor-id=\"531\" class=\"elementor elementor-531 elementor-29\" data-elementor-post-type=\"page\">\n\t\t\t\t<div class=\"elementor-element elementor-element-50492cb e-flex e-con-boxed e-con e-parent\" data-id=\"50492cb\" data-element_type=\"container\" data-e-type=\"container\" data-settings=\"{&quot;background_background&quot;:&quot;classic&quot;}\">\n\t\t\t\t\t<div class=\"e-con-inner\">\n\t\t\t\t<div class=\"elementor-element elementor-element-8bf8df6 elementor-widget elementor-widget-text-editor\" data-id=\"8bf8df6\" data-element_type=\"widget\" data-e-type=\"widget\" data-widget_type=\"text-editor.default\">\n\t\t\t\t\t\t\t\t\t<p>Accueil &gt; Emplois \u00e0 l\u2019\u00e9tranger<\/p>\t\t\t\t\t\t\t\t<\/div>\n\t\t\t\t<div class=\"elementor-element elementor-element-3eaa4bc elementor-widget elementor-widget-text-editor\" data-id=\"3eaa4bc\" data-element_type=\"widget\" data-e-type=\"widget\" data-widget_type=\"text-editor.default\">\n\t\t\t\t\t\t\t\t\t<h1>Emplois \u00e0 l\u2019\u00e9tranger<\/h1>\t\t\t\t\t\t\t\t<\/div>\n\t\t\t\t\t<\/div>\n\t\t\t\t<\/div>\n\t\t<div class=\"elementor-element elementor-element-fc896ba e-flex e-con-boxed e-con e-parent\" data-id=\"fc896ba\" data-element_type=\"container\" data-e-type=\"container\" data-settings=\"{&quot;background_background&quot;:&quot;classic&quot;}\">\n\t\t\t\t\t<div class=\"e-con-inner\">\n\t\t<div class=\"elementor-element elementor-element-2cc118c e-con-full e-flex e-con e-child\" data-id=\"2cc118c\" data-element_type=\"container\" data-e-type=\"container\" data-settings=\"{&quot;background_background&quot;:&quot;classic&quot;}\">\n\t\t\t\t<div class=\"elementor-element elementor-element-a9b616f elementor-widget elementor-widget-text-editor\" data-id=\"a9b616f\" data-element_type=\"widget\" data-e-type=\"widget\" data-widget_type=\"text-editor.default\">\n\t\t\t\t\t\t\t\t\t<h3><a href=\"https:\/\/jobs.concentrix.com\/fr\/jobs-abroad\/grece\/\">Gr\u00e8ce<\/a><\/h3><p>D\u00e9couvrez le berceau de la civilisation occidentale et des Jeux olympiques.<\/p>\t\t\t\t\t\t\t\t<\/div>\n\t\t\t\t<\/div>\n\t\t<div class=\"elementor-element elementor-element-f8aa10a e-con-full e-flex e-con e-child\" data-id=\"f8aa10a\" data-element_type=\"container\" data-e-type=\"container\" data-settings=\"{&quot;background_background&quot;:&quot;classic&quot;}\">\n\t\t\t\t<div class=\"elementor-element elementor-element-519de8f elementor-widget elementor-widget-text-editor\" data-id=\"519de8f\" data-element_type=\"widget\" data-e-type=\"widget\" data-widget_type=\"text-editor.default\">\n\t\t\t\t\t\t\t\t\t<h3><a href=\"https:\/\/jobs.concentrix.com\/fr\/jobs-abroad\/roumanie\/\">Roumanie<\/a><\/h3><p>La plus grande plage urbaine d\u2019Europe ? Oui. Les ch\u00e2teaux gothiques et m\u00e9di\u00e9vaux les plus stup\u00e9fiants, aux histoires \u00e9poustouflantes ? Oui.   <\/p>\t\t\t\t\t\t\t\t<\/div>\n\t\t\t\t<\/div>\n\t\t\t\t\t<\/div>\n\t\t\t\t<\/div>\n\t\t<div class=\"elementor-element elementor-element-1ad8ca1 e-flex e-con-boxed e-con e-parent\" data-id=\"1ad8ca1\" data-element_type=\"container\" data-e-type=\"container\" data-settings=\"{&quot;background_background&quot;:&quot;classic&quot;}\">\n\t\t\t\t\t<div class=\"e-con-inner\">\n\t\t<div class=\"elementor-element elementor-element-202ae85 e-con-full e-flex e-con e-child\" data-id=\"202ae85\" data-element_type=\"container\" data-e-type=\"container\" data-settings=\"{&quot;background_background&quot;:&quot;classic&quot;}\">\n\t\t\t\t<div class=\"elementor-element elementor-element-d3f0e84 elementor-widget elementor-widget-text-editor\" data-id=\"d3f0e84\" data-element_type=\"widget\" data-e-type=\"widget\" data-widget_type=\"text-editor.default\">\n\t\t\t\t\t\t\t\t\t<h3><a href=\"https:\/\/jobs.concentrix.com\/fr\/jobs-abroad\/portugal\/\">Portugal<\/a><\/h3><p>Le Portugal est dot\u00e9 d\u2019une v\u00e9g\u00e9tation luxuriante et de paysages spectaculaires qui sont un havre pour les amoureux de la nature.<\/p>\t\t\t\t\t\t\t\t<\/div>\n\t\t\t\t<\/div>\n\t\t<div class=\"elementor-element elementor-element-1a32e9b e-con-full e-flex e-con e-child\" data-id=\"1a32e9b\" data-element_type=\"container\" data-e-type=\"container\" data-settings=\"{&quot;background_background&quot;:&quot;classic&quot;}\">\n\t\t\t\t<div class=\"elementor-element elementor-element-210a00d elementor-widget elementor-widget-text-editor\" data-id=\"210a00d\" data-element_type=\"widget\" data-e-type=\"widget\" data-widget_type=\"text-editor.default\">\n\t\t\t\t\t\t\t\t\t<h3><a href=\"https:\/\/jobs.concentrix.com\/fr\/jobs-abroad\/espagne\/\">Espagne<\/a><\/h3><p>La vie en Espagne est synonyme de libert\u00e9. Venez profiter d\u2019un monde de traditions, d\u2019art, de technologie, de festivals dynamiques et d\u2019une gastronomie prim\u00e9e. <\/p>\t\t\t\t\t\t\t\t<\/div>\n\t\t\t\t<\/div>\n\t\t\t\t\t<\/div>\n\t\t\t\t<\/div>\n\t\t<div class=\"elementor-element elementor-element-e46faf8 e-flex e-con-boxed e-con e-parent\" data-id=\"e46faf8\" data-element_type=\"container\" data-e-type=\"container\" data-settings=\"{&quot;background_background&quot;:&quot;classic&quot;}\">\n\t\t\t\t\t<div class=\"e-con-inner\">\n\t\t\t\t\t<\/div>\n\t\t\t\t<\/div>\n\t\t\t\t<\/div>\n\t\t","protected":false},"excerpt":{"rendered":"<p>Accueil &gt; Emplois \u00e0 l\u2019\u00e9tranger Emplois \u00e0 l\u2019\u00e9tranger Gr\u00e8ce D\u00e9couvrez le berceau de la civilisation occidentale et des Jeux olympiques. Roumanie La plus grande plage urbaine d\u2019Europe ? Oui. Les ch\u00e2teaux gothiques et m\u00e9di\u00e9vaux les plus stup\u00e9fiants, aux histoires \u00e9poustouflantes ? Oui. Portugal Le Portugal est dot\u00e9 d\u2019une v\u00e9g\u00e9tation luxuriante et de paysages spectaculaires qui [&hellip;]<\/p>\n","protected":false},"author":4,"featured_media":199,"parent":0,"menu_order":0,"comment_status":"closed","ping_status":"closed","template":"","meta":{"_acf_changed":false,"footnotes":""},"class_list":["post-531","page","type-page","status-publish","has-post-thumbnail","hentry"],"acf":[],"yoast_head":"<!-- This site is optimized with the Yoast SEO Premium plugin v26.6 (Yoast SEO v27.0) - https:\/\/yoast.com\/product\/yoast-seo-premium-wordpress\/ -->\n<title>Emplois \u00e0 l\u2019\u00e9tranger avec programme de relocalisation \u2013 Travailler \u00e0 l\u2019\u00e9tranger avec Concentrix<\/title>\n<meta name=\"description\" content=\"Vous recherchez un emploi \u00e0 l\u2019\u00e9tranger avec un programme de relocalisation attrayant ? Nous prenons soin de vous d\u00e8s que vous nous contactez et aussi longtemps que vous nous consid\u00e9rez comme votre deuxi\u00e8me chez-vous.\" \/>\n<meta name=\"robots\" content=\"index, follow, max-snippet:-1, max-image-preview:large, max-video-preview:-1\" \/>\n<link rel=\"canonical\" href=\"https:\/\/jobs.concentrix.com\/fr\/jobs-abroad\/\" \/>\n<meta property=\"og:locale\" content=\"fr_FR\" \/>\n<meta property=\"og:type\" content=\"article\" \/>\n<meta property=\"og:title\" content=\"Emplois \u00e0 l\u2019\u00e9tranger avec programme de relocalisation \u2013 Travailler \u00e0 l\u2019\u00e9tranger avec Concentrix\" \/>\n<meta property=\"og:description\" content=\"Vous recherchez un emploi \u00e0 l\u2019\u00e9tranger avec un programme de relocalisation attrayant ? Nous prenons soin de vous d\u00e8s que vous nous contactez et aussi longtemps que vous nous consid\u00e9rez comme votre deuxi\u00e8me chez-vous.\" \/>\n<meta property=\"og:url\" content=\"https:\/\/jobs.concentrix.com\/fr\/jobs-abroad\/\" \/>\n<meta property=\"og:site_name\" content=\"Concentrix Careers\" \/>\n<meta property=\"article:publisher\" content=\"https:\/\/www.facebook.com\/Concentrix-153770504699665\" \/>\n<meta property=\"article:modified_time\" content=\"2026-01-27T22:42:56+00:00\" \/>\n<meta property=\"og:image\" content=\"https:\/\/jobs.concentrix.com\/wp-content\/uploads\/2025\/11\/preview-concentrix-careers.png\" \/>\n<meta name=\"twitter:card\" content=\"summary_large_image\" \/>\n<meta name=\"twitter:title\" content=\"Emplois \u00e0 l\u2019\u00e9tranger avec programme de relocalisation \u2013 Travailler \u00e0 l\u2019\u00e9tranger avec Concentrix\" \/>\n<meta name=\"twitter:description\" content=\"Vous recherchez un emploi \u00e0 l\u2019\u00e9tranger avec un programme de relocalisation attrayant ? Nous prenons soin de vous d\u00e8s que vous nous contactez et aussi longtemps que vous nous consid\u00e9rez comme votre deuxi\u00e8me chez-vous.\" \/>\n<meta name=\"twitter:image\" content=\"https:\/\/jobs.concentrix.com\/wp-content\/uploads\/2025\/11\/preview-concentrix-careers.png\" \/>\n<meta name=\"twitter:site\" content=\"@concentrix\" \/>\n<meta name=\"twitter:label1\" content=\"Dur\u00e9e de lecture estim\u00e9e\" \/>\n\t<meta name=\"twitter:data1\" content=\"1 minute\" \/>\n<script type=\"application\/ld+json\" class=\"yoast-schema-graph\">{\"@context\":\"https:\/\/schema.org\",\"@graph\":[{\"@type\":\"WebPage\",\"@id\":\"https:\/\/jobs.concentrix.com\/fr\/jobs-abroad\/\",\"url\":\"https:\/\/jobs.concentrix.com\/fr\/jobs-abroad\/\",\"name\":\"Emplois \u00e0 l\u2019\u00e9tranger avec programme de relocalisation \u2013 Travailler \u00e0 l\u2019\u00e9tranger avec Concentrix\",\"isPartOf\":{\"@id\":\"https:\/\/jobs.concentrix.com\/fr\/#website\"},\"primaryImageOfPage\":{\"@id\":\"https:\/\/jobs.concentrix.com\/fr\/jobs-abroad\/#primaryimage\"},\"image\":{\"@id\":\"https:\/\/jobs.concentrix.com\/fr\/jobs-abroad\/#primaryimage\"},\"thumbnailUrl\":\"https:\/\/jobs.concentrix.com\/wp-content\/uploads\/2025\/11\/preview-concentrix-careers.png\",\"datePublished\":\"2025-11-10T23:58:08+00:00\",\"dateModified\":\"2026-01-27T22:42:56+00:00\",\"description\":\"Vous recherchez un emploi \u00e0 l\u2019\u00e9tranger avec un programme de relocalisation attrayant ? Nous prenons soin de vous d\u00e8s que vous nous contactez et aussi longtemps que vous nous consid\u00e9rez comme votre deuxi\u00e8me chez-vous.\",\"breadcrumb\":{\"@id\":\"https:\/\/jobs.concentrix.com\/fr\/jobs-abroad\/#breadcrumb\"},\"inLanguage\":\"fr-FR\",\"potentialAction\":[{\"@type\":\"ReadAction\",\"target\":[\"https:\/\/jobs.concentrix.com\/fr\/jobs-abroad\/\"]}]},{\"@type\":\"ImageObject\",\"inLanguage\":\"fr-FR\",\"@id\":\"https:\/\/jobs.concentrix.com\/fr\/jobs-abroad\/#primaryimage\",\"url\":\"https:\/\/jobs.concentrix.com\/wp-content\/uploads\/2025\/11\/preview-concentrix-careers.png\",\"contentUrl\":\"https:\/\/jobs.concentrix.com\/wp-content\/uploads\/2025\/11\/preview-concentrix-careers.png\",\"width\":960,\"height\":505,\"caption\":\"Concentrix Careers\"},{\"@type\":\"BreadcrumbList\",\"@id\":\"https:\/\/jobs.concentrix.com\/fr\/jobs-abroad\/#breadcrumb\",\"itemListElement\":[{\"@type\":\"ListItem\",\"position\":1,\"name\":\"Home\",\"item\":\"https:\/\/jobs.concentrix.com\/fr\/\"},{\"@type\":\"ListItem\",\"position\":2,\"name\":\"Emplois \u00e0 l\u2019\u00e9tranger\"}]},{\"@type\":\"WebSite\",\"@id\":\"https:\/\/jobs.concentrix.com\/fr\/#website\",\"url\":\"https:\/\/jobs.concentrix.com\/fr\/\",\"name\":\"Concentrix Careers\",\"description\":\"\",\"publisher\":{\"@id\":\"https:\/\/jobs.concentrix.com\/fr\/#organization\"},\"potentialAction\":[{\"@type\":\"SearchAction\",\"target\":{\"@type\":\"EntryPoint\",\"urlTemplate\":\"https:\/\/jobs.concentrix.com\/fr\/?s={search_term_string}\"},\"query-input\":{\"@type\":\"PropertyValueSpecification\",\"valueRequired\":true,\"valueName\":\"search_term_string\"}}],\"inLanguage\":\"fr-FR\"},{\"@type\":\"Organization\",\"@id\":\"https:\/\/jobs.concentrix.com\/fr\/#organization\",\"name\":\"Concentrix Careers\",\"url\":\"https:\/\/jobs.concentrix.com\/fr\/\",\"logo\":{\"@type\":\"ImageObject\",\"inLanguage\":\"fr-FR\",\"@id\":\"https:\/\/jobs.concentrix.com\/fr\/#\/schema\/logo\/image\/\",\"url\":\"https:\/\/jobs.concentrix.com\/wp-content\/uploads\/2025\/11\/preview-concentrix-careers.png\",\"contentUrl\":\"https:\/\/jobs.concentrix.com\/wp-content\/uploads\/2025\/11\/preview-concentrix-careers.png\",\"width\":960,\"height\":505,\"caption\":\"Concentrix Careers\"},\"image\":{\"@id\":\"https:\/\/jobs.concentrix.com\/fr\/#\/schema\/logo\/image\/\"},\"sameAs\":[\"https:\/\/www.facebook.com\/Concentrix-153770504699665\",\"https:\/\/x.com\/concentrix\"]}]}<\/script>\n<!-- \/ Yoast SEO Premium plugin. -->","yoast_head_json":{"title":"Emplois \u00e0 l\u2019\u00e9tranger avec programme de relocalisation \u2013 Travailler \u00e0 l\u2019\u00e9tranger avec Concentrix","description":"Vous recherchez un emploi \u00e0 l\u2019\u00e9tranger avec un programme de relocalisation attrayant ? Nous prenons soin de vous d\u00e8s que vous nous contactez et aussi longtemps que vous nous consid\u00e9rez comme votre deuxi\u00e8me chez-vous.","robots":{"index":"index","follow":"follow","max-snippet":"max-snippet:-1","max-image-preview":"max-image-preview:large","max-video-preview":"max-video-preview:-1"},"canonical":"https:\/\/jobs.concentrix.com\/fr\/jobs-abroad\/","og_locale":"fr_FR","og_type":"article","og_title":"Emplois \u00e0 l\u2019\u00e9tranger avec programme de relocalisation \u2013 Travailler \u00e0 l\u2019\u00e9tranger avec Concentrix","og_description":"Vous recherchez un emploi \u00e0 l\u2019\u00e9tranger avec un programme de relocalisation attrayant ? Nous prenons soin de vous d\u00e8s que vous nous contactez et aussi longtemps que vous nous consid\u00e9rez comme votre deuxi\u00e8me chez-vous.","og_url":"https:\/\/jobs.concentrix.com\/fr\/jobs-abroad\/","og_site_name":"Concentrix Careers","article_publisher":"https:\/\/www.facebook.com\/Concentrix-153770504699665","article_modified_time":"2026-01-27T22:42:56+00:00","og_image":[{"url":"https:\/\/jobs.concentrix.com\/wp-content\/uploads\/2025\/11\/preview-concentrix-careers.png","type":"","width":"","height":""}],"twitter_card":"summary_large_image","twitter_title":"Emplois \u00e0 l\u2019\u00e9tranger avec programme de relocalisation \u2013 Travailler \u00e0 l\u2019\u00e9tranger avec Concentrix","twitter_description":"Vous recherchez un emploi \u00e0 l\u2019\u00e9tranger avec un programme de relocalisation attrayant ? Nous prenons soin de vous d\u00e8s que vous nous contactez et aussi longtemps que vous nous consid\u00e9rez comme votre deuxi\u00e8me chez-vous.","twitter_image":"https:\/\/jobs.concentrix.com\/wp-content\/uploads\/2025\/11\/preview-concentrix-careers.png","twitter_site":"@concentrix","twitter_misc":{"Dur\u00e9e de lecture estim\u00e9e":"1 minute"},"schema":{"@context":"https:\/\/schema.org","@graph":[{"@type":"WebPage","@id":"https:\/\/jobs.concentrix.com\/fr\/jobs-abroad\/","url":"https:\/\/jobs.concentrix.com\/fr\/jobs-abroad\/","name":"Emplois \u00e0 l\u2019\u00e9tranger avec programme de relocalisation \u2013 Travailler \u00e0 l\u2019\u00e9tranger avec Concentrix","isPartOf":{"@id":"https:\/\/jobs.concentrix.com\/fr\/#website"},"primaryImageOfPage":{"@id":"https:\/\/jobs.concentrix.com\/fr\/jobs-abroad\/#primaryimage"},"image":{"@id":"https:\/\/jobs.concentrix.com\/fr\/jobs-abroad\/#primaryimage"},"thumbnailUrl":"https:\/\/jobs.concentrix.com\/wp-content\/uploads\/2025\/11\/preview-concentrix-careers.png","datePublished":"2025-11-10T23:58:08+00:00","dateModified":"2026-01-27T22:42:56+00:00","description":"Vous recherchez un emploi \u00e0 l\u2019\u00e9tranger avec un programme de relocalisation attrayant ? Nous prenons soin de vous d\u00e8s que vous nous contactez et aussi longtemps que vous nous consid\u00e9rez comme votre deuxi\u00e8me chez-vous.","breadcrumb":{"@id":"https:\/\/jobs.concentrix.com\/fr\/jobs-abroad\/#breadcrumb"},"inLanguage":"fr-FR","potentialAction":[{"@type":"ReadAction","target":["https:\/\/jobs.concentrix.com\/fr\/jobs-abroad\/"]}]},{"@type":"ImageObject","inLanguage":"fr-FR","@id":"https:\/\/jobs.concentrix.com\/fr\/jobs-abroad\/#primaryimage","url":"https:\/\/jobs.concentrix.com\/wp-content\/uploads\/2025\/11\/preview-concentrix-careers.png","contentUrl":"https:\/\/jobs.concentrix.com\/wp-content\/uploads\/2025\/11\/preview-concentrix-careers.png","width":960,"height":505,"caption":"Concentrix Careers"},{"@type":"BreadcrumbList","@id":"https:\/\/jobs.concentrix.com\/fr\/jobs-abroad\/#breadcrumb","itemListElement":[{"@type":"ListItem","position":1,"name":"Home","item":"https:\/\/jobs.concentrix.com\/fr\/"},{"@type":"ListItem","position":2,"name":"Emplois \u00e0 l\u2019\u00e9tranger"}]},{"@type":"WebSite","@id":"https:\/\/jobs.concentrix.com\/fr\/#website","url":"https:\/\/jobs.concentrix.com\/fr\/","name":"Concentrix Careers","description":"","publisher":{"@id":"https:\/\/jobs.concentrix.com\/fr\/#organization"},"potentialAction":[{"@type":"SearchAction","target":{"@type":"EntryPoint","urlTemplate":"https:\/\/jobs.concentrix.com\/fr\/?s={search_term_string}"},"query-input":{"@type":"PropertyValueSpecification","valueRequired":true,"valueName":"search_term_string"}}],"inLanguage":"fr-FR"},{"@type":"Organization","@id":"https:\/\/jobs.concentrix.com\/fr\/#organization","name":"Concentrix Careers","url":"https:\/\/jobs.concentrix.com\/fr\/","logo":{"@type":"ImageObject","inLanguage":"fr-FR","@id":"https:\/\/jobs.concentrix.com\/fr\/#\/schema\/logo\/image\/","url":"https:\/\/jobs.concentrix.com\/wp-content\/uploads\/2025\/11\/preview-concentrix-careers.png","contentUrl":"https:\/\/jobs.concentrix.com\/wp-content\/uploads\/2025\/11\/preview-concentrix-careers.png","width":960,"height":505,"caption":"Concentrix Careers"},"image":{"@id":"https:\/\/jobs.concentrix.com\/fr\/#\/schema\/logo\/image\/"},"sameAs":["https:\/\/www.facebook.com\/Concentrix-153770504699665","https:\/\/x.com\/concentrix"]}]}},"_links":{"self":[{"href":"https:\/\/jobs.concentrix.com\/fr\/wp-json\/wp\/v2\/pages\/531","targetHints":{"allow":["GET"]}}],"collection":[{"href":"https:\/\/jobs.concentrix.com\/fr\/wp-json\/wp\/v2\/pages"}],"about":[{"href":"https:\/\/jobs.concentrix.com\/fr\/wp-json\/wp\/v2\/types\/page"}],"author":[{"embeddable":true,"href":"https:\/\/jobs.concentrix.com\/fr\/wp-json\/wp\/v2\/users\/4"}],"replies":[{"embeddable":true,"href":"https:\/\/jobs.concentrix.com\/fr\/wp-json\/wp\/v2\/comments?post=531"}],"version-history":[{"count":0,"href":"https:\/\/jobs.concentrix.com\/fr\/wp-json\/wp\/v2\/pages\/531\/revisions"}],"wp:featuredmedia":[{"embeddable":true,"href":"https:\/\/jobs.concentrix.com\/fr\/wp-json\/wp\/v2\/media\/199"}],"wp:attachment":[{"href":"https:\/\/jobs.concentrix.com\/fr\/wp-json\/wp\/v2\/media?parent=531"}],"curies":[{"name":"wp","href":"https:\/\/api.w.org\/{rel}","templated":true}]}}