{"id":792,"date":"2025-11-10T15:21:39","date_gmt":"2025-11-10T20:21:39","guid":{"rendered":"https:\/\/jobs.concentrix.com\/about-us\/"},"modified":"2026-02-01T12:04:27","modified_gmt":"2026-02-01T17:04:27","slug":"about-us","status":"publish","type":"page","link":"https:\/\/jobs.concentrix.com\/fr\/about-us\/","title":{"rendered":"\u00c0 propos de nous"},"content":{"rendered":"\t\t<div data-elementor-type=\"wp-page\" data-elementor-id=\"792\" class=\"elementor elementor-792 elementor-21\" data-elementor-post-type=\"page\">\n\t\t\t\t<div class=\"elementor-element elementor-element-67c07ac e-flex e-con-boxed e-con e-parent\" data-id=\"67c07ac\" data-element_type=\"container\" data-e-type=\"container\" data-settings=\"{&quot;background_background&quot;:&quot;classic&quot;}\">\n\t\t\t\t\t<div class=\"e-con-inner\">\n\t\t\t\t<div class=\"elementor-element elementor-element-a6bff56 elementor-widget elementor-widget-text-editor\" data-id=\"a6bff56\" data-element_type=\"widget\" data-e-type=\"widget\" data-widget_type=\"text-editor.default\">\n\t\t\t\t\t\t\t\t\t<p>Accueil &gt; \u00c0 propos de nous<\/p>\t\t\t\t\t\t\t\t<\/div>\n\t\t\t\t<div class=\"elementor-element elementor-element-442c277 elementor-widget elementor-widget-text-editor\" data-id=\"442c277\" data-element_type=\"widget\" data-e-type=\"widget\" data-widget_type=\"text-editor.default\">\n\t\t\t\t\t\t\t\t\t<h1>\u00c0 propos de nous<\/h1>\t\t\t\t\t\t\t\t<\/div>\n\t\t\t\t\t<\/div>\n\t\t\t\t<\/div>\n\t\t<div class=\"elementor-element elementor-element-54f0380 e-flex e-con-boxed e-con e-parent\" data-id=\"54f0380\" data-element_type=\"container\" data-e-type=\"container\" data-settings=\"{&quot;background_background&quot;:&quot;classic&quot;}\">\n\t\t\t\t\t<div class=\"e-con-inner\">\n\t\t<div class=\"elementor-element elementor-element-5f9da5e e-con-full e-flex e-con e-child\" data-id=\"5f9da5e\" data-element_type=\"container\" data-e-type=\"container\">\n\t\t\t\t<div class=\"elementor-element elementor-element-4ffb3c5 elementor-widget elementor-widget-text-editor\" data-id=\"4ffb3c5\" data-element_type=\"widget\" data-e-type=\"widget\" data-widget_type=\"text-editor.default\">\n\t\t\t\t\t\t\t\t\t<h6>Notre histoire<\/h6>\t\t\t\t\t\t\t\t<\/div>\n\t\t\t\t<div class=\"elementor-element elementor-element-367d908 elementor-widget elementor-widget-text-editor\" data-id=\"367d908\" data-element_type=\"widget\" data-e-type=\"widget\" data-widget_type=\"text-editor.default\">\n\t\t\t\t\t\t\t\t\t<h2>B\u00e2tir une entreprise en s\u2019appuyant sur une culture et des valeurs solides.<\/h2><p>Il y a plus de 20 ans, Concentrix a \u00e9t\u00e9 cr\u00e9\u00e9e avec quelques personnes et, depuis, elle est pass\u00e9e du statut de startup \u00e0 celui de l\u2019une des entreprises technologiques et de solutions enti\u00e8rement int\u00e9gr\u00e9es les plus respect\u00e9es au monde.<\/p><p>Aujourd\u2019hui, plus de 2 000 clients font confiance \u00e0 Concentrix dans tous les grands secteurs, y compris des marques embl\u00e9matiques du Fortune Global 500 pour lesquelles nous concevons, construisons et g\u00e9rons en toute transparence l\u2019exp\u00e9rience totale, \u00e0 grande \u00e9chelle, dans l\u2019ensemble de l\u2019entreprise.<\/p>\t\t\t\t\t\t\t\t<\/div>\n\t\t\t\t<\/div>\n\t\t<div class=\"elementor-element elementor-element-a2fd295 e-con-full e-flex e-con e-child\" data-id=\"a2fd295\" data-element_type=\"container\" data-e-type=\"container\">\n\t\t\t\t<div class=\"elementor-element elementor-element-6c9fb3b elementor-widget elementor-widget-image\" data-id=\"6c9fb3b\" data-element_type=\"widget\" data-e-type=\"widget\" data-widget_type=\"image.default\">\n\t\t\t\t\t\t\t\t\t\t\t\t\t\t\t<img fetchpriority=\"high\" decoding=\"async\" width=\"683\" height=\"1024\" src=\"https:\/\/jobs.concentrix.com\/wp-content\/uploads\/2025\/11\/AboutUs_Image1-683x1024-1.webp\" class=\"attachment-full size-full wp-image-724\" alt=\"B\u00e2tir une entreprise en s\u2019appuyant sur une culture et des valeurs solides.\" srcset=\"https:\/\/jobs.concentrix.com\/wp-content\/uploads\/2025\/11\/AboutUs_Image1-683x1024-1.webp 683w, https:\/\/jobs.concentrix.com\/wp-content\/uploads\/2025\/11\/AboutUs_Image1-683x1024-1-200x300.webp 200w\" sizes=\"(max-width: 683px) 100vw, 683px\" \/>\t\t\t\t\t\t\t\t\t\t\t\t\t\t\t<\/div>\n\t\t\t\t<\/div>\n\t\t\t\t\t<\/div>\n\t\t\t\t<\/div>\n\t\t<div class=\"elementor-element elementor-element-ffd02e9 e-flex e-con-boxed e-con e-parent\" data-id=\"ffd02e9\" data-element_type=\"container\" data-e-type=\"container\" data-settings=\"{&quot;background_background&quot;:&quot;classic&quot;}\">\n\t\t\t\t\t<div class=\"e-con-inner\">\n\t\t<div class=\"elementor-element elementor-element-0acf287 e-con-full e-flex e-con e-child\" data-id=\"0acf287\" data-element_type=\"container\" data-e-type=\"container\">\n\t\t\t\t<div class=\"elementor-element elementor-element-1b5eb5d elementor-widget elementor-widget-image\" data-id=\"1b5eb5d\" data-element_type=\"widget\" data-e-type=\"widget\" data-widget_type=\"image.default\">\n\t\t\t\t\t\t\t\t\t\t\t\t\t\t\t<img decoding=\"async\" width=\"2048\" height=\"1366\" src=\"https:\/\/jobs.concentrix.com\/wp-content\/uploads\/2025\/11\/AboutUs_Image2-2048x1366-1.webp\" class=\"attachment-full size-full wp-image-725\" alt=\"Suivre notre \u00e9toile polaire\" srcset=\"https:\/\/jobs.concentrix.com\/wp-content\/uploads\/2025\/11\/AboutUs_Image2-2048x1366-1.webp 2048w, https:\/\/jobs.concentrix.com\/wp-content\/uploads\/2025\/11\/AboutUs_Image2-2048x1366-1-300x200.webp 300w, https:\/\/jobs.concentrix.com\/wp-content\/uploads\/2025\/11\/AboutUs_Image2-2048x1366-1-1024x683.webp 1024w, https:\/\/jobs.concentrix.com\/wp-content\/uploads\/2025\/11\/AboutUs_Image2-2048x1366-1-768x512.webp 768w, https:\/\/jobs.concentrix.com\/wp-content\/uploads\/2025\/11\/AboutUs_Image2-2048x1366-1-1536x1025.webp 1536w\" sizes=\"(max-width: 2048px) 100vw, 2048px\" \/>\t\t\t\t\t\t\t\t\t\t\t\t\t\t\t<\/div>\n\t\t\t\t<\/div>\n\t\t<div class=\"elementor-element elementor-element-9430750 e-con-full e-flex e-con e-child\" data-id=\"9430750\" data-element_type=\"container\" data-e-type=\"container\">\n\t\t\t\t<div class=\"elementor-element elementor-element-2676b15 elementor-widget elementor-widget-text-editor\" data-id=\"2676b15\" data-element_type=\"widget\" data-e-type=\"widget\" data-widget_type=\"text-editor.default\">\n\t\t\t\t\t\t\t\t\t<h6>Notre vision<\/h6>\t\t\t\t\t\t\t\t<\/div>\n\t\t\t\t<div class=\"elementor-element elementor-element-541041c elementor-widget elementor-widget-text-editor\" data-id=\"541041c\" data-element_type=\"widget\" data-e-type=\"widget\" data-widget_type=\"text-editor.default\">\n\t\t\t\t\t\t\t\t\t<h2>Suivre notre \u00e9toile polaire<\/h2><section id=\"mixed_content_3\" class=\"gd-section gd-section--mixed-content section_mixed_content_3 is-color-transparent\"><div class=\"container is-middle \"><div class=\"col-two is-wysiwyg\"><p>Nous serons la plus grande entreprise au monde en mati\u00e8re d\u2019engagement des clients, riche en diversit\u00e9 et en talents, aliment\u00e9e par la cr\u00e9ativit\u00e9 et la technologie.<br><\/p><\/div><\/div><\/section><section id=\"mixed_content_4\" class=\"gd-section gd-section--mixed-content section_mixed_content_4 is-color-transparent\"><div class=\"container is-middle mobile-reverse-order \"><div class=\"col-one is-wysiwyg\"><div class=\"headlines\"> <\/div><\/div><\/div><\/section>\t\t\t\t\t\t\t\t<\/div>\n\t\t\t\t<\/div>\n\t\t\t\t\t<\/div>\n\t\t\t\t<\/div>\n\t\t<div class=\"elementor-element elementor-element-0365584 e-flex e-con-boxed e-con e-parent\" data-id=\"0365584\" data-element_type=\"container\" data-e-type=\"container\" data-settings=\"{&quot;background_background&quot;:&quot;classic&quot;}\">\n\t\t\t\t\t<div class=\"e-con-inner\">\n\t\t<div class=\"elementor-element elementor-element-1da05c0 e-con-full e-flex e-con e-child\" data-id=\"1da05c0\" data-element_type=\"container\" data-e-type=\"container\">\n\t\t\t\t<div class=\"elementor-element elementor-element-0673183 elementor-widget elementor-widget-text-editor\" data-id=\"0673183\" data-element_type=\"widget\" data-e-type=\"widget\" data-widget_type=\"text-editor.default\">\n\t\t\t\t\t\t\t\t\t<h6>Nos convictions<\/h6>\t\t\t\t\t\t\t\t<\/div>\n\t\t\t\t<div class=\"elementor-element elementor-element-d0e8939 elementor-widget elementor-widget-text-editor\" data-id=\"d0e8939\" data-element_type=\"widget\" data-e-type=\"widget\" data-widget_type=\"text-editor.default\">\n\t\t\t\t\t\t\t\t\t<h2>Notre culture est le c\u0153ur de notre identit\u00e9<\/h2><p>Nous concr\u00e9tisons notre vision \u00e0 travers notre culture d\u2019entreprise, qui va bien au-del\u00e0 de ce qui est visible sur notre site Web ou dans nos couloirs. Notre culture n\u2019est pas que de simples paroles : elle incarne les principes directeurs qui guident nos game-changers et qui influencent nos d\u00e9cisions au quotidien. <\/p>\t\t\t\t\t\t\t\t<\/div>\n\t\t\t\t<\/div>\n\t\t<div class=\"elementor-element elementor-element-f780cc4 e-con-full e-flex e-con e-child\" data-id=\"f780cc4\" data-element_type=\"container\" data-e-type=\"container\">\n\t\t\t\t<div class=\"elementor-element elementor-element-15b2746 elementor-widget elementor-widget-image\" data-id=\"15b2746\" data-element_type=\"widget\" data-e-type=\"widget\" data-widget_type=\"image.default\">\n\t\t\t\t\t\t\t\t\t\t\t\t\t\t\t<img decoding=\"async\" width=\"2048\" height=\"1367\" src=\"https:\/\/jobs.concentrix.com\/wp-content\/uploads\/2025\/11\/AboutUs3.webp\" class=\"attachment-full size-full wp-image-726\" alt=\"Notre culture est le c\u0153ur de notre identit\u00e9\" srcset=\"https:\/\/jobs.concentrix.com\/wp-content\/uploads\/2025\/11\/AboutUs3.webp 2048w, https:\/\/jobs.concentrix.com\/wp-content\/uploads\/2025\/11\/AboutUs3-300x200.webp 300w, https:\/\/jobs.concentrix.com\/wp-content\/uploads\/2025\/11\/AboutUs3-1024x684.webp 1024w, https:\/\/jobs.concentrix.com\/wp-content\/uploads\/2025\/11\/AboutUs3-768x513.webp 768w, https:\/\/jobs.concentrix.com\/wp-content\/uploads\/2025\/11\/AboutUs3-1536x1025.webp 1536w\" sizes=\"(max-width: 2048px) 100vw, 2048px\" \/>\t\t\t\t\t\t\t\t\t\t\t\t\t\t\t<\/div>\n\t\t\t\t<\/div>\n\t\t\t\t\t<\/div>\n\t\t\t\t<\/div>\n\t\t<div class=\"elementor-element elementor-element-904d443 e-flex e-con-boxed e-con e-parent\" data-id=\"904d443\" data-element_type=\"container\" data-e-type=\"container\" data-settings=\"{&quot;background_background&quot;:&quot;classic&quot;}\">\n\t\t\t\t\t<div class=\"e-con-inner\">\n\t\t<div class=\"elementor-element elementor-element-6d7e8e5 e-con-full e-flex e-con e-child\" data-id=\"6d7e8e5\" data-element_type=\"container\" data-e-type=\"container\">\n\t\t\t\t<div class=\"elementor-element elementor-element-afeb097 elementor-widget elementor-widget-image\" data-id=\"afeb097\" data-element_type=\"widget\" data-e-type=\"widget\" data-widget_type=\"image.default\">\n\t\t\t\t\t\t\t\t\t\t\t\t\t\t\t<img loading=\"lazy\" decoding=\"async\" width=\"580\" height=\"700\" src=\"https:\/\/jobs.concentrix.com\/wp-content\/uploads\/2025\/12\/AboutUs_Image4.webp\" class=\"attachment-full size-full wp-image-727\" alt=\"Notre philosophie de fonctionnement\" srcset=\"https:\/\/jobs.concentrix.com\/wp-content\/uploads\/2025\/12\/AboutUs_Image4.webp 580w, https:\/\/jobs.concentrix.com\/wp-content\/uploads\/2025\/12\/AboutUs_Image4-249x300.webp 249w\" sizes=\"(max-width: 580px) 100vw, 580px\" \/>\t\t\t\t\t\t\t\t\t\t\t\t\t\t\t<\/div>\n\t\t\t\t<\/div>\n\t\t<div class=\"elementor-element elementor-element-9c2de81 e-con-full e-flex e-con e-child\" data-id=\"9c2de81\" data-element_type=\"container\" data-e-type=\"container\">\n\t\t\t\t<div class=\"elementor-element elementor-element-3ae6d26 elementor-widget elementor-widget-text-editor\" data-id=\"3ae6d26\" data-element_type=\"widget\" data-e-type=\"widget\" data-widget_type=\"text-editor.default\">\n\t\t\t\t\t\t\t\t\t<h6 class=\"h6\">Notre philosophie de fonctionnement<\/h6>\t\t\t\t\t\t\t\t<\/div>\n\t\t\t\t<div class=\"elementor-element elementor-element-78908bb elementor-widget elementor-widget-text-editor\" data-id=\"78908bb\" data-element_type=\"widget\" data-e-type=\"widget\" data-widget_type=\"text-editor.default\">\n\t\t\t\t\t\t\t\t\t<h2>Visibilit\u00e9, v\u00e9locit\u00e9, valeur<\/h2><p>Trois principes guident notre fonctionnement d\u2019entreprise.<\/p><p><strong>La visibilit\u00e9<\/strong> dans toute l\u2019organisation nous permet de rapidement identifier et traiter les probl\u00e8mes et les opportunit\u00e9s.<\/p><p><strong>La rapidit\u00e9 <\/strong>nous permet de nous adapter rapidement et d\u2019anticiper les changements qui surviennent sur le march\u00e9 et dans les activit\u00e9s de nos clients.<\/p><p><strong>La valeur<\/strong> pour nos game-changers, nos clients et nos actionnaires est consid\u00e9r\u00e9e constamment dans tout ce que nous faisons.<br><\/p>\t\t\t\t\t\t\t\t<\/div>\n\t\t\t\t<\/div>\n\t\t\t\t\t<\/div>\n\t\t\t\t<\/div>\n\t\t\t\t<\/div>\n\t\t","protected":false},"excerpt":{"rendered":"<p>Accueil &gt; \u00c0 propos de nous \u00c0 propos de nous Notre histoire B\u00e2tir une entreprise en s\u2019appuyant sur une culture et des valeurs solides. Il y a plus de 20 ans, Concentrix a \u00e9t\u00e9 cr\u00e9\u00e9e avec quelques personnes et, depuis, elle est pass\u00e9e du statut de startup \u00e0 celui de l\u2019une des entreprises technologiques et [&hellip;]<\/p>\n","protected":false},"author":2,"featured_media":199,"parent":0,"menu_order":0,"comment_status":"closed","ping_status":"closed","template":"","meta":{"_acf_changed":false,"footnotes":""},"class_list":["post-792","page","type-page","status-publish","has-post-thumbnail","hentry"],"acf":[],"yoast_head":"<!-- This site is optimized with the Yoast SEO Premium plugin v26.6 (Yoast SEO v27.0) - https:\/\/yoast.com\/product\/yoast-seo-premium-wordpress\/ -->\n<title>Build Your Career at Concentrix - Become a Game Changer<\/title>\n<meta name=\"description\" content=\"Concentrix Career is where you come to make change happen. When you join us, you are encouraged to design your own career.\" \/>\n<meta name=\"robots\" content=\"index, follow, max-snippet:-1, max-image-preview:large, max-video-preview:-1\" \/>\n<link rel=\"canonical\" href=\"https:\/\/jobs.concentrix.com\/fr\/about-us\/\" \/>\n<meta property=\"og:locale\" content=\"fr_FR\" \/>\n<meta property=\"og:type\" content=\"article\" \/>\n<meta property=\"og:title\" content=\"Build Your Career at Concentrix - Become a Game Changer\" \/>\n<meta property=\"og:description\" content=\"Concentrix Career is where you come to make change happen. When you join us, you are encouraged to design your own career.\" \/>\n<meta property=\"og:url\" content=\"https:\/\/jobs.concentrix.com\/fr\/about-us\/\" \/>\n<meta property=\"og:site_name\" content=\"Concentrix Careers\" \/>\n<meta property=\"article:publisher\" content=\"https:\/\/www.facebook.com\/Concentrix-153770504699665\" \/>\n<meta property=\"article:modified_time\" content=\"2026-02-01T17:04:27+00:00\" \/>\n<meta property=\"og:image\" content=\"https:\/\/jobs.concentrix.com\/wp-content\/uploads\/2025\/11\/preview-concentrix-careers.png\" \/>\n<meta name=\"twitter:card\" content=\"summary_large_image\" \/>\n<meta name=\"twitter:title\" content=\"Build Your Career at Concentrix - Become a Game Changer\" \/>\n<meta name=\"twitter:description\" content=\"Concentrix Career is where you come to make change happen. When you join us, you are encouraged to design your own career.\" \/>\n<meta name=\"twitter:image\" content=\"https:\/\/jobs.concentrix.com\/wp-content\/uploads\/2025\/11\/preview-concentrix-careers.png\" \/>\n<meta name=\"twitter:site\" content=\"@concentrix\" \/>\n<meta name=\"twitter:label1\" content=\"Dur\u00e9e de lecture estim\u00e9e\" \/>\n\t<meta name=\"twitter:data1\" content=\"1 minute\" \/>\n<script type=\"application\/ld+json\" class=\"yoast-schema-graph\">{\"@context\":\"https:\/\/schema.org\",\"@graph\":[{\"@type\":\"WebPage\",\"@id\":\"https:\/\/jobs.concentrix.com\/fr\/about-us\/\",\"url\":\"https:\/\/jobs.concentrix.com\/fr\/about-us\/\",\"name\":\"Build Your Career at Concentrix - Become a Game Changer\",\"isPartOf\":{\"@id\":\"https:\/\/jobs.concentrix.com\/fr\/#website\"},\"primaryImageOfPage\":{\"@id\":\"https:\/\/jobs.concentrix.com\/fr\/about-us\/#primaryimage\"},\"image\":{\"@id\":\"https:\/\/jobs.concentrix.com\/fr\/about-us\/#primaryimage\"},\"thumbnailUrl\":\"https:\/\/jobs.concentrix.com\/wp-content\/uploads\/2025\/11\/preview-concentrix-careers.png\",\"datePublished\":\"2025-11-10T20:21:39+00:00\",\"dateModified\":\"2026-02-01T17:04:27+00:00\",\"description\":\"Concentrix Career is where you come to make change happen. When you join us, you are encouraged to design your own career.\",\"breadcrumb\":{\"@id\":\"https:\/\/jobs.concentrix.com\/fr\/about-us\/#breadcrumb\"},\"inLanguage\":\"fr-FR\",\"potentialAction\":[{\"@type\":\"ReadAction\",\"target\":[\"https:\/\/jobs.concentrix.com\/fr\/about-us\/\"]}]},{\"@type\":\"ImageObject\",\"inLanguage\":\"fr-FR\",\"@id\":\"https:\/\/jobs.concentrix.com\/fr\/about-us\/#primaryimage\",\"url\":\"https:\/\/jobs.concentrix.com\/wp-content\/uploads\/2025\/11\/preview-concentrix-careers.png\",\"contentUrl\":\"https:\/\/jobs.concentrix.com\/wp-content\/uploads\/2025\/11\/preview-concentrix-careers.png\",\"width\":960,\"height\":505,\"caption\":\"Concentrix Careers\"},{\"@type\":\"BreadcrumbList\",\"@id\":\"https:\/\/jobs.concentrix.com\/fr\/about-us\/#breadcrumb\",\"itemListElement\":[{\"@type\":\"ListItem\",\"position\":1,\"name\":\"Home\",\"item\":\"https:\/\/jobs.concentrix.com\/fr\/\"},{\"@type\":\"ListItem\",\"position\":2,\"name\":\"\u00c0 propos de nous\"}]},{\"@type\":\"WebSite\",\"@id\":\"https:\/\/jobs.concentrix.com\/fr\/#website\",\"url\":\"https:\/\/jobs.concentrix.com\/fr\/\",\"name\":\"Concentrix Careers\",\"description\":\"\",\"publisher\":{\"@id\":\"https:\/\/jobs.concentrix.com\/fr\/#organization\"},\"potentialAction\":[{\"@type\":\"SearchAction\",\"target\":{\"@type\":\"EntryPoint\",\"urlTemplate\":\"https:\/\/jobs.concentrix.com\/fr\/?s={search_term_string}\"},\"query-input\":{\"@type\":\"PropertyValueSpecification\",\"valueRequired\":true,\"valueName\":\"search_term_string\"}}],\"inLanguage\":\"fr-FR\"},{\"@type\":\"Organization\",\"@id\":\"https:\/\/jobs.concentrix.com\/fr\/#organization\",\"name\":\"Concentrix Careers\",\"url\":\"https:\/\/jobs.concentrix.com\/fr\/\",\"logo\":{\"@type\":\"ImageObject\",\"inLanguage\":\"fr-FR\",\"@id\":\"https:\/\/jobs.concentrix.com\/fr\/#\/schema\/logo\/image\/\",\"url\":\"https:\/\/jobs.concentrix.com\/wp-content\/uploads\/2025\/11\/preview-concentrix-careers.png\",\"contentUrl\":\"https:\/\/jobs.concentrix.com\/wp-content\/uploads\/2025\/11\/preview-concentrix-careers.png\",\"width\":960,\"height\":505,\"caption\":\"Concentrix Careers\"},\"image\":{\"@id\":\"https:\/\/jobs.concentrix.com\/fr\/#\/schema\/logo\/image\/\"},\"sameAs\":[\"https:\/\/www.facebook.com\/Concentrix-153770504699665\",\"https:\/\/x.com\/concentrix\"]}]}<\/script>\n<!-- \/ Yoast SEO Premium plugin. -->","yoast_head_json":{"title":"Build Your Career at Concentrix - Become a Game Changer","description":"Concentrix Career is where you come to make change happen. When you join us, you are encouraged to design your own career.","robots":{"index":"index","follow":"follow","max-snippet":"max-snippet:-1","max-image-preview":"max-image-preview:large","max-video-preview":"max-video-preview:-1"},"canonical":"https:\/\/jobs.concentrix.com\/fr\/about-us\/","og_locale":"fr_FR","og_type":"article","og_title":"Build Your Career at Concentrix - Become a Game Changer","og_description":"Concentrix Career is where you come to make change happen. When you join us, you are encouraged to design your own career.","og_url":"https:\/\/jobs.concentrix.com\/fr\/about-us\/","og_site_name":"Concentrix Careers","article_publisher":"https:\/\/www.facebook.com\/Concentrix-153770504699665","article_modified_time":"2026-02-01T17:04:27+00:00","og_image":[{"url":"https:\/\/jobs.concentrix.com\/wp-content\/uploads\/2025\/11\/preview-concentrix-careers.png","type":"","width":"","height":""}],"twitter_card":"summary_large_image","twitter_title":"Build Your Career at Concentrix - Become a Game Changer","twitter_description":"Concentrix Career is where you come to make change happen. When you join us, you are encouraged to design your own career.","twitter_image":"https:\/\/jobs.concentrix.com\/wp-content\/uploads\/2025\/11\/preview-concentrix-careers.png","twitter_site":"@concentrix","twitter_misc":{"Dur\u00e9e de lecture estim\u00e9e":"1 minute"},"schema":{"@context":"https:\/\/schema.org","@graph":[{"@type":"WebPage","@id":"https:\/\/jobs.concentrix.com\/fr\/about-us\/","url":"https:\/\/jobs.concentrix.com\/fr\/about-us\/","name":"Build Your Career at Concentrix - Become a Game Changer","isPartOf":{"@id":"https:\/\/jobs.concentrix.com\/fr\/#website"},"primaryImageOfPage":{"@id":"https:\/\/jobs.concentrix.com\/fr\/about-us\/#primaryimage"},"image":{"@id":"https:\/\/jobs.concentrix.com\/fr\/about-us\/#primaryimage"},"thumbnailUrl":"https:\/\/jobs.concentrix.com\/wp-content\/uploads\/2025\/11\/preview-concentrix-careers.png","datePublished":"2025-11-10T20:21:39+00:00","dateModified":"2026-02-01T17:04:27+00:00","description":"Concentrix Career is where you come to make change happen. When you join us, you are encouraged to design your own career.","breadcrumb":{"@id":"https:\/\/jobs.concentrix.com\/fr\/about-us\/#breadcrumb"},"inLanguage":"fr-FR","potentialAction":[{"@type":"ReadAction","target":["https:\/\/jobs.concentrix.com\/fr\/about-us\/"]}]},{"@type":"ImageObject","inLanguage":"fr-FR","@id":"https:\/\/jobs.concentrix.com\/fr\/about-us\/#primaryimage","url":"https:\/\/jobs.concentrix.com\/wp-content\/uploads\/2025\/11\/preview-concentrix-careers.png","contentUrl":"https:\/\/jobs.concentrix.com\/wp-content\/uploads\/2025\/11\/preview-concentrix-careers.png","width":960,"height":505,"caption":"Concentrix Careers"},{"@type":"BreadcrumbList","@id":"https:\/\/jobs.concentrix.com\/fr\/about-us\/#breadcrumb","itemListElement":[{"@type":"ListItem","position":1,"name":"Home","item":"https:\/\/jobs.concentrix.com\/fr\/"},{"@type":"ListItem","position":2,"name":"\u00c0 propos de nous"}]},{"@type":"WebSite","@id":"https:\/\/jobs.concentrix.com\/fr\/#website","url":"https:\/\/jobs.concentrix.com\/fr\/","name":"Concentrix Careers","description":"","publisher":{"@id":"https:\/\/jobs.concentrix.com\/fr\/#organization"},"potentialAction":[{"@type":"SearchAction","target":{"@type":"EntryPoint","urlTemplate":"https:\/\/jobs.concentrix.com\/fr\/?s={search_term_string}"},"query-input":{"@type":"PropertyValueSpecification","valueRequired":true,"valueName":"search_term_string"}}],"inLanguage":"fr-FR"},{"@type":"Organization","@id":"https:\/\/jobs.concentrix.com\/fr\/#organization","name":"Concentrix Careers","url":"https:\/\/jobs.concentrix.com\/fr\/","logo":{"@type":"ImageObject","inLanguage":"fr-FR","@id":"https:\/\/jobs.concentrix.com\/fr\/#\/schema\/logo\/image\/","url":"https:\/\/jobs.concentrix.com\/wp-content\/uploads\/2025\/11\/preview-concentrix-careers.png","contentUrl":"https:\/\/jobs.concentrix.com\/wp-content\/uploads\/2025\/11\/preview-concentrix-careers.png","width":960,"height":505,"caption":"Concentrix Careers"},"image":{"@id":"https:\/\/jobs.concentrix.com\/fr\/#\/schema\/logo\/image\/"},"sameAs":["https:\/\/www.facebook.com\/Concentrix-153770504699665","https:\/\/x.com\/concentrix"]}]}},"_links":{"self":[{"href":"https:\/\/jobs.concentrix.com\/fr\/wp-json\/wp\/v2\/pages\/792","targetHints":{"allow":["GET"]}}],"collection":[{"href":"https:\/\/jobs.concentrix.com\/fr\/wp-json\/wp\/v2\/pages"}],"about":[{"href":"https:\/\/jobs.concentrix.com\/fr\/wp-json\/wp\/v2\/types\/page"}],"author":[{"embeddable":true,"href":"https:\/\/jobs.concentrix.com\/fr\/wp-json\/wp\/v2\/users\/2"}],"replies":[{"embeddable":true,"href":"https:\/\/jobs.concentrix.com\/fr\/wp-json\/wp\/v2\/comments?post=792"}],"version-history":[{"count":0,"href":"https:\/\/jobs.concentrix.com\/fr\/wp-json\/wp\/v2\/pages\/792\/revisions"}],"wp:featuredmedia":[{"embeddable":true,"href":"https:\/\/jobs.concentrix.com\/fr\/wp-json\/wp\/v2\/media\/199"}],"wp:attachment":[{"href":"https:\/\/jobs.concentrix.com\/fr\/wp-json\/wp\/v2\/media?parent=792"}],"curies":[{"name":"wp","href":"https:\/\/api.w.org\/{rel}","templated":true}]}}