{"id":837,"date":"2025-11-10T15:21:39","date_gmt":"2025-11-10T20:21:39","guid":{"rendered":"https:\/\/jobs.concentrix.com\/about-us\/"},"modified":"2026-01-19T17:13:26","modified_gmt":"2026-01-19T22:13:26","slug":"about-us","status":"publish","type":"page","link":"https:\/\/jobs.concentrix.com\/pt-br\/about-us\/","title":{"rendered":"Sobre n\u00f3s"},"content":{"rendered":"\t\t<div data-elementor-type=\"wp-page\" data-elementor-id=\"837\" class=\"elementor elementor-837 elementor-21\" data-elementor-post-type=\"page\">\n\t\t\t\t<div class=\"elementor-element elementor-element-67c07ac e-flex e-con-boxed e-con e-parent\" data-id=\"67c07ac\" data-element_type=\"container\" data-e-type=\"container\" data-settings=\"{&quot;background_background&quot;:&quot;classic&quot;}\">\n\t\t\t\t\t<div class=\"e-con-inner\">\n\t\t\t\t<div class=\"elementor-element elementor-element-a6bff56 elementor-widget elementor-widget-text-editor\" data-id=\"a6bff56\" data-element_type=\"widget\" data-e-type=\"widget\" data-widget_type=\"text-editor.default\">\n\t\t\t\t\t\t\t\t\tIn\u00edcio &gt; Sobre n\u00f3s\t\t\t\t\t\t\t\t<\/div>\n\t\t\t\t<div class=\"elementor-element elementor-element-442c277 elementor-widget elementor-widget-text-editor\" data-id=\"442c277\" data-element_type=\"widget\" data-e-type=\"widget\" data-widget_type=\"text-editor.default\">\n\t\t\t\t\t\t\t\t\t<h1>Sobre n\u00f3s<\/h1>\t\t\t\t\t\t\t\t<\/div>\n\t\t\t\t\t<\/div>\n\t\t\t\t<\/div>\n\t\t<div class=\"elementor-element elementor-element-54f0380 e-flex e-con-boxed e-con e-parent\" data-id=\"54f0380\" data-element_type=\"container\" data-e-type=\"container\" data-settings=\"{&quot;background_background&quot;:&quot;classic&quot;}\">\n\t\t\t\t\t<div class=\"e-con-inner\">\n\t\t<div class=\"elementor-element elementor-element-5f9da5e e-con-full e-flex e-con e-child\" data-id=\"5f9da5e\" data-element_type=\"container\" data-e-type=\"container\">\n\t\t\t\t<div class=\"elementor-element elementor-element-4ffb3c5 elementor-widget elementor-widget-text-editor\" data-id=\"4ffb3c5\" data-element_type=\"widget\" data-e-type=\"widget\" data-widget_type=\"text-editor.default\">\n\t\t\t\t\t\t\t\t\t<h6>Nossa hist\u00f3ria<\/h6>\t\t\t\t\t\t\t\t<\/div>\n\t\t\t\t<div class=\"elementor-element elementor-element-367d908 elementor-widget elementor-widget-text-editor\" data-id=\"367d908\" data-element_type=\"widget\" data-e-type=\"widget\" data-widget_type=\"text-editor.default\">\n\t\t\t\t\t\t\t\t\t<h2>Construir uma empresa com uma base s\u00f3lida de cultura e valores.<\/h2><p>A Concentrix foi fundada h\u00e1 mais de 20 anos por poucas pessoas e, desde ent\u00e3o, evoluiu de uma startup com recursos limitados para uma das empresas de tecnologia com solu\u00e7\u00f5es totalmente integradas mais respeitadas do mundo.<\/p><p>Hoje, a Concentrix tem a confian\u00e7a de mais de 2.000 clientes em todos os principais setores, incluindo marcas reconhecidas pela Fortune Global 500, para as quais projetamos, constru\u00edmos e administramos a experi\u00eancia completa, em todas as etapas do processo na empresa.<\/p>\t\t\t\t\t\t\t\t<\/div>\n\t\t\t\t<\/div>\n\t\t<div class=\"elementor-element elementor-element-a2fd295 e-con-full e-flex e-con e-child\" data-id=\"a2fd295\" data-element_type=\"container\" data-e-type=\"container\">\n\t\t\t\t<div class=\"elementor-element elementor-element-6c9fb3b elementor-widget elementor-widget-image\" data-id=\"6c9fb3b\" data-element_type=\"widget\" data-e-type=\"widget\" data-widget_type=\"image.default\">\n\t\t\t\t\t\t\t\t\t\t\t\t\t\t\t<img fetchpriority=\"high\" decoding=\"async\" width=\"683\" height=\"1024\" src=\"https:\/\/jobs.concentrix.com\/wp-content\/uploads\/2025\/11\/AboutUs_Image1-683x1024-1.webp\" class=\"attachment-full size-full wp-image-833\" alt=\"Construir uma empresa com uma base s\u00f3lida de cultura e valores.\" srcset=\"https:\/\/jobs.concentrix.com\/wp-content\/uploads\/2025\/11\/AboutUs_Image1-683x1024-1.webp 683w, https:\/\/jobs.concentrix.com\/wp-content\/uploads\/2025\/11\/AboutUs_Image1-683x1024-1-200x300.webp 200w\" sizes=\"(max-width: 683px) 100vw, 683px\" \/>\t\t\t\t\t\t\t\t\t\t\t\t\t\t\t<\/div>\n\t\t\t\t<\/div>\n\t\t\t\t\t<\/div>\n\t\t\t\t<\/div>\n\t\t<div class=\"elementor-element elementor-element-ffd02e9 e-flex e-con-boxed e-con e-parent\" data-id=\"ffd02e9\" data-element_type=\"container\" data-e-type=\"container\" data-settings=\"{&quot;background_background&quot;:&quot;classic&quot;}\">\n\t\t\t\t\t<div class=\"e-con-inner\">\n\t\t<div class=\"elementor-element elementor-element-0acf287 e-con-full e-flex e-con e-child\" data-id=\"0acf287\" data-element_type=\"container\" data-e-type=\"container\">\n\t\t\t\t<div class=\"elementor-element elementor-element-1b5eb5d elementor-widget elementor-widget-image\" data-id=\"1b5eb5d\" data-element_type=\"widget\" data-e-type=\"widget\" data-widget_type=\"image.default\">\n\t\t\t\t\t\t\t\t\t\t\t\t\t\t\t<img decoding=\"async\" width=\"2048\" height=\"1366\" src=\"https:\/\/jobs.concentrix.com\/wp-content\/uploads\/2025\/11\/AboutUs_Image2-2048x1366-1.webp\" class=\"attachment-full size-full wp-image-834\" alt=\"Seguindo nossa Estrela Guia\" srcset=\"https:\/\/jobs.concentrix.com\/wp-content\/uploads\/2025\/11\/AboutUs_Image2-2048x1366-1.webp 2048w, https:\/\/jobs.concentrix.com\/wp-content\/uploads\/2025\/11\/AboutUs_Image2-2048x1366-1-300x200.webp 300w, https:\/\/jobs.concentrix.com\/wp-content\/uploads\/2025\/11\/AboutUs_Image2-2048x1366-1-1024x683.webp 1024w, https:\/\/jobs.concentrix.com\/wp-content\/uploads\/2025\/11\/AboutUs_Image2-2048x1366-1-768x512.webp 768w, https:\/\/jobs.concentrix.com\/wp-content\/uploads\/2025\/11\/AboutUs_Image2-2048x1366-1-1536x1025.webp 1536w\" sizes=\"(max-width: 2048px) 100vw, 2048px\" \/>\t\t\t\t\t\t\t\t\t\t\t\t\t\t\t<\/div>\n\t\t\t\t<\/div>\n\t\t<div class=\"elementor-element elementor-element-9430750 e-con-full e-flex e-con e-child\" data-id=\"9430750\" data-element_type=\"container\" data-e-type=\"container\">\n\t\t\t\t<div class=\"elementor-element elementor-element-2676b15 elementor-widget elementor-widget-text-editor\" data-id=\"2676b15\" data-element_type=\"widget\" data-e-type=\"widget\" data-widget_type=\"text-editor.default\">\n\t\t\t\t\t\t\t\t\t<h6>Nossa vis\u00e3o<\/h6>\t\t\t\t\t\t\t\t<\/div>\n\t\t\t\t<div class=\"elementor-element elementor-element-541041c elementor-widget elementor-widget-text-editor\" data-id=\"541041c\" data-element_type=\"widget\" data-e-type=\"widget\" data-widget_type=\"text-editor.default\">\n\t\t\t\t\t\t\t\t\t<h2>Seguindo nossa Estrela Guia<\/h2><section id=\"mixed_content_3\" class=\"gd-section gd-section--mixed-content section_mixed_content_3 is-color-transparent\"><div class=\"container is-middle \"><div class=\"col-two is-wysiwyg\"><p>Seremos a maior empresa de engajamento de clientes do mundo, rica em diversidade e talento \u2014 movida por criatividade e tecnologia.<\/p><\/div><\/div><\/section><section id=\"mixed_content_4\" class=\"gd-section gd-section--mixed-content section_mixed_content_4 is-color-transparent\"><div class=\"container is-middle mobile-reverse-order \"><div class=\"col-one is-wysiwyg\"><div class=\"headlines\"> <\/div><\/div><\/div><\/section>\t\t\t\t\t\t\t\t<\/div>\n\t\t\t\t<\/div>\n\t\t\t\t\t<\/div>\n\t\t\t\t<\/div>\n\t\t<div class=\"elementor-element elementor-element-0365584 e-flex e-con-boxed e-con e-parent\" data-id=\"0365584\" data-element_type=\"container\" data-e-type=\"container\" data-settings=\"{&quot;background_background&quot;:&quot;classic&quot;}\">\n\t\t\t\t\t<div class=\"e-con-inner\">\n\t\t<div class=\"elementor-element elementor-element-1da05c0 e-con-full e-flex e-con e-child\" data-id=\"1da05c0\" data-element_type=\"container\" data-e-type=\"container\">\n\t\t\t\t<div class=\"elementor-element elementor-element-0673183 elementor-widget elementor-widget-text-editor\" data-id=\"0673183\" data-element_type=\"widget\" data-e-type=\"widget\" data-widget_type=\"text-editor.default\">\n\t\t\t\t\t\t\t\t\t<h6>Nossas cren\u00e7as<\/h6>\t\t\t\t\t\t\t\t<\/div>\n\t\t\t\t<div class=\"elementor-element elementor-element-d0e8939 elementor-widget elementor-widget-text-editor\" data-id=\"d0e8939\" data-element_type=\"widget\" data-e-type=\"widget\" data-widget_type=\"text-editor.default\">\n\t\t\t\t\t\t\t\t\t<h2>A nossa cultura \u00e9 o cora\u00e7\u00e3o da nossa empresa<\/h2><p>Concretizamos a nossa vis\u00e3o por meio da cultura da empresa, algo que vai muito al\u00e9m do que se v\u00ea no nosso site e nos nossos corredores. A nossa cultura n\u00e3o s\u00e3o apenas palavras \u2013 s\u00e3o princ\u00edpios fundamentais que orientam a vida e as decis\u00f5es de nossos game-changers diariamente. <\/p>\t\t\t\t\t\t\t\t<\/div>\n\t\t\t\t<\/div>\n\t\t<div class=\"elementor-element elementor-element-f780cc4 e-con-full e-flex e-con e-child\" data-id=\"f780cc4\" data-element_type=\"container\" data-e-type=\"container\">\n\t\t\t\t<div class=\"elementor-element elementor-element-15b2746 elementor-widget elementor-widget-image\" data-id=\"15b2746\" data-element_type=\"widget\" data-e-type=\"widget\" data-widget_type=\"image.default\">\n\t\t\t\t\t\t\t\t\t\t\t\t\t\t\t<img decoding=\"async\" width=\"2048\" height=\"1367\" src=\"https:\/\/jobs.concentrix.com\/wp-content\/uploads\/2025\/11\/AboutUs3.webp\" class=\"attachment-full size-full wp-image-835\" alt=\"A nossa cultura \u00e9 o cora\u00e7\u00e3o da nossa empresa\" srcset=\"https:\/\/jobs.concentrix.com\/wp-content\/uploads\/2025\/11\/AboutUs3.webp 2048w, https:\/\/jobs.concentrix.com\/wp-content\/uploads\/2025\/11\/AboutUs3-300x200.webp 300w, https:\/\/jobs.concentrix.com\/wp-content\/uploads\/2025\/11\/AboutUs3-1024x684.webp 1024w, https:\/\/jobs.concentrix.com\/wp-content\/uploads\/2025\/11\/AboutUs3-768x513.webp 768w, https:\/\/jobs.concentrix.com\/wp-content\/uploads\/2025\/11\/AboutUs3-1536x1025.webp 1536w\" sizes=\"(max-width: 2048px) 100vw, 2048px\" \/>\t\t\t\t\t\t\t\t\t\t\t\t\t\t\t<\/div>\n\t\t\t\t<\/div>\n\t\t\t\t\t<\/div>\n\t\t\t\t<\/div>\n\t\t<div class=\"elementor-element elementor-element-904d443 e-flex e-con-boxed e-con e-parent\" data-id=\"904d443\" data-element_type=\"container\" data-e-type=\"container\" data-settings=\"{&quot;background_background&quot;:&quot;classic&quot;}\">\n\t\t\t\t\t<div class=\"e-con-inner\">\n\t\t<div class=\"elementor-element elementor-element-6d7e8e5 e-con-full e-flex e-con e-child\" data-id=\"6d7e8e5\" data-element_type=\"container\" data-e-type=\"container\">\n\t\t\t\t<div class=\"elementor-element elementor-element-afeb097 elementor-widget elementor-widget-image\" data-id=\"afeb097\" data-element_type=\"widget\" data-e-type=\"widget\" data-widget_type=\"image.default\">\n\t\t\t\t\t\t\t\t\t\t\t\t\t\t\t<img loading=\"lazy\" decoding=\"async\" width=\"580\" height=\"700\" src=\"https:\/\/jobs.concentrix.com\/wp-content\/uploads\/2025\/12\/AboutUs_Image4.webp\" class=\"attachment-full size-full wp-image-836\" alt=\"Nossa filosofia operacional\" srcset=\"https:\/\/jobs.concentrix.com\/wp-content\/uploads\/2025\/12\/AboutUs_Image4.webp 580w, https:\/\/jobs.concentrix.com\/wp-content\/uploads\/2025\/12\/AboutUs_Image4-249x300.webp 249w\" sizes=\"(max-width: 580px) 100vw, 580px\" \/>\t\t\t\t\t\t\t\t\t\t\t\t\t\t\t<\/div>\n\t\t\t\t<\/div>\n\t\t<div class=\"elementor-element elementor-element-9c2de81 e-con-full e-flex e-con e-child\" data-id=\"9c2de81\" data-element_type=\"container\" data-e-type=\"container\">\n\t\t\t\t<div class=\"elementor-element elementor-element-3ae6d26 elementor-widget elementor-widget-text-editor\" data-id=\"3ae6d26\" data-element_type=\"widget\" data-e-type=\"widget\" data-widget_type=\"text-editor.default\">\n\t\t\t\t\t\t\t\t\t<h6 class=\"h6\">Nossa filosofia operacional<\/h6>\t\t\t\t\t\t\t\t<\/div>\n\t\t\t\t<div class=\"elementor-element elementor-element-78908bb elementor-widget elementor-widget-text-editor\" data-id=\"78908bb\" data-element_type=\"widget\" data-e-type=\"widget\" data-widget_type=\"text-editor.default\">\n\t\t\t\t\t\t\t\t\t<h2>Visibilidade,Velocidade e Valor<\/h2><p>Tr\u00eas princ\u00edpios guiam como funcionamos enquanto empresa.<\/p><p><strong>A Visibilidade<\/strong> de toda a empresa nos permite detectar e abordar rapidamente os problemas e as oportunidades.<\/p><p><strong>A Velocidade<\/strong> nos permite adaptar e prever rapidamente as mudan\u00e7as no Marketplace e nos neg\u00f3cios de nossos clientes.<\/p><p><strong>A Valoriza\u00e7\u00e3o<\/strong> de nossos game-changers, clientes e acionistas \u00e9 considerada e preservada em tudo o que fazemos.<\/p>\t\t\t\t\t\t\t\t<\/div>\n\t\t\t\t<\/div>\n\t\t\t\t\t<\/div>\n\t\t\t\t<\/div>\n\t\t\t\t<\/div>\n\t\t","protected":false},"excerpt":{"rendered":"<p>In\u00edcio &gt; Sobre n\u00f3s Sobre n\u00f3s Nossa hist\u00f3ria Construir uma empresa com uma base s\u00f3lida de cultura e valores. A Concentrix foi fundada h\u00e1 mais de 20 anos por poucas pessoas e, desde ent\u00e3o, evoluiu de uma startup com recursos limitados para uma das empresas de tecnologia com solu\u00e7\u00f5es totalmente integradas mais respeitadas do mundo. [&hellip;]<\/p>\n","protected":false},"author":2,"featured_media":207,"parent":0,"menu_order":0,"comment_status":"closed","ping_status":"closed","template":"","meta":{"_acf_changed":false,"footnotes":""},"class_list":["post-837","page","type-page","status-publish","has-post-thumbnail","hentry"],"acf":[],"yoast_head":"<!-- This site is optimized with the Yoast SEO Premium plugin v26.6 (Yoast SEO v27.0) - https:\/\/yoast.com\/product\/yoast-seo-premium-wordpress\/ -->\n<title>Build Your Career at Concentrix - Become a Game Changer<\/title>\n<meta name=\"description\" content=\"Concentrix Career is where you come to make change happen. When you join us, you are encouraged to design your own career.\" \/>\n<meta name=\"robots\" content=\"index, follow, max-snippet:-1, max-image-preview:large, max-video-preview:-1\" \/>\n<link rel=\"canonical\" href=\"https:\/\/jobs.concentrix.com\/pt-br\/about-us\/\" \/>\n<meta property=\"og:locale\" content=\"pt_BR\" \/>\n<meta property=\"og:type\" content=\"article\" \/>\n<meta property=\"og:title\" content=\"Build Your Career at Concentrix - Become a Game Changer\" \/>\n<meta property=\"og:description\" content=\"Concentrix Career is where you come to make change happen. When you join us, you are encouraged to design your own career.\" \/>\n<meta property=\"og:url\" content=\"https:\/\/jobs.concentrix.com\/pt-br\/about-us\/\" \/>\n<meta property=\"og:site_name\" content=\"Concentrix Careers\" \/>\n<meta property=\"article:publisher\" content=\"https:\/\/www.facebook.com\/Concentrix-153770504699665\" \/>\n<meta property=\"article:modified_time\" content=\"2026-01-19T22:13:26+00:00\" \/>\n<meta property=\"og:image\" content=\"https:\/\/jobs.concentrix.com\/wp-content\/uploads\/2025\/11\/preview-concentrix-careers.png\" \/>\n<meta name=\"twitter:card\" content=\"summary_large_image\" \/>\n<meta name=\"twitter:title\" content=\"Build Your Career at Concentrix - Become a Game Changer\" \/>\n<meta name=\"twitter:description\" content=\"Concentrix Career is where you come to make change happen. When you join us, you are encouraged to design your own career.\" \/>\n<meta name=\"twitter:image\" content=\"https:\/\/jobs.concentrix.com\/wp-content\/uploads\/2025\/11\/preview-concentrix-careers.png\" \/>\n<meta name=\"twitter:site\" content=\"@concentrix\" \/>\n<meta name=\"twitter:label1\" content=\"Est. tempo de leitura\" \/>\n\t<meta name=\"twitter:data1\" content=\"1 minuto\" \/>\n<script type=\"application\/ld+json\" class=\"yoast-schema-graph\">{\"@context\":\"https:\/\/schema.org\",\"@graph\":[{\"@type\":\"WebPage\",\"@id\":\"https:\/\/jobs.concentrix.com\/pt-br\/about-us\/\",\"url\":\"https:\/\/jobs.concentrix.com\/pt-br\/about-us\/\",\"name\":\"Build Your Career at Concentrix - Become a Game Changer\",\"isPartOf\":{\"@id\":\"https:\/\/jobs.concentrix.com\/pt-br\/#website\"},\"primaryImageOfPage\":{\"@id\":\"https:\/\/jobs.concentrix.com\/pt-br\/about-us\/#primaryimage\"},\"image\":{\"@id\":\"https:\/\/jobs.concentrix.com\/pt-br\/about-us\/#primaryimage\"},\"thumbnailUrl\":\"https:\/\/jobs.concentrix.com\/wp-content\/uploads\/2025\/11\/preview-concentrix-careers.png\",\"datePublished\":\"2025-11-10T20:21:39+00:00\",\"dateModified\":\"2026-01-19T22:13:26+00:00\",\"description\":\"Concentrix Career is where you come to make change happen. When you join us, you are encouraged to design your own career.\",\"breadcrumb\":{\"@id\":\"https:\/\/jobs.concentrix.com\/pt-br\/about-us\/#breadcrumb\"},\"inLanguage\":\"pt-BR\",\"potentialAction\":[{\"@type\":\"ReadAction\",\"target\":[\"https:\/\/jobs.concentrix.com\/pt-br\/about-us\/\"]}]},{\"@type\":\"ImageObject\",\"inLanguage\":\"pt-BR\",\"@id\":\"https:\/\/jobs.concentrix.com\/pt-br\/about-us\/#primaryimage\",\"url\":\"https:\/\/jobs.concentrix.com\/wp-content\/uploads\/2025\/11\/preview-concentrix-careers.png\",\"contentUrl\":\"https:\/\/jobs.concentrix.com\/wp-content\/uploads\/2025\/11\/preview-concentrix-careers.png\",\"width\":960,\"height\":505,\"caption\":\"Concentrix Careers\"},{\"@type\":\"BreadcrumbList\",\"@id\":\"https:\/\/jobs.concentrix.com\/pt-br\/about-us\/#breadcrumb\",\"itemListElement\":[{\"@type\":\"ListItem\",\"position\":1,\"name\":\"Home\",\"item\":\"https:\/\/jobs.concentrix.com\/pt-br\/\"},{\"@type\":\"ListItem\",\"position\":2,\"name\":\"Sobre n\u00f3s\"}]},{\"@type\":\"WebSite\",\"@id\":\"https:\/\/jobs.concentrix.com\/pt-br\/#website\",\"url\":\"https:\/\/jobs.concentrix.com\/pt-br\/\",\"name\":\"Concentrix Careers\",\"description\":\"\",\"publisher\":{\"@id\":\"https:\/\/jobs.concentrix.com\/pt-br\/#organization\"},\"potentialAction\":[{\"@type\":\"SearchAction\",\"target\":{\"@type\":\"EntryPoint\",\"urlTemplate\":\"https:\/\/jobs.concentrix.com\/pt-br\/?s={search_term_string}\"},\"query-input\":{\"@type\":\"PropertyValueSpecification\",\"valueRequired\":true,\"valueName\":\"search_term_string\"}}],\"inLanguage\":\"pt-BR\"},{\"@type\":\"Organization\",\"@id\":\"https:\/\/jobs.concentrix.com\/pt-br\/#organization\",\"name\":\"Concentrix Careers\",\"url\":\"https:\/\/jobs.concentrix.com\/pt-br\/\",\"logo\":{\"@type\":\"ImageObject\",\"inLanguage\":\"pt-BR\",\"@id\":\"https:\/\/jobs.concentrix.com\/pt-br\/#\/schema\/logo\/image\/\",\"url\":\"https:\/\/jobs.concentrix.com\/wp-content\/uploads\/2025\/11\/preview-concentrix-careers.png\",\"contentUrl\":\"https:\/\/jobs.concentrix.com\/wp-content\/uploads\/2025\/11\/preview-concentrix-careers.png\",\"width\":960,\"height\":505,\"caption\":\"Concentrix Careers\"},\"image\":{\"@id\":\"https:\/\/jobs.concentrix.com\/pt-br\/#\/schema\/logo\/image\/\"},\"sameAs\":[\"https:\/\/www.facebook.com\/Concentrix-153770504699665\",\"https:\/\/x.com\/concentrix\"]}]}<\/script>\n<!-- \/ Yoast SEO Premium plugin. -->","yoast_head_json":{"title":"Build Your Career at Concentrix - Become a Game Changer","description":"Concentrix Career is where you come to make change happen. When you join us, you are encouraged to design your own career.","robots":{"index":"index","follow":"follow","max-snippet":"max-snippet:-1","max-image-preview":"max-image-preview:large","max-video-preview":"max-video-preview:-1"},"canonical":"https:\/\/jobs.concentrix.com\/pt-br\/about-us\/","og_locale":"pt_BR","og_type":"article","og_title":"Build Your Career at Concentrix - Become a Game Changer","og_description":"Concentrix Career is where you come to make change happen. When you join us, you are encouraged to design your own career.","og_url":"https:\/\/jobs.concentrix.com\/pt-br\/about-us\/","og_site_name":"Concentrix Careers","article_publisher":"https:\/\/www.facebook.com\/Concentrix-153770504699665","article_modified_time":"2026-01-19T22:13:26+00:00","og_image":[{"url":"https:\/\/jobs.concentrix.com\/wp-content\/uploads\/2025\/11\/preview-concentrix-careers.png","type":"","width":"","height":""}],"twitter_card":"summary_large_image","twitter_title":"Build Your Career at Concentrix - Become a Game Changer","twitter_description":"Concentrix Career is where you come to make change happen. When you join us, you are encouraged to design your own career.","twitter_image":"https:\/\/jobs.concentrix.com\/wp-content\/uploads\/2025\/11\/preview-concentrix-careers.png","twitter_site":"@concentrix","twitter_misc":{"Est. tempo de leitura":"1 minuto"},"schema":{"@context":"https:\/\/schema.org","@graph":[{"@type":"WebPage","@id":"https:\/\/jobs.concentrix.com\/pt-br\/about-us\/","url":"https:\/\/jobs.concentrix.com\/pt-br\/about-us\/","name":"Build Your Career at Concentrix - Become a Game Changer","isPartOf":{"@id":"https:\/\/jobs.concentrix.com\/pt-br\/#website"},"primaryImageOfPage":{"@id":"https:\/\/jobs.concentrix.com\/pt-br\/about-us\/#primaryimage"},"image":{"@id":"https:\/\/jobs.concentrix.com\/pt-br\/about-us\/#primaryimage"},"thumbnailUrl":"https:\/\/jobs.concentrix.com\/wp-content\/uploads\/2025\/11\/preview-concentrix-careers.png","datePublished":"2025-11-10T20:21:39+00:00","dateModified":"2026-01-19T22:13:26+00:00","description":"Concentrix Career is where you come to make change happen. When you join us, you are encouraged to design your own career.","breadcrumb":{"@id":"https:\/\/jobs.concentrix.com\/pt-br\/about-us\/#breadcrumb"},"inLanguage":"pt-BR","potentialAction":[{"@type":"ReadAction","target":["https:\/\/jobs.concentrix.com\/pt-br\/about-us\/"]}]},{"@type":"ImageObject","inLanguage":"pt-BR","@id":"https:\/\/jobs.concentrix.com\/pt-br\/about-us\/#primaryimage","url":"https:\/\/jobs.concentrix.com\/wp-content\/uploads\/2025\/11\/preview-concentrix-careers.png","contentUrl":"https:\/\/jobs.concentrix.com\/wp-content\/uploads\/2025\/11\/preview-concentrix-careers.png","width":960,"height":505,"caption":"Concentrix Careers"},{"@type":"BreadcrumbList","@id":"https:\/\/jobs.concentrix.com\/pt-br\/about-us\/#breadcrumb","itemListElement":[{"@type":"ListItem","position":1,"name":"Home","item":"https:\/\/jobs.concentrix.com\/pt-br\/"},{"@type":"ListItem","position":2,"name":"Sobre n\u00f3s"}]},{"@type":"WebSite","@id":"https:\/\/jobs.concentrix.com\/pt-br\/#website","url":"https:\/\/jobs.concentrix.com\/pt-br\/","name":"Concentrix Careers","description":"","publisher":{"@id":"https:\/\/jobs.concentrix.com\/pt-br\/#organization"},"potentialAction":[{"@type":"SearchAction","target":{"@type":"EntryPoint","urlTemplate":"https:\/\/jobs.concentrix.com\/pt-br\/?s={search_term_string}"},"query-input":{"@type":"PropertyValueSpecification","valueRequired":true,"valueName":"search_term_string"}}],"inLanguage":"pt-BR"},{"@type":"Organization","@id":"https:\/\/jobs.concentrix.com\/pt-br\/#organization","name":"Concentrix Careers","url":"https:\/\/jobs.concentrix.com\/pt-br\/","logo":{"@type":"ImageObject","inLanguage":"pt-BR","@id":"https:\/\/jobs.concentrix.com\/pt-br\/#\/schema\/logo\/image\/","url":"https:\/\/jobs.concentrix.com\/wp-content\/uploads\/2025\/11\/preview-concentrix-careers.png","contentUrl":"https:\/\/jobs.concentrix.com\/wp-content\/uploads\/2025\/11\/preview-concentrix-careers.png","width":960,"height":505,"caption":"Concentrix Careers"},"image":{"@id":"https:\/\/jobs.concentrix.com\/pt-br\/#\/schema\/logo\/image\/"},"sameAs":["https:\/\/www.facebook.com\/Concentrix-153770504699665","https:\/\/x.com\/concentrix"]}]}},"_links":{"self":[{"href":"https:\/\/jobs.concentrix.com\/pt-br\/wp-json\/wp\/v2\/pages\/837","targetHints":{"allow":["GET"]}}],"collection":[{"href":"https:\/\/jobs.concentrix.com\/pt-br\/wp-json\/wp\/v2\/pages"}],"about":[{"href":"https:\/\/jobs.concentrix.com\/pt-br\/wp-json\/wp\/v2\/types\/page"}],"author":[{"embeddable":true,"href":"https:\/\/jobs.concentrix.com\/pt-br\/wp-json\/wp\/v2\/users\/2"}],"replies":[{"embeddable":true,"href":"https:\/\/jobs.concentrix.com\/pt-br\/wp-json\/wp\/v2\/comments?post=837"}],"version-history":[{"count":0,"href":"https:\/\/jobs.concentrix.com\/pt-br\/wp-json\/wp\/v2\/pages\/837\/revisions"}],"wp:featuredmedia":[{"embeddable":true,"href":"https:\/\/jobs.concentrix.com\/pt-br\/wp-json\/wp\/v2\/media\/207"}],"wp:attachment":[{"href":"https:\/\/jobs.concentrix.com\/pt-br\/wp-json\/wp\/v2\/media?parent=837"}],"curies":[{"name":"wp","href":"https:\/\/api.w.org\/{rel}","templated":true}]}}