{"id":847,"date":"2025-11-10T15:21:39","date_gmt":"2025-11-10T20:21:39","guid":{"rendered":"https:\/\/jobs.concentrix.com\/about-us\/"},"modified":"2026-01-20T16:49:46","modified_gmt":"2026-01-20T21:49:46","slug":"about-us","status":"publish","type":"page","link":"https:\/\/jobs.concentrix.com\/ro\/about-us\/","title":{"rendered":"Despre noi"},"content":{"rendered":"\t\t<div data-elementor-type=\"wp-page\" data-elementor-id=\"847\" class=\"elementor elementor-847 elementor-21\" data-elementor-post-type=\"page\">\n\t\t\t\t<div class=\"elementor-element elementor-element-67c07ac e-flex e-con-boxed e-con e-parent\" data-id=\"67c07ac\" data-element_type=\"container\" data-e-type=\"container\" data-settings=\"{&quot;background_background&quot;:&quot;classic&quot;}\">\n\t\t\t\t\t<div class=\"e-con-inner\">\n\t\t\t\t<div class=\"elementor-element elementor-element-a6bff56 elementor-widget elementor-widget-text-editor\" data-id=\"a6bff56\" data-element_type=\"widget\" data-e-type=\"widget\" data-widget_type=\"text-editor.default\">\n\t\t\t\t\t\t\t\t\tPagina principal\u0103 &gt; Despre noi\t\t\t\t\t\t\t\t<\/div>\n\t\t\t\t<div class=\"elementor-element elementor-element-442c277 elementor-widget elementor-widget-text-editor\" data-id=\"442c277\" data-element_type=\"widget\" data-e-type=\"widget\" data-widget_type=\"text-editor.default\">\n\t\t\t\t\t\t\t\t\t<h1>Despre noi<\/h1>\t\t\t\t\t\t\t\t<\/div>\n\t\t\t\t\t<\/div>\n\t\t\t\t<\/div>\n\t\t<div class=\"elementor-element elementor-element-54f0380 e-flex e-con-boxed e-con e-parent\" data-id=\"54f0380\" data-element_type=\"container\" data-e-type=\"container\" data-settings=\"{&quot;background_background&quot;:&quot;classic&quot;}\">\n\t\t\t\t\t<div class=\"e-con-inner\">\n\t\t<div class=\"elementor-element elementor-element-5f9da5e e-con-full e-flex e-con e-child\" data-id=\"5f9da5e\" data-element_type=\"container\" data-e-type=\"container\">\n\t\t\t\t<div class=\"elementor-element elementor-element-4ffb3c5 elementor-widget elementor-widget-text-editor\" data-id=\"4ffb3c5\" data-element_type=\"widget\" data-e-type=\"widget\" data-widget_type=\"text-editor.default\">\n\t\t\t\t\t\t\t\t\t<h6>Povestea noastr\u0103<\/h6>\t\t\t\t\t\t\t\t<\/div>\n\t\t\t\t<div class=\"elementor-element elementor-element-367d908 elementor-widget elementor-widget-text-editor\" data-id=\"367d908\" data-element_type=\"widget\" data-e-type=\"widget\" data-widget_type=\"text-editor.default\">\n\t\t\t\t\t\t\t\t\t<h2>Construirea unei afaceri cu o baz\u0103 solid\u0103 de cultur\u0103 \u0219i valori.<\/h2><p>Concentrix a \u00eenceput acum 20 de ani cu doar o m\u00e2n\u0103 de oameni. De atunci s-a transformat dintr-un mic startup \u00eentr-una dintre cele mai respectate \u0219i complet integrate solu\u021bii \u0219i companii de tehnologie din lume.<\/p><p>Ast\u0103zi, Concentrix se bucur\u0103 de \u00eencrederea a peste 2.000 de clien\u021bi din toate sectoarele majore. Acestea includ branduri emblematice care fac parte din Fortune Global 500, pentru care proiect\u0103m, construim \u0219i rul\u0103m f\u0103r\u0103 probleme experien\u021ba total\u0103, la scar\u0103 larg\u0103, \u00een \u00eentreaga \u00eentreprindere.<\/p>\t\t\t\t\t\t\t\t<\/div>\n\t\t\t\t<\/div>\n\t\t<div class=\"elementor-element elementor-element-a2fd295 e-con-full e-flex e-con e-child\" data-id=\"a2fd295\" data-element_type=\"container\" data-e-type=\"container\">\n\t\t\t\t<div class=\"elementor-element elementor-element-6c9fb3b elementor-widget elementor-widget-image\" data-id=\"6c9fb3b\" data-element_type=\"widget\" data-e-type=\"widget\" data-widget_type=\"image.default\">\n\t\t\t\t\t\t\t\t\t\t\t\t\t\t\t<img fetchpriority=\"high\" decoding=\"async\" width=\"683\" height=\"1024\" src=\"https:\/\/jobs.concentrix.com\/wp-content\/uploads\/2025\/11\/AboutUs_Image1-683x1024-1.webp\" class=\"attachment-full size-full wp-image-843\" alt=\"Construirea unei afaceri cu o baz\u0103 solid\u0103 de cultur\u0103 \u0219i valori.\" srcset=\"https:\/\/jobs.concentrix.com\/wp-content\/uploads\/2025\/11\/AboutUs_Image1-683x1024-1.webp 683w, https:\/\/jobs.concentrix.com\/wp-content\/uploads\/2025\/11\/AboutUs_Image1-683x1024-1-200x300.webp 200w\" sizes=\"(max-width: 683px) 100vw, 683px\" \/>\t\t\t\t\t\t\t\t\t\t\t\t\t\t\t<\/div>\n\t\t\t\t<\/div>\n\t\t\t\t\t<\/div>\n\t\t\t\t<\/div>\n\t\t<div class=\"elementor-element elementor-element-ffd02e9 e-flex e-con-boxed e-con e-parent\" data-id=\"ffd02e9\" data-element_type=\"container\" data-e-type=\"container\" data-settings=\"{&quot;background_background&quot;:&quot;classic&quot;}\">\n\t\t\t\t\t<div class=\"e-con-inner\">\n\t\t<div class=\"elementor-element elementor-element-0acf287 e-con-full e-flex e-con e-child\" data-id=\"0acf287\" data-element_type=\"container\" data-e-type=\"container\">\n\t\t\t\t<div class=\"elementor-element elementor-element-1b5eb5d elementor-widget elementor-widget-image\" data-id=\"1b5eb5d\" data-element_type=\"widget\" data-e-type=\"widget\" data-widget_type=\"image.default\">\n\t\t\t\t\t\t\t\t\t\t\t\t\t\t\t<img decoding=\"async\" width=\"2048\" height=\"1366\" src=\"https:\/\/jobs.concentrix.com\/wp-content\/uploads\/2025\/11\/AboutUs_Image2-2048x1366-1.webp\" class=\"attachment-full size-full wp-image-844\" alt=\"Urm\u0103rind Steaua noastr\u0103 a Nordului\" srcset=\"https:\/\/jobs.concentrix.com\/wp-content\/uploads\/2025\/11\/AboutUs_Image2-2048x1366-1.webp 2048w, https:\/\/jobs.concentrix.com\/wp-content\/uploads\/2025\/11\/AboutUs_Image2-2048x1366-1-300x200.webp 300w, https:\/\/jobs.concentrix.com\/wp-content\/uploads\/2025\/11\/AboutUs_Image2-2048x1366-1-1024x683.webp 1024w, https:\/\/jobs.concentrix.com\/wp-content\/uploads\/2025\/11\/AboutUs_Image2-2048x1366-1-768x512.webp 768w, https:\/\/jobs.concentrix.com\/wp-content\/uploads\/2025\/11\/AboutUs_Image2-2048x1366-1-1536x1025.webp 1536w\" sizes=\"(max-width: 2048px) 100vw, 2048px\" \/>\t\t\t\t\t\t\t\t\t\t\t\t\t\t\t<\/div>\n\t\t\t\t<\/div>\n\t\t<div class=\"elementor-element elementor-element-9430750 e-con-full e-flex e-con e-child\" data-id=\"9430750\" data-element_type=\"container\" data-e-type=\"container\">\n\t\t\t\t<div class=\"elementor-element elementor-element-2676b15 elementor-widget elementor-widget-text-editor\" data-id=\"2676b15\" data-element_type=\"widget\" data-e-type=\"widget\" data-widget_type=\"text-editor.default\">\n\t\t\t\t\t\t\t\t\t<h6>Viziunea noastr\u0103<\/h6>\t\t\t\t\t\t\t\t<\/div>\n\t\t\t\t<div class=\"elementor-element elementor-element-541041c elementor-widget elementor-widget-text-editor\" data-id=\"541041c\" data-element_type=\"widget\" data-e-type=\"widget\" data-widget_type=\"text-editor.default\">\n\t\t\t\t\t\t\t\t\t<h2>Urm\u0103rind Steaua noastr\u0103 a Nordului<\/h2><section id=\"mixed_content_3\" class=\"gd-section gd-section--mixed-content section_mixed_content_3 is-color-transparent\"><div class=\"container is-middle \"><div class=\"col-two is-wysiwyg\"><p>Vom fi cea mai mare companie de implicare a clien\u021bilor din lume, bogat\u0103 \u00een diversitate \u0219i talent \u2014 alimentat\u0103 de creativitate \u0219i tehnologie.<\/p><\/div><\/div><\/section><section id=\"mixed_content_4\" class=\"gd-section gd-section--mixed-content section_mixed_content_4 is-color-transparent\"><div class=\"container is-middle mobile-reverse-order \"><div class=\"col-one is-wysiwyg\"><div class=\"headlines\"> <\/div><\/div><\/div><\/section>\t\t\t\t\t\t\t\t<\/div>\n\t\t\t\t<\/div>\n\t\t\t\t\t<\/div>\n\t\t\t\t<\/div>\n\t\t<div class=\"elementor-element elementor-element-0365584 e-flex e-con-boxed e-con e-parent\" data-id=\"0365584\" data-element_type=\"container\" data-e-type=\"container\" data-settings=\"{&quot;background_background&quot;:&quot;classic&quot;}\">\n\t\t\t\t\t<div class=\"e-con-inner\">\n\t\t<div class=\"elementor-element elementor-element-1da05c0 e-con-full e-flex e-con e-child\" data-id=\"1da05c0\" data-element_type=\"container\" data-e-type=\"container\">\n\t\t\t\t<div class=\"elementor-element elementor-element-0673183 elementor-widget elementor-widget-text-editor\" data-id=\"0673183\" data-element_type=\"widget\" data-e-type=\"widget\" data-widget_type=\"text-editor.default\">\n\t\t\t\t\t\t\t\t\t<h6>Convingerile noastre<\/h6>\t\t\t\t\t\t\t\t<\/div>\n\t\t\t\t<div class=\"elementor-element elementor-element-d0e8939 elementor-widget elementor-widget-text-editor\" data-id=\"d0e8939\" data-element_type=\"widget\" data-e-type=\"widget\" data-widget_type=\"text-editor.default\">\n\t\t\t\t\t\t\t\t\t<h2>Cultura noastr\u0103 reprezint\u0103 sufletul nostru<\/h2><p>D\u0103m via\u021b\u0103 viziunii noastre prin cultura companiei noastre, extinz\u00e2ndu-ne cu mult dincolo de ceea ce este vizibil pe site-ul nostru web sau pe holurile companiei noastre. Cultura noastr\u0103 nu reprezint\u0103 doar cuvinte, ci principiile c\u0103l\u0103uzitoare dup\u0103 care se ghideaz\u0103 inovatorii, care ne modeleaz\u0103 deciziile \u00een fiecare zi. <\/p>\t\t\t\t\t\t\t\t<\/div>\n\t\t\t\t<\/div>\n\t\t<div class=\"elementor-element elementor-element-f780cc4 e-con-full e-flex e-con e-child\" data-id=\"f780cc4\" data-element_type=\"container\" data-e-type=\"container\">\n\t\t\t\t<div class=\"elementor-element elementor-element-15b2746 elementor-widget elementor-widget-image\" data-id=\"15b2746\" data-element_type=\"widget\" data-e-type=\"widget\" data-widget_type=\"image.default\">\n\t\t\t\t\t\t\t\t\t\t\t\t\t\t\t<img decoding=\"async\" width=\"2048\" height=\"1367\" src=\"https:\/\/jobs.concentrix.com\/wp-content\/uploads\/2025\/11\/AboutUs3.webp\" class=\"attachment-full size-full wp-image-845\" alt=\"Cultura noastr\u0103 reprezint\u0103 sufletul nostru\" srcset=\"https:\/\/jobs.concentrix.com\/wp-content\/uploads\/2025\/11\/AboutUs3.webp 2048w, https:\/\/jobs.concentrix.com\/wp-content\/uploads\/2025\/11\/AboutUs3-300x200.webp 300w, https:\/\/jobs.concentrix.com\/wp-content\/uploads\/2025\/11\/AboutUs3-1024x684.webp 1024w, https:\/\/jobs.concentrix.com\/wp-content\/uploads\/2025\/11\/AboutUs3-768x513.webp 768w, https:\/\/jobs.concentrix.com\/wp-content\/uploads\/2025\/11\/AboutUs3-1536x1025.webp 1536w\" sizes=\"(max-width: 2048px) 100vw, 2048px\" \/>\t\t\t\t\t\t\t\t\t\t\t\t\t\t\t<\/div>\n\t\t\t\t<\/div>\n\t\t\t\t\t<\/div>\n\t\t\t\t<\/div>\n\t\t<div class=\"elementor-element elementor-element-904d443 e-flex e-con-boxed e-con e-parent\" data-id=\"904d443\" data-element_type=\"container\" data-e-type=\"container\" data-settings=\"{&quot;background_background&quot;:&quot;classic&quot;}\">\n\t\t\t\t\t<div class=\"e-con-inner\">\n\t\t<div class=\"elementor-element elementor-element-6d7e8e5 e-con-full e-flex e-con e-child\" data-id=\"6d7e8e5\" data-element_type=\"container\" data-e-type=\"container\">\n\t\t\t\t<div class=\"elementor-element elementor-element-afeb097 elementor-widget elementor-widget-image\" data-id=\"afeb097\" data-element_type=\"widget\" data-e-type=\"widget\" data-widget_type=\"image.default\">\n\t\t\t\t\t\t\t\t\t\t\t\t\t\t\t<img loading=\"lazy\" decoding=\"async\" width=\"580\" height=\"700\" src=\"https:\/\/jobs.concentrix.com\/wp-content\/uploads\/2025\/12\/AboutUs_Image4.webp\" class=\"attachment-full size-full wp-image-846\" alt=\"Filozofia noastr\u0103 de operare\" srcset=\"https:\/\/jobs.concentrix.com\/wp-content\/uploads\/2025\/12\/AboutUs_Image4.webp 580w, https:\/\/jobs.concentrix.com\/wp-content\/uploads\/2025\/12\/AboutUs_Image4-249x300.webp 249w\" sizes=\"(max-width: 580px) 100vw, 580px\" \/>\t\t\t\t\t\t\t\t\t\t\t\t\t\t\t<\/div>\n\t\t\t\t<\/div>\n\t\t<div class=\"elementor-element elementor-element-9c2de81 e-con-full e-flex e-con e-child\" data-id=\"9c2de81\" data-element_type=\"container\" data-e-type=\"container\">\n\t\t\t\t<div class=\"elementor-element elementor-element-3ae6d26 elementor-widget elementor-widget-text-editor\" data-id=\"3ae6d26\" data-element_type=\"widget\" data-e-type=\"widget\" data-widget_type=\"text-editor.default\">\n\t\t\t\t\t\t\t\t\t<h6 class=\"h6\">Filozofia noastr\u0103 de operare<\/h6>\t\t\t\t\t\t\t\t<\/div>\n\t\t\t\t<div class=\"elementor-element elementor-element-78908bb elementor-widget elementor-widget-text-editor\" data-id=\"78908bb\" data-element_type=\"widget\" data-e-type=\"widget\" data-widget_type=\"text-editor.default\">\n\t\t\t\t\t\t\t\t\t<h2>Vizibilitate, vitez\u0103, valoare<\/h2><p>Trei principii ghideaz\u0103 modul \u00een care ne desf\u0103\u0219ur\u0103m activitatea.<\/p><p><strong>Vizibilitatea<\/strong> \u00een \u00eentreaga organiza\u021bie ne permite s\u0103 vedem \u0219i s\u0103 abord\u0103m rapid problemele \u0219i oportunit\u0103\u021bile.<\/p><p><strong>Rapiditatea<\/strong> ne permite s\u0103 ne adapt\u0103m rapid \u0219i s\u0103 anticip\u0103m schimb\u0103rile de pe pia\u021b\u0103 \u0219i din afacerile clien\u021bilor no\u0219tri.<\/p><p><strong>Valoarea<\/strong> pentru inovatori, clien\u021bi \u0219i ac\u021bionari este luat\u0103 \u00een considerare \u0219i men\u021binut\u0103 \u00een tot ceea ce facem.<\/p>\t\t\t\t\t\t\t\t<\/div>\n\t\t\t\t<\/div>\n\t\t\t\t\t<\/div>\n\t\t\t\t<\/div>\n\t\t\t\t<\/div>\n\t\t","protected":false},"excerpt":{"rendered":"<p>Pagina principal\u0103 &gt; Despre noi Despre noi Povestea noastr\u0103 Construirea unei afaceri cu o baz\u0103 solid\u0103 de cultur\u0103 \u0219i valori. Concentrix a \u00eenceput acum 20 de ani cu doar o m\u00e2n\u0103 de oameni. De atunci s-a transformat dintr-un mic startup \u00eentr-una dintre cele mai respectate \u0219i complet integrate solu\u021bii \u0219i companii de tehnologie din lume. [&hellip;]<\/p>\n","protected":false},"author":2,"featured_media":211,"parent":0,"menu_order":0,"comment_status":"closed","ping_status":"closed","template":"","meta":{"_acf_changed":false,"footnotes":""},"class_list":["post-847","page","type-page","status-publish","has-post-thumbnail","hentry"],"acf":[],"yoast_head":"<!-- This site is optimized with the Yoast SEO Premium plugin v26.6 (Yoast SEO v27.0) - https:\/\/yoast.com\/product\/yoast-seo-premium-wordpress\/ -->\n<title>Build Your Career at Concentrix - Become a Game Changer<\/title>\n<meta name=\"description\" content=\"Concentrix Career is where you come to make change happen. When you join us, you are encouraged to design your own career.\" \/>\n<meta name=\"robots\" content=\"index, follow, max-snippet:-1, max-image-preview:large, max-video-preview:-1\" \/>\n<link rel=\"canonical\" href=\"https:\/\/jobs.concentrix.com\/ro\/about-us\/\" \/>\n<meta property=\"og:locale\" content=\"ro_RO\" \/>\n<meta property=\"og:type\" content=\"article\" \/>\n<meta property=\"og:title\" content=\"Build Your Career at Concentrix - Become a Game Changer\" \/>\n<meta property=\"og:description\" content=\"Concentrix Career is where you come to make change happen. When you join us, you are encouraged to design your own career.\" \/>\n<meta property=\"og:url\" content=\"https:\/\/jobs.concentrix.com\/ro\/about-us\/\" \/>\n<meta property=\"og:site_name\" content=\"Concentrix Careers\" \/>\n<meta property=\"article:publisher\" content=\"https:\/\/www.facebook.com\/Concentrix-153770504699665\" \/>\n<meta property=\"article:modified_time\" content=\"2026-01-20T21:49:46+00:00\" \/>\n<meta property=\"og:image\" content=\"https:\/\/jobs.concentrix.com\/wp-content\/uploads\/2025\/11\/preview-concentrix-careers.png\" \/>\n<meta name=\"twitter:card\" content=\"summary_large_image\" \/>\n<meta name=\"twitter:title\" content=\"Build Your Career at Concentrix - Become a Game Changer\" \/>\n<meta name=\"twitter:description\" content=\"Concentrix Career is where you come to make change happen. When you join us, you are encouraged to design your own career.\" \/>\n<meta name=\"twitter:image\" content=\"https:\/\/jobs.concentrix.com\/wp-content\/uploads\/2025\/11\/preview-concentrix-careers.png\" \/>\n<meta name=\"twitter:site\" content=\"@concentrix\" \/>\n<meta name=\"twitter:label1\" content=\"Timp estimat pentru citire\" \/>\n\t<meta name=\"twitter:data1\" content=\"1 minut\" \/>\n<script type=\"application\/ld+json\" class=\"yoast-schema-graph\">{\"@context\":\"https:\/\/schema.org\",\"@graph\":[{\"@type\":\"WebPage\",\"@id\":\"https:\/\/jobs.concentrix.com\/ro\/about-us\/\",\"url\":\"https:\/\/jobs.concentrix.com\/ro\/about-us\/\",\"name\":\"Build Your Career at Concentrix - Become a Game Changer\",\"isPartOf\":{\"@id\":\"https:\/\/jobs.concentrix.com\/ro\/#website\"},\"primaryImageOfPage\":{\"@id\":\"https:\/\/jobs.concentrix.com\/ro\/about-us\/#primaryimage\"},\"image\":{\"@id\":\"https:\/\/jobs.concentrix.com\/ro\/about-us\/#primaryimage\"},\"thumbnailUrl\":\"https:\/\/jobs.concentrix.com\/wp-content\/uploads\/2025\/11\/preview-concentrix-careers.png\",\"datePublished\":\"2025-11-10T20:21:39+00:00\",\"dateModified\":\"2026-01-20T21:49:46+00:00\",\"description\":\"Concentrix Career is where you come to make change happen. When you join us, you are encouraged to design your own career.\",\"breadcrumb\":{\"@id\":\"https:\/\/jobs.concentrix.com\/ro\/about-us\/#breadcrumb\"},\"inLanguage\":\"ro-RO\",\"potentialAction\":[{\"@type\":\"ReadAction\",\"target\":[\"https:\/\/jobs.concentrix.com\/ro\/about-us\/\"]}]},{\"@type\":\"ImageObject\",\"inLanguage\":\"ro-RO\",\"@id\":\"https:\/\/jobs.concentrix.com\/ro\/about-us\/#primaryimage\",\"url\":\"https:\/\/jobs.concentrix.com\/wp-content\/uploads\/2025\/11\/preview-concentrix-careers.png\",\"contentUrl\":\"https:\/\/jobs.concentrix.com\/wp-content\/uploads\/2025\/11\/preview-concentrix-careers.png\",\"width\":960,\"height\":505,\"caption\":\"Concentrix Careers\"},{\"@type\":\"BreadcrumbList\",\"@id\":\"https:\/\/jobs.concentrix.com\/ro\/about-us\/#breadcrumb\",\"itemListElement\":[{\"@type\":\"ListItem\",\"position\":1,\"name\":\"Home\",\"item\":\"https:\/\/jobs.concentrix.com\/ro\/\"},{\"@type\":\"ListItem\",\"position\":2,\"name\":\"Despre noi\"}]},{\"@type\":\"WebSite\",\"@id\":\"https:\/\/jobs.concentrix.com\/ro\/#website\",\"url\":\"https:\/\/jobs.concentrix.com\/ro\/\",\"name\":\"Concentrix Careers\",\"description\":\"\",\"publisher\":{\"@id\":\"https:\/\/jobs.concentrix.com\/ro\/#organization\"},\"potentialAction\":[{\"@type\":\"SearchAction\",\"target\":{\"@type\":\"EntryPoint\",\"urlTemplate\":\"https:\/\/jobs.concentrix.com\/ro\/?s={search_term_string}\"},\"query-input\":{\"@type\":\"PropertyValueSpecification\",\"valueRequired\":true,\"valueName\":\"search_term_string\"}}],\"inLanguage\":\"ro-RO\"},{\"@type\":\"Organization\",\"@id\":\"https:\/\/jobs.concentrix.com\/ro\/#organization\",\"name\":\"Concentrix Careers\",\"url\":\"https:\/\/jobs.concentrix.com\/ro\/\",\"logo\":{\"@type\":\"ImageObject\",\"inLanguage\":\"ro-RO\",\"@id\":\"https:\/\/jobs.concentrix.com\/ro\/#\/schema\/logo\/image\/\",\"url\":\"https:\/\/jobs.concentrix.com\/wp-content\/uploads\/2025\/11\/preview-concentrix-careers.png\",\"contentUrl\":\"https:\/\/jobs.concentrix.com\/wp-content\/uploads\/2025\/11\/preview-concentrix-careers.png\",\"width\":960,\"height\":505,\"caption\":\"Concentrix Careers\"},\"image\":{\"@id\":\"https:\/\/jobs.concentrix.com\/ro\/#\/schema\/logo\/image\/\"},\"sameAs\":[\"https:\/\/www.facebook.com\/Concentrix-153770504699665\",\"https:\/\/x.com\/concentrix\"]}]}<\/script>\n<!-- \/ Yoast SEO Premium plugin. -->","yoast_head_json":{"title":"Build Your Career at Concentrix - Become a Game Changer","description":"Concentrix Career is where you come to make change happen. When you join us, you are encouraged to design your own career.","robots":{"index":"index","follow":"follow","max-snippet":"max-snippet:-1","max-image-preview":"max-image-preview:large","max-video-preview":"max-video-preview:-1"},"canonical":"https:\/\/jobs.concentrix.com\/ro\/about-us\/","og_locale":"ro_RO","og_type":"article","og_title":"Build Your Career at Concentrix - Become a Game Changer","og_description":"Concentrix Career is where you come to make change happen. When you join us, you are encouraged to design your own career.","og_url":"https:\/\/jobs.concentrix.com\/ro\/about-us\/","og_site_name":"Concentrix Careers","article_publisher":"https:\/\/www.facebook.com\/Concentrix-153770504699665","article_modified_time":"2026-01-20T21:49:46+00:00","og_image":[{"url":"https:\/\/jobs.concentrix.com\/wp-content\/uploads\/2025\/11\/preview-concentrix-careers.png","type":"","width":"","height":""}],"twitter_card":"summary_large_image","twitter_title":"Build Your Career at Concentrix - Become a Game Changer","twitter_description":"Concentrix Career is where you come to make change happen. When you join us, you are encouraged to design your own career.","twitter_image":"https:\/\/jobs.concentrix.com\/wp-content\/uploads\/2025\/11\/preview-concentrix-careers.png","twitter_site":"@concentrix","twitter_misc":{"Timp estimat pentru citire":"1 minut"},"schema":{"@context":"https:\/\/schema.org","@graph":[{"@type":"WebPage","@id":"https:\/\/jobs.concentrix.com\/ro\/about-us\/","url":"https:\/\/jobs.concentrix.com\/ro\/about-us\/","name":"Build Your Career at Concentrix - Become a Game Changer","isPartOf":{"@id":"https:\/\/jobs.concentrix.com\/ro\/#website"},"primaryImageOfPage":{"@id":"https:\/\/jobs.concentrix.com\/ro\/about-us\/#primaryimage"},"image":{"@id":"https:\/\/jobs.concentrix.com\/ro\/about-us\/#primaryimage"},"thumbnailUrl":"https:\/\/jobs.concentrix.com\/wp-content\/uploads\/2025\/11\/preview-concentrix-careers.png","datePublished":"2025-11-10T20:21:39+00:00","dateModified":"2026-01-20T21:49:46+00:00","description":"Concentrix Career is where you come to make change happen. When you join us, you are encouraged to design your own career.","breadcrumb":{"@id":"https:\/\/jobs.concentrix.com\/ro\/about-us\/#breadcrumb"},"inLanguage":"ro-RO","potentialAction":[{"@type":"ReadAction","target":["https:\/\/jobs.concentrix.com\/ro\/about-us\/"]}]},{"@type":"ImageObject","inLanguage":"ro-RO","@id":"https:\/\/jobs.concentrix.com\/ro\/about-us\/#primaryimage","url":"https:\/\/jobs.concentrix.com\/wp-content\/uploads\/2025\/11\/preview-concentrix-careers.png","contentUrl":"https:\/\/jobs.concentrix.com\/wp-content\/uploads\/2025\/11\/preview-concentrix-careers.png","width":960,"height":505,"caption":"Concentrix Careers"},{"@type":"BreadcrumbList","@id":"https:\/\/jobs.concentrix.com\/ro\/about-us\/#breadcrumb","itemListElement":[{"@type":"ListItem","position":1,"name":"Home","item":"https:\/\/jobs.concentrix.com\/ro\/"},{"@type":"ListItem","position":2,"name":"Despre noi"}]},{"@type":"WebSite","@id":"https:\/\/jobs.concentrix.com\/ro\/#website","url":"https:\/\/jobs.concentrix.com\/ro\/","name":"Concentrix Careers","description":"","publisher":{"@id":"https:\/\/jobs.concentrix.com\/ro\/#organization"},"potentialAction":[{"@type":"SearchAction","target":{"@type":"EntryPoint","urlTemplate":"https:\/\/jobs.concentrix.com\/ro\/?s={search_term_string}"},"query-input":{"@type":"PropertyValueSpecification","valueRequired":true,"valueName":"search_term_string"}}],"inLanguage":"ro-RO"},{"@type":"Organization","@id":"https:\/\/jobs.concentrix.com\/ro\/#organization","name":"Concentrix Careers","url":"https:\/\/jobs.concentrix.com\/ro\/","logo":{"@type":"ImageObject","inLanguage":"ro-RO","@id":"https:\/\/jobs.concentrix.com\/ro\/#\/schema\/logo\/image\/","url":"https:\/\/jobs.concentrix.com\/wp-content\/uploads\/2025\/11\/preview-concentrix-careers.png","contentUrl":"https:\/\/jobs.concentrix.com\/wp-content\/uploads\/2025\/11\/preview-concentrix-careers.png","width":960,"height":505,"caption":"Concentrix Careers"},"image":{"@id":"https:\/\/jobs.concentrix.com\/ro\/#\/schema\/logo\/image\/"},"sameAs":["https:\/\/www.facebook.com\/Concentrix-153770504699665","https:\/\/x.com\/concentrix"]}]}},"_links":{"self":[{"href":"https:\/\/jobs.concentrix.com\/ro\/wp-json\/wp\/v2\/pages\/847","targetHints":{"allow":["GET"]}}],"collection":[{"href":"https:\/\/jobs.concentrix.com\/ro\/wp-json\/wp\/v2\/pages"}],"about":[{"href":"https:\/\/jobs.concentrix.com\/ro\/wp-json\/wp\/v2\/types\/page"}],"author":[{"embeddable":true,"href":"https:\/\/jobs.concentrix.com\/ro\/wp-json\/wp\/v2\/users\/2"}],"replies":[{"embeddable":true,"href":"https:\/\/jobs.concentrix.com\/ro\/wp-json\/wp\/v2\/comments?post=847"}],"version-history":[{"count":0,"href":"https:\/\/jobs.concentrix.com\/ro\/wp-json\/wp\/v2\/pages\/847\/revisions"}],"wp:featuredmedia":[{"embeddable":true,"href":"https:\/\/jobs.concentrix.com\/ro\/wp-json\/wp\/v2\/media\/211"}],"wp:attachment":[{"href":"https:\/\/jobs.concentrix.com\/ro\/wp-json\/wp\/v2\/media?parent=847"}],"curies":[{"name":"wp","href":"https:\/\/api.w.org\/{rel}","templated":true}]}}