{"id":546,"date":"2025-11-10T18:58:08","date_gmt":"2025-11-10T23:58:08","guid":{"rendered":"https:\/\/jobs.concentrix.com\/jobs-abroad\/"},"modified":"2026-01-27T17:37:08","modified_gmt":"2026-01-27T22:37:08","slug":"jobs-abroad","status":"publish","type":"page","link":"https:\/\/jobs.concentrix.com\/tr\/jobs-abroad\/","title":{"rendered":"Jobs Abroad"},"content":{"rendered":"\t\t<div data-elementor-type=\"wp-page\" data-elementor-id=\"546\" class=\"elementor elementor-546 elementor-29\" data-elementor-post-type=\"page\">\n\t\t\t\t<div class=\"elementor-element elementor-element-50492cb e-flex e-con-boxed e-con e-parent\" data-id=\"50492cb\" data-element_type=\"container\" data-e-type=\"container\" data-settings=\"{&quot;background_background&quot;:&quot;classic&quot;}\">\n\t\t\t\t\t<div class=\"e-con-inner\">\n\t\t\t\t<div class=\"elementor-element elementor-element-8bf8df6 elementor-widget elementor-widget-text-editor\" data-id=\"8bf8df6\" data-element_type=\"widget\" data-e-type=\"widget\" data-widget_type=\"text-editor.default\">\n\t\t\t\t\t\t\t\t\t<p>Home &gt; Jobs Abroad<\/p>\t\t\t\t\t\t\t\t<\/div>\n\t\t\t\t<div class=\"elementor-element elementor-element-3eaa4bc elementor-widget elementor-widget-text-editor\" data-id=\"3eaa4bc\" data-element_type=\"widget\" data-e-type=\"widget\" data-widget_type=\"text-editor.default\">\n\t\t\t\t\t\t\t\t\t<h1>Jobs Abroad<\/h1>\t\t\t\t\t\t\t\t<\/div>\n\t\t\t\t\t<\/div>\n\t\t\t\t<\/div>\n\t\t<div class=\"elementor-element elementor-element-fc896ba e-flex e-con-boxed e-con e-parent\" data-id=\"fc896ba\" data-element_type=\"container\" data-e-type=\"container\" data-settings=\"{&quot;background_background&quot;:&quot;classic&quot;}\">\n\t\t\t\t\t<div class=\"e-con-inner\">\n\t\t<div class=\"elementor-element elementor-element-2cc118c e-con-full e-flex e-con e-child\" data-id=\"2cc118c\" data-element_type=\"container\" data-e-type=\"container\" data-settings=\"{&quot;background_background&quot;:&quot;classic&quot;}\">\n\t\t\t\t<div class=\"elementor-element elementor-element-a9b616f elementor-widget elementor-widget-text-editor\" data-id=\"a9b616f\" data-element_type=\"widget\" data-e-type=\"widget\" data-widget_type=\"text-editor.default\">\n\t\t\t\t\t\t\t\t\t<h3><a href=\"https:\/\/jobs.concentrix.com\/tr\/jobs-abroad\/yunanistan\/\">Yunanistan<\/a><\/h3><p>Bat\u0131 uygarl\u0131\u011f\u0131n\u0131n ve Olimpiyat Oyunlar\u0131&#8217;n\u0131n do\u011fdu\u011fu topraklar\u0131 ke\u015ffedin.<\/p>\t\t\t\t\t\t\t\t<\/div>\n\t\t\t\t<\/div>\n\t\t<div class=\"elementor-element elementor-element-f8aa10a e-con-full e-flex e-con e-child\" data-id=\"f8aa10a\" data-element_type=\"container\" data-e-type=\"container\" data-settings=\"{&quot;background_background&quot;:&quot;classic&quot;}\">\n\t\t\t\t<div class=\"elementor-element elementor-element-519de8f elementor-widget elementor-widget-text-editor\" data-id=\"519de8f\" data-element_type=\"widget\" data-e-type=\"widget\" data-widget_type=\"text-editor.default\">\n\t\t\t\t\t\t\t\t\t<h3><a href=\"https:\/\/jobs.concentrix.com\/tr\/jobs-abroad\/romanya\/\">Romanya<\/a><\/h3><p>Avrupa\u2019n\u0131n en b\u00fcy\u00fck \u015fehir plaj\u0131 m\u0131? Tamam. Dudak u\u00e7uklatan hik\u00e2yelerle en \u00e7arp\u0131c\u0131 Gotik ve orta\u00e7a\u011f kaleleri mi? Tamam.   <\/p>\t\t\t\t\t\t\t\t<\/div>\n\t\t\t\t<\/div>\n\t\t\t\t\t<\/div>\n\t\t\t\t<\/div>\n\t\t<div class=\"elementor-element elementor-element-1ad8ca1 e-flex e-con-boxed e-con e-parent\" data-id=\"1ad8ca1\" data-element_type=\"container\" data-e-type=\"container\" data-settings=\"{&quot;background_background&quot;:&quot;classic&quot;}\">\n\t\t\t\t\t<div class=\"e-con-inner\">\n\t\t<div class=\"elementor-element elementor-element-202ae85 e-con-full e-flex e-con e-child\" data-id=\"202ae85\" data-element_type=\"container\" data-e-type=\"container\" data-settings=\"{&quot;background_background&quot;:&quot;classic&quot;}\">\n\t\t\t\t<div class=\"elementor-element elementor-element-d3f0e84 elementor-widget elementor-widget-text-editor\" data-id=\"d3f0e84\" data-element_type=\"widget\" data-e-type=\"widget\" data-widget_type=\"text-editor.default\">\n\t\t\t\t\t\t\t\t\t<h3><a href=\"https:\/\/jobs.concentrix.com\/tr\/jobs-abroad\/portekiz\/\">Portekiz<\/a><\/h3><p>Portekiz, do\u011fa merakl\u0131lar\u0131 i\u00e7in bir cennet olan yemye\u015fil bitki \u00f6rt\u00fcs\u00fc ve etkileyici manzaralarla kutsanm\u0131\u015ft\u0131r.<\/p>\t\t\t\t\t\t\t\t<\/div>\n\t\t\t\t<\/div>\n\t\t<div class=\"elementor-element elementor-element-1a32e9b e-con-full e-flex e-con e-child\" data-id=\"1a32e9b\" data-element_type=\"container\" data-e-type=\"container\" data-settings=\"{&quot;background_background&quot;:&quot;classic&quot;}\">\n\t\t\t\t<div class=\"elementor-element elementor-element-210a00d elementor-widget elementor-widget-text-editor\" data-id=\"210a00d\" data-element_type=\"widget\" data-e-type=\"widget\" data-widget_type=\"text-editor.default\">\n\t\t\t\t\t\t\t\t\t<h3><a href=\"https:\/\/jobs.concentrix.com\/tr\/jobs-abroad\/ispanya\/\">\u0130spanya<\/a><\/h3><p>\u0130spanya\u2019da ya\u015fam tamamen \u00f6zg\u00fcrl\u00fckle ilgilidir. Gelenekler, sanat, teknoloji, canl\u0131 festivaller ve \u00f6d\u00fcll\u00fc gastronomi d\u00fcnyas\u0131n\u0131n tad\u0131n\u0131 \u00e7\u0131kar\u0131n. <\/p>\t\t\t\t\t\t\t\t<\/div>\n\t\t\t\t<\/div>\n\t\t\t\t\t<\/div>\n\t\t\t\t<\/div>\n\t\t<div class=\"elementor-element elementor-element-e46faf8 e-flex e-con-boxed e-con e-parent\" data-id=\"e46faf8\" data-element_type=\"container\" data-e-type=\"container\" data-settings=\"{&quot;background_background&quot;:&quot;classic&quot;}\">\n\t\t\t\t\t<div class=\"e-con-inner\">\n\t\t\t\t\t<\/div>\n\t\t\t\t<\/div>\n\t\t\t\t<\/div>\n\t\t","protected":false},"excerpt":{"rendered":"<p>Home &gt; Jobs Abroad Jobs Abroad Yunanistan Bat\u0131 uygarl\u0131\u011f\u0131n\u0131n ve Olimpiyat Oyunlar\u0131&#8217;n\u0131n do\u011fdu\u011fu topraklar\u0131 ke\u015ffedin. Romanya Avrupa\u2019n\u0131n en b\u00fcy\u00fck \u015fehir plaj\u0131 m\u0131? Tamam. Dudak u\u00e7uklatan hik\u00e2yelerle en \u00e7arp\u0131c\u0131 Gotik ve orta\u00e7a\u011f kaleleri mi? Tamam. Portekiz Portekiz, do\u011fa merakl\u0131lar\u0131 i\u00e7in bir cennet olan yemye\u015fil bitki \u00f6rt\u00fcs\u00fc ve etkileyici manzaralarla kutsanm\u0131\u015ft\u0131r. \u0130spanya \u0130spanya\u2019da ya\u015fam tamamen \u00f6zg\u00fcrl\u00fckle ilgilidir. [&hellip;]<\/p>\n","protected":false},"author":4,"featured_media":215,"parent":0,"menu_order":0,"comment_status":"closed","ping_status":"closed","template":"","meta":{"_acf_changed":false,"footnotes":""},"class_list":["post-546","page","type-page","status-publish","has-post-thumbnail","hentry"],"acf":[],"yoast_head":"<!-- This site is optimized with the Yoast SEO Premium plugin v26.6 (Yoast SEO v27.0) - https:\/\/yoast.com\/product\/yoast-seo-premium-wordpress\/ -->\n<title>Jobs Abroad with Relocation Package - Work Abroad with Concentrix<\/title>\n<meta name=\"description\" content=\"Looking for a job abroad with an attractive relocation package? We take care of you from when you get in touch and for as long as you call us your second home.\" \/>\n<meta name=\"robots\" content=\"index, follow, max-snippet:-1, max-image-preview:large, max-video-preview:-1\" \/>\n<link rel=\"canonical\" href=\"https:\/\/jobs.concentrix.com\/tr\/jobs-abroad\/\" \/>\n<meta property=\"og:locale\" content=\"tr_TR\" \/>\n<meta property=\"og:type\" content=\"article\" \/>\n<meta property=\"og:title\" content=\"Jobs Abroad with Relocation Package - Work Abroad with Concentrix\" \/>\n<meta property=\"og:description\" content=\"Looking for a job abroad with an attractive relocation package? We take care of you from when you get in touch and for as long as you call us your second home.\" \/>\n<meta property=\"og:url\" content=\"https:\/\/jobs.concentrix.com\/tr\/jobs-abroad\/\" \/>\n<meta property=\"og:site_name\" content=\"Concentrix Careers\" \/>\n<meta property=\"article:publisher\" content=\"https:\/\/www.facebook.com\/Concentrix-153770504699665\" \/>\n<meta property=\"article:modified_time\" content=\"2026-01-27T22:37:08+00:00\" \/>\n<meta property=\"og:image\" content=\"https:\/\/jobs.concentrix.com\/wp-content\/uploads\/2025\/11\/preview-concentrix-careers.png\" \/>\n<meta name=\"twitter:card\" content=\"summary_large_image\" \/>\n<meta name=\"twitter:title\" content=\"Jobs Abroad with Relocation Package - Work Abroad with Concentrix\" \/>\n<meta name=\"twitter:description\" content=\"Looking for a job abroad with an attractive relocation package? We take care of you from when you get in touch and for as long as you call us your second home.\" \/>\n<meta name=\"twitter:image\" content=\"https:\/\/jobs.concentrix.com\/wp-content\/uploads\/2025\/11\/preview-concentrix-careers.png\" \/>\n<meta name=\"twitter:site\" content=\"@concentrix\" \/>\n<script type=\"application\/ld+json\" class=\"yoast-schema-graph\">{\"@context\":\"https:\/\/schema.org\",\"@graph\":[{\"@type\":\"WebPage\",\"@id\":\"https:\/\/jobs.concentrix.com\/tr\/jobs-abroad\/\",\"url\":\"https:\/\/jobs.concentrix.com\/tr\/jobs-abroad\/\",\"name\":\"Jobs Abroad with Relocation Package - Work Abroad with Concentrix\",\"isPartOf\":{\"@id\":\"https:\/\/jobs.concentrix.com\/tr\/#website\"},\"primaryImageOfPage\":{\"@id\":\"https:\/\/jobs.concentrix.com\/tr\/jobs-abroad\/#primaryimage\"},\"image\":{\"@id\":\"https:\/\/jobs.concentrix.com\/tr\/jobs-abroad\/#primaryimage\"},\"thumbnailUrl\":\"https:\/\/jobs.concentrix.com\/wp-content\/uploads\/2025\/11\/preview-concentrix-careers.png\",\"datePublished\":\"2025-11-10T23:58:08+00:00\",\"dateModified\":\"2026-01-27T22:37:08+00:00\",\"description\":\"Looking for a job abroad with an attractive relocation package? We take care of you from when you get in touch and for as long as you call us your second home.\",\"breadcrumb\":{\"@id\":\"https:\/\/jobs.concentrix.com\/tr\/jobs-abroad\/#breadcrumb\"},\"inLanguage\":\"tr\",\"potentialAction\":[{\"@type\":\"ReadAction\",\"target\":[\"https:\/\/jobs.concentrix.com\/tr\/jobs-abroad\/\"]}]},{\"@type\":\"ImageObject\",\"inLanguage\":\"tr\",\"@id\":\"https:\/\/jobs.concentrix.com\/tr\/jobs-abroad\/#primaryimage\",\"url\":\"https:\/\/jobs.concentrix.com\/wp-content\/uploads\/2025\/11\/preview-concentrix-careers.png\",\"contentUrl\":\"https:\/\/jobs.concentrix.com\/wp-content\/uploads\/2025\/11\/preview-concentrix-careers.png\",\"width\":960,\"height\":505,\"caption\":\"Concentrix Careers\"},{\"@type\":\"BreadcrumbList\",\"@id\":\"https:\/\/jobs.concentrix.com\/tr\/jobs-abroad\/#breadcrumb\",\"itemListElement\":[{\"@type\":\"ListItem\",\"position\":1,\"name\":\"Home\",\"item\":\"https:\/\/jobs.concentrix.com\/tr\/\"},{\"@type\":\"ListItem\",\"position\":2,\"name\":\"Jobs Abroad\"}]},{\"@type\":\"WebSite\",\"@id\":\"https:\/\/jobs.concentrix.com\/tr\/#website\",\"url\":\"https:\/\/jobs.concentrix.com\/tr\/\",\"name\":\"Concentrix Careers\",\"description\":\"\",\"publisher\":{\"@id\":\"https:\/\/jobs.concentrix.com\/tr\/#organization\"},\"potentialAction\":[{\"@type\":\"SearchAction\",\"target\":{\"@type\":\"EntryPoint\",\"urlTemplate\":\"https:\/\/jobs.concentrix.com\/tr\/?s={search_term_string}\"},\"query-input\":{\"@type\":\"PropertyValueSpecification\",\"valueRequired\":true,\"valueName\":\"search_term_string\"}}],\"inLanguage\":\"tr\"},{\"@type\":\"Organization\",\"@id\":\"https:\/\/jobs.concentrix.com\/tr\/#organization\",\"name\":\"Concentrix Careers\",\"url\":\"https:\/\/jobs.concentrix.com\/tr\/\",\"logo\":{\"@type\":\"ImageObject\",\"inLanguage\":\"tr\",\"@id\":\"https:\/\/jobs.concentrix.com\/tr\/#\/schema\/logo\/image\/\",\"url\":\"https:\/\/jobs.concentrix.com\/wp-content\/uploads\/2025\/11\/preview-concentrix-careers.png\",\"contentUrl\":\"https:\/\/jobs.concentrix.com\/wp-content\/uploads\/2025\/11\/preview-concentrix-careers.png\",\"width\":960,\"height\":505,\"caption\":\"Concentrix Careers\"},\"image\":{\"@id\":\"https:\/\/jobs.concentrix.com\/tr\/#\/schema\/logo\/image\/\"},\"sameAs\":[\"https:\/\/www.facebook.com\/Concentrix-153770504699665\",\"https:\/\/x.com\/concentrix\"]}]}<\/script>\n<!-- \/ Yoast SEO Premium plugin. -->","yoast_head_json":{"title":"Jobs Abroad with Relocation Package - Work Abroad with Concentrix","description":"Looking for a job abroad with an attractive relocation package? We take care of you from when you get in touch and for as long as you call us your second home.","robots":{"index":"index","follow":"follow","max-snippet":"max-snippet:-1","max-image-preview":"max-image-preview:large","max-video-preview":"max-video-preview:-1"},"canonical":"https:\/\/jobs.concentrix.com\/tr\/jobs-abroad\/","og_locale":"tr_TR","og_type":"article","og_title":"Jobs Abroad with Relocation Package - Work Abroad with Concentrix","og_description":"Looking for a job abroad with an attractive relocation package? We take care of you from when you get in touch and for as long as you call us your second home.","og_url":"https:\/\/jobs.concentrix.com\/tr\/jobs-abroad\/","og_site_name":"Concentrix Careers","article_publisher":"https:\/\/www.facebook.com\/Concentrix-153770504699665","article_modified_time":"2026-01-27T22:37:08+00:00","og_image":[{"url":"https:\/\/jobs.concentrix.com\/wp-content\/uploads\/2025\/11\/preview-concentrix-careers.png","type":"","width":"","height":""}],"twitter_card":"summary_large_image","twitter_title":"Jobs Abroad with Relocation Package - Work Abroad with Concentrix","twitter_description":"Looking for a job abroad with an attractive relocation package? We take care of you from when you get in touch and for as long as you call us your second home.","twitter_image":"https:\/\/jobs.concentrix.com\/wp-content\/uploads\/2025\/11\/preview-concentrix-careers.png","twitter_site":"@concentrix","schema":{"@context":"https:\/\/schema.org","@graph":[{"@type":"WebPage","@id":"https:\/\/jobs.concentrix.com\/tr\/jobs-abroad\/","url":"https:\/\/jobs.concentrix.com\/tr\/jobs-abroad\/","name":"Jobs Abroad with Relocation Package - Work Abroad with Concentrix","isPartOf":{"@id":"https:\/\/jobs.concentrix.com\/tr\/#website"},"primaryImageOfPage":{"@id":"https:\/\/jobs.concentrix.com\/tr\/jobs-abroad\/#primaryimage"},"image":{"@id":"https:\/\/jobs.concentrix.com\/tr\/jobs-abroad\/#primaryimage"},"thumbnailUrl":"https:\/\/jobs.concentrix.com\/wp-content\/uploads\/2025\/11\/preview-concentrix-careers.png","datePublished":"2025-11-10T23:58:08+00:00","dateModified":"2026-01-27T22:37:08+00:00","description":"Looking for a job abroad with an attractive relocation package? We take care of you from when you get in touch and for as long as you call us your second home.","breadcrumb":{"@id":"https:\/\/jobs.concentrix.com\/tr\/jobs-abroad\/#breadcrumb"},"inLanguage":"tr","potentialAction":[{"@type":"ReadAction","target":["https:\/\/jobs.concentrix.com\/tr\/jobs-abroad\/"]}]},{"@type":"ImageObject","inLanguage":"tr","@id":"https:\/\/jobs.concentrix.com\/tr\/jobs-abroad\/#primaryimage","url":"https:\/\/jobs.concentrix.com\/wp-content\/uploads\/2025\/11\/preview-concentrix-careers.png","contentUrl":"https:\/\/jobs.concentrix.com\/wp-content\/uploads\/2025\/11\/preview-concentrix-careers.png","width":960,"height":505,"caption":"Concentrix Careers"},{"@type":"BreadcrumbList","@id":"https:\/\/jobs.concentrix.com\/tr\/jobs-abroad\/#breadcrumb","itemListElement":[{"@type":"ListItem","position":1,"name":"Home","item":"https:\/\/jobs.concentrix.com\/tr\/"},{"@type":"ListItem","position":2,"name":"Jobs Abroad"}]},{"@type":"WebSite","@id":"https:\/\/jobs.concentrix.com\/tr\/#website","url":"https:\/\/jobs.concentrix.com\/tr\/","name":"Concentrix Careers","description":"","publisher":{"@id":"https:\/\/jobs.concentrix.com\/tr\/#organization"},"potentialAction":[{"@type":"SearchAction","target":{"@type":"EntryPoint","urlTemplate":"https:\/\/jobs.concentrix.com\/tr\/?s={search_term_string}"},"query-input":{"@type":"PropertyValueSpecification","valueRequired":true,"valueName":"search_term_string"}}],"inLanguage":"tr"},{"@type":"Organization","@id":"https:\/\/jobs.concentrix.com\/tr\/#organization","name":"Concentrix Careers","url":"https:\/\/jobs.concentrix.com\/tr\/","logo":{"@type":"ImageObject","inLanguage":"tr","@id":"https:\/\/jobs.concentrix.com\/tr\/#\/schema\/logo\/image\/","url":"https:\/\/jobs.concentrix.com\/wp-content\/uploads\/2025\/11\/preview-concentrix-careers.png","contentUrl":"https:\/\/jobs.concentrix.com\/wp-content\/uploads\/2025\/11\/preview-concentrix-careers.png","width":960,"height":505,"caption":"Concentrix Careers"},"image":{"@id":"https:\/\/jobs.concentrix.com\/tr\/#\/schema\/logo\/image\/"},"sameAs":["https:\/\/www.facebook.com\/Concentrix-153770504699665","https:\/\/x.com\/concentrix"]}]}},"_links":{"self":[{"href":"https:\/\/jobs.concentrix.com\/tr\/wp-json\/wp\/v2\/pages\/546","targetHints":{"allow":["GET"]}}],"collection":[{"href":"https:\/\/jobs.concentrix.com\/tr\/wp-json\/wp\/v2\/pages"}],"about":[{"href":"https:\/\/jobs.concentrix.com\/tr\/wp-json\/wp\/v2\/types\/page"}],"author":[{"embeddable":true,"href":"https:\/\/jobs.concentrix.com\/tr\/wp-json\/wp\/v2\/users\/4"}],"replies":[{"embeddable":true,"href":"https:\/\/jobs.concentrix.com\/tr\/wp-json\/wp\/v2\/comments?post=546"}],"version-history":[{"count":0,"href":"https:\/\/jobs.concentrix.com\/tr\/wp-json\/wp\/v2\/pages\/546\/revisions"}],"wp:featuredmedia":[{"embeddable":true,"href":"https:\/\/jobs.concentrix.com\/tr\/wp-json\/wp\/v2\/media\/215"}],"wp:attachment":[{"href":"https:\/\/jobs.concentrix.com\/tr\/wp-json\/wp\/v2\/media?parent=546"}],"curies":[{"name":"wp","href":"https:\/\/api.w.org\/{rel}","templated":true}]}}