{"id":547,"date":"2025-11-10T18:58:08","date_gmt":"2025-11-10T23:58:08","guid":{"rendered":"https:\/\/jobs.concentrix.com\/viec-lam-o-nuoc-ngoai\/"},"modified":"2026-01-27T17:36:33","modified_gmt":"2026-01-27T22:36:33","slug":"jobs-abroad","status":"publish","type":"page","link":"https:\/\/jobs.concentrix.com\/vi\/jobs-abroad\/","title":{"rendered":"Vi\u1ec7c l\u00e0m \u1edf n\u01b0\u1edbc ngo\u00e0i"},"content":{"rendered":"\t\t<div data-elementor-type=\"wp-page\" data-elementor-id=\"547\" class=\"elementor elementor-547 elementor-29\" data-elementor-post-type=\"page\">\n\t\t\t\t<div class=\"elementor-element elementor-element-50492cb e-flex e-con-boxed e-con e-parent\" data-id=\"50492cb\" data-element_type=\"container\" data-e-type=\"container\" data-settings=\"{&quot;background_background&quot;:&quot;classic&quot;}\">\n\t\t\t\t\t<div class=\"e-con-inner\">\n\t\t\t\t<div class=\"elementor-element elementor-element-8bf8df6 elementor-widget elementor-widget-text-editor\" data-id=\"8bf8df6\" data-element_type=\"widget\" data-e-type=\"widget\" data-widget_type=\"text-editor.default\">\n\t\t\t\t\t\t\t\t\t<p>Home &gt; Jobs Abroad<\/p>\t\t\t\t\t\t\t\t<\/div>\n\t\t\t\t<div class=\"elementor-element elementor-element-3eaa4bc elementor-widget elementor-widget-text-editor\" data-id=\"3eaa4bc\" data-element_type=\"widget\" data-e-type=\"widget\" data-widget_type=\"text-editor.default\">\n\t\t\t\t\t\t\t\t\t<h1>Vi\u1ec7c l\u00e0m \u1edf n\u01b0\u1edbc ngo\u00e0i<\/h1>\t\t\t\t\t\t\t\t<\/div>\n\t\t\t\t\t<\/div>\n\t\t\t\t<\/div>\n\t\t<div class=\"elementor-element elementor-element-fc896ba e-flex e-con-boxed e-con e-parent\" data-id=\"fc896ba\" data-element_type=\"container\" data-e-type=\"container\" data-settings=\"{&quot;background_background&quot;:&quot;classic&quot;}\">\n\t\t\t\t\t<div class=\"e-con-inner\">\n\t\t<div class=\"elementor-element elementor-element-2cc118c e-con-full e-flex e-con e-child\" data-id=\"2cc118c\" data-element_type=\"container\" data-e-type=\"container\" data-settings=\"{&quot;background_background&quot;:&quot;classic&quot;}\">\n\t\t\t\t<div class=\"elementor-element elementor-element-a9b616f elementor-widget elementor-widget-text-editor\" data-id=\"a9b616f\" data-element_type=\"widget\" data-e-type=\"widget\" data-widget_type=\"text-editor.default\">\n\t\t\t\t\t\t\t\t\t<h3><a href=\"https:\/\/jobs.concentrix.com\/vi\/jobs-abroad\/hy-lap\/\">Hy L\u1ea1p<\/a><\/h3><p>Kh\u00e1m ph\u00e1 n\u01a1i khai sinh c\u1ee7a n\u1ec1n v\u0103n minh ph\u01b0\u01a1ng T\u00e2y v\u00e0 Th\u1ebf v\u1eadn h\u1ed9i Olympic.<\/p>\t\t\t\t\t\t\t\t<\/div>\n\t\t\t\t<\/div>\n\t\t<div class=\"elementor-element elementor-element-f8aa10a e-con-full e-flex e-con e-child\" data-id=\"f8aa10a\" data-element_type=\"container\" data-e-type=\"container\" data-settings=\"{&quot;background_background&quot;:&quot;classic&quot;}\">\n\t\t\t\t<div class=\"elementor-element elementor-element-519de8f elementor-widget elementor-widget-text-editor\" data-id=\"519de8f\" data-element_type=\"widget\" data-e-type=\"widget\" data-widget_type=\"text-editor.default\">\n\t\t\t\t\t\t\t\t\t<h3><a href=\"https:\/\/jobs.concentrix.com\/vi\/jobs-abroad\/romania\/\">Romania<\/a><\/h3><p>B\u00e3i bi\u1ec3n \u0111\u00f4 th\u1ecb l\u1edbn nh\u1ea5t ch\u00e2u \u00c2u? Ch\u00ednh x\u00e1c. Nh\u1eefng l\u00e2u \u0111\u00e0i Gothic v\u00e0 trung c\u1ed5 tuy\u1ec7t \u0111\u1eb9p v\u1edbi nh\u1eefng c\u00e2u chuy\u1ec7n th\u00fa v\u1ecb \u0111\u1ec3 h\u00e0n huy\u00ean? Ch\u00ednh x\u00e1c.   <\/p>\t\t\t\t\t\t\t\t<\/div>\n\t\t\t\t<\/div>\n\t\t\t\t\t<\/div>\n\t\t\t\t<\/div>\n\t\t<div class=\"elementor-element elementor-element-1ad8ca1 e-flex e-con-boxed e-con e-parent\" data-id=\"1ad8ca1\" data-element_type=\"container\" data-e-type=\"container\" data-settings=\"{&quot;background_background&quot;:&quot;classic&quot;}\">\n\t\t\t\t\t<div class=\"e-con-inner\">\n\t\t<div class=\"elementor-element elementor-element-202ae85 e-con-full e-flex e-con e-child\" data-id=\"202ae85\" data-element_type=\"container\" data-e-type=\"container\" data-settings=\"{&quot;background_background&quot;:&quot;classic&quot;}\">\n\t\t\t\t<div class=\"elementor-element elementor-element-d3f0e84 elementor-widget elementor-widget-text-editor\" data-id=\"d3f0e84\" data-element_type=\"widget\" data-e-type=\"widget\" data-widget_type=\"text-editor.default\">\n\t\t\t\t\t\t\t\t\t<h3><a href=\"https:\/\/jobs.concentrix.com\/vi\/jobs-abroad\/bo-dao-nha\/\">B\u1ed3 \u0110\u00e0o Nha<\/a><\/h3><p>B\u1ed3 \u0110\u00e0o Nha \u0111\u01b0\u1ee3c ban t\u1eb7ng th\u1ea3m th\u1ef1c v\u1eadt t\u01b0\u01a1i t\u1ed1t v\u00e0 c\u1ea3nh quan \u1ea5n t\u01b0\u1ee3ng, l\u00e0 thi\u00ean \u0111\u01b0\u1eddng cho nh\u1eefng ng\u01b0\u1eddi y\u00eau thi\u00ean nhi\u00ean.<\/p>\t\t\t\t\t\t\t\t<\/div>\n\t\t\t\t<\/div>\n\t\t<div class=\"elementor-element elementor-element-1a32e9b e-con-full e-flex e-con e-child\" data-id=\"1a32e9b\" data-element_type=\"container\" data-e-type=\"container\" data-settings=\"{&quot;background_background&quot;:&quot;classic&quot;}\">\n\t\t\t\t<div class=\"elementor-element elementor-element-210a00d elementor-widget elementor-widget-text-editor\" data-id=\"210a00d\" data-element_type=\"widget\" data-e-type=\"widget\" data-widget_type=\"text-editor.default\">\n\t\t\t\t\t\t\t\t\t<h3><a href=\"https:\/\/jobs.concentrix.com\/vi\/jobs-abroad\/tay-ban-nha\/\">T\u00e2y Ban Nha<\/a><\/h3><p>Cu\u1ed9c s\u1ed1ng \u1edf T\u00e2y Ban Nha ho\u00e0n to\u00e0n h\u01b0\u1edbng \u0111\u1ebfn s\u1ef1 t\u1ef1 do. H\u00e3y \u0111\u1ebfn v\u00e0 t\u1eadn h\u01b0\u1edfng m\u1ed9t th\u1ebf gi\u1edbi c\u1ee7a truy\u1ec1n th\u1ed1ng, ngh\u1ec7 thu\u1eadt, c\u00f4ng ngh\u1ec7, l\u1ec5 h\u1ed9i s\u00f4i \u0111\u1ed9ng v\u00e0 n\u1ec1n \u1ea9m th\u1ef1c \u0111\u01b0\u1ee3c \u0111\u00e1nh gi\u00e1 cao n\u00e0o. <\/p>\t\t\t\t\t\t\t\t<\/div>\n\t\t\t\t<\/div>\n\t\t\t\t\t<\/div>\n\t\t\t\t<\/div>\n\t\t<div class=\"elementor-element elementor-element-e46faf8 e-flex e-con-boxed e-con e-parent\" data-id=\"e46faf8\" data-element_type=\"container\" data-e-type=\"container\" data-settings=\"{&quot;background_background&quot;:&quot;classic&quot;}\">\n\t\t\t\t\t<div class=\"e-con-inner\">\n\t\t\t\t\t<\/div>\n\t\t\t\t<\/div>\n\t\t\t\t<\/div>\n\t\t","protected":false},"excerpt":{"rendered":"<p>Home &gt; Jobs Abroad Vi\u1ec7c l\u00e0m \u1edf n\u01b0\u1edbc ngo\u00e0i Hy L\u1ea1p Kh\u00e1m ph\u00e1 n\u01a1i khai sinh c\u1ee7a n\u1ec1n v\u0103n minh ph\u01b0\u01a1ng T\u00e2y v\u00e0 Th\u1ebf v\u1eadn h\u1ed9i Olympic. Romania B\u00e3i bi\u1ec3n \u0111\u00f4 th\u1ecb l\u1edbn nh\u1ea5t ch\u00e2u \u00c2u? Ch\u00ednh x\u00e1c. Nh\u1eefng l\u00e2u \u0111\u00e0i Gothic v\u00e0 trung c\u1ed5 tuy\u1ec7t \u0111\u1eb9p v\u1edbi nh\u1eefng c\u00e2u chuy\u1ec7n th\u00fa v\u1ecb \u0111\u1ec3 h\u00e0n [&hellip;]<\/p>\n","protected":false},"author":4,"featured_media":217,"parent":0,"menu_order":0,"comment_status":"closed","ping_status":"closed","template":"","meta":{"_acf_changed":false,"footnotes":""},"class_list":["post-547","page","type-page","status-publish","has-post-thumbnail","hentry"],"acf":[],"yoast_head":"<!-- This site is optimized with the Yoast SEO Premium plugin v26.6 (Yoast SEO v27.0) - https:\/\/yoast.com\/product\/yoast-seo-premium-wordpress\/ -->\n<title>Jobs Abroad with Relocation Package - Work Abroad with Concentrix<\/title>\n<meta name=\"description\" content=\"Looking for a job abroad with an attractive relocation package? We take care of you from when you get in touch and for as long as you call us your second home.\" \/>\n<meta name=\"robots\" content=\"index, follow, max-snippet:-1, max-image-preview:large, max-video-preview:-1\" \/>\n<link rel=\"canonical\" href=\"https:\/\/jobs.concentrix.com\/vi\/jobs-abroad\/\" \/>\n<meta property=\"og:locale\" content=\"vi_VN\" \/>\n<meta property=\"og:type\" content=\"article\" \/>\n<meta property=\"og:title\" content=\"Jobs Abroad with Relocation Package - Work Abroad with Concentrix\" \/>\n<meta property=\"og:description\" content=\"Looking for a job abroad with an attractive relocation package? We take care of you from when you get in touch and for as long as you call us your second home.\" \/>\n<meta property=\"og:url\" content=\"https:\/\/jobs.concentrix.com\/vi\/jobs-abroad\/\" \/>\n<meta property=\"og:site_name\" content=\"Concentrix Careers\" \/>\n<meta property=\"article:publisher\" content=\"https:\/\/www.facebook.com\/Concentrix-153770504699665\" \/>\n<meta property=\"article:modified_time\" content=\"2026-01-27T22:36:33+00:00\" \/>\n<meta property=\"og:image\" content=\"https:\/\/jobs.concentrix.com\/wp-content\/uploads\/2025\/11\/preview-concentrix-careers.png\" \/>\n<meta name=\"twitter:card\" content=\"summary_large_image\" \/>\n<meta name=\"twitter:title\" content=\"Jobs Abroad with Relocation Package - Work Abroad with Concentrix\" \/>\n<meta name=\"twitter:description\" content=\"Looking for a job abroad with an attractive relocation package? We take care of you from when you get in touch and for as long as you call us your second home.\" \/>\n<meta name=\"twitter:image\" content=\"https:\/\/jobs.concentrix.com\/wp-content\/uploads\/2025\/11\/preview-concentrix-careers.png\" \/>\n<meta name=\"twitter:site\" content=\"@concentrix\" \/>\n<meta name=\"twitter:label1\" content=\"\u01af\u1edbc t\u00ednh th\u1eddi gian \u0111\u1ecdc\" \/>\n\t<meta name=\"twitter:data1\" content=\"1 ph\u00fat\" \/>\n<script type=\"application\/ld+json\" class=\"yoast-schema-graph\">{\"@context\":\"https:\/\/schema.org\",\"@graph\":[{\"@type\":\"WebPage\",\"@id\":\"https:\/\/jobs.concentrix.com\/vi\/jobs-abroad\/\",\"url\":\"https:\/\/jobs.concentrix.com\/vi\/jobs-abroad\/\",\"name\":\"Jobs Abroad with Relocation Package - Work Abroad with Concentrix\",\"isPartOf\":{\"@id\":\"https:\/\/jobs.concentrix.com\/vi\/#website\"},\"primaryImageOfPage\":{\"@id\":\"https:\/\/jobs.concentrix.com\/vi\/jobs-abroad\/#primaryimage\"},\"image\":{\"@id\":\"https:\/\/jobs.concentrix.com\/vi\/jobs-abroad\/#primaryimage\"},\"thumbnailUrl\":\"https:\/\/jobs.concentrix.com\/wp-content\/uploads\/2025\/11\/preview-concentrix-careers.png\",\"datePublished\":\"2025-11-10T23:58:08+00:00\",\"dateModified\":\"2026-01-27T22:36:33+00:00\",\"description\":\"Looking for a job abroad with an attractive relocation package? We take care of you from when you get in touch and for as long as you call us your second home.\",\"breadcrumb\":{\"@id\":\"https:\/\/jobs.concentrix.com\/vi\/jobs-abroad\/#breadcrumb\"},\"inLanguage\":\"vi\",\"potentialAction\":[{\"@type\":\"ReadAction\",\"target\":[\"https:\/\/jobs.concentrix.com\/vi\/jobs-abroad\/\"]}]},{\"@type\":\"ImageObject\",\"inLanguage\":\"vi\",\"@id\":\"https:\/\/jobs.concentrix.com\/vi\/jobs-abroad\/#primaryimage\",\"url\":\"https:\/\/jobs.concentrix.com\/wp-content\/uploads\/2025\/11\/preview-concentrix-careers.png\",\"contentUrl\":\"https:\/\/jobs.concentrix.com\/wp-content\/uploads\/2025\/11\/preview-concentrix-careers.png\",\"width\":960,\"height\":505,\"caption\":\"Concentrix Careers\"},{\"@type\":\"BreadcrumbList\",\"@id\":\"https:\/\/jobs.concentrix.com\/vi\/jobs-abroad\/#breadcrumb\",\"itemListElement\":[{\"@type\":\"ListItem\",\"position\":1,\"name\":\"Home\",\"item\":\"https:\/\/jobs.concentrix.com\/vi\/\"},{\"@type\":\"ListItem\",\"position\":2,\"name\":\"Vi\u1ec7c l\u00e0m \u1edf n\u01b0\u1edbc ngo\u00e0i\"}]},{\"@type\":\"WebSite\",\"@id\":\"https:\/\/jobs.concentrix.com\/vi\/#website\",\"url\":\"https:\/\/jobs.concentrix.com\/vi\/\",\"name\":\"Concentrix Careers\",\"description\":\"\",\"publisher\":{\"@id\":\"https:\/\/jobs.concentrix.com\/vi\/#organization\"},\"potentialAction\":[{\"@type\":\"SearchAction\",\"target\":{\"@type\":\"EntryPoint\",\"urlTemplate\":\"https:\/\/jobs.concentrix.com\/vi\/?s={search_term_string}\"},\"query-input\":{\"@type\":\"PropertyValueSpecification\",\"valueRequired\":true,\"valueName\":\"search_term_string\"}}],\"inLanguage\":\"vi\"},{\"@type\":\"Organization\",\"@id\":\"https:\/\/jobs.concentrix.com\/vi\/#organization\",\"name\":\"Concentrix Careers\",\"url\":\"https:\/\/jobs.concentrix.com\/vi\/\",\"logo\":{\"@type\":\"ImageObject\",\"inLanguage\":\"vi\",\"@id\":\"https:\/\/jobs.concentrix.com\/vi\/#\/schema\/logo\/image\/\",\"url\":\"https:\/\/jobs.concentrix.com\/wp-content\/uploads\/2025\/11\/preview-concentrix-careers.png\",\"contentUrl\":\"https:\/\/jobs.concentrix.com\/wp-content\/uploads\/2025\/11\/preview-concentrix-careers.png\",\"width\":960,\"height\":505,\"caption\":\"Concentrix Careers\"},\"image\":{\"@id\":\"https:\/\/jobs.concentrix.com\/vi\/#\/schema\/logo\/image\/\"},\"sameAs\":[\"https:\/\/www.facebook.com\/Concentrix-153770504699665\",\"https:\/\/x.com\/concentrix\"]}]}<\/script>\n<!-- \/ Yoast SEO Premium plugin. -->","yoast_head_json":{"title":"Jobs Abroad with Relocation Package - Work Abroad with Concentrix","description":"Looking for a job abroad with an attractive relocation package? We take care of you from when you get in touch and for as long as you call us your second home.","robots":{"index":"index","follow":"follow","max-snippet":"max-snippet:-1","max-image-preview":"max-image-preview:large","max-video-preview":"max-video-preview:-1"},"canonical":"https:\/\/jobs.concentrix.com\/vi\/jobs-abroad\/","og_locale":"vi_VN","og_type":"article","og_title":"Jobs Abroad with Relocation Package - Work Abroad with Concentrix","og_description":"Looking for a job abroad with an attractive relocation package? We take care of you from when you get in touch and for as long as you call us your second home.","og_url":"https:\/\/jobs.concentrix.com\/vi\/jobs-abroad\/","og_site_name":"Concentrix Careers","article_publisher":"https:\/\/www.facebook.com\/Concentrix-153770504699665","article_modified_time":"2026-01-27T22:36:33+00:00","og_image":[{"url":"https:\/\/jobs.concentrix.com\/wp-content\/uploads\/2025\/11\/preview-concentrix-careers.png","type":"","width":"","height":""}],"twitter_card":"summary_large_image","twitter_title":"Jobs Abroad with Relocation Package - Work Abroad with Concentrix","twitter_description":"Looking for a job abroad with an attractive relocation package? We take care of you from when you get in touch and for as long as you call us your second home.","twitter_image":"https:\/\/jobs.concentrix.com\/wp-content\/uploads\/2025\/11\/preview-concentrix-careers.png","twitter_site":"@concentrix","twitter_misc":{"\u01af\u1edbc t\u00ednh th\u1eddi gian \u0111\u1ecdc":"1 ph\u00fat"},"schema":{"@context":"https:\/\/schema.org","@graph":[{"@type":"WebPage","@id":"https:\/\/jobs.concentrix.com\/vi\/jobs-abroad\/","url":"https:\/\/jobs.concentrix.com\/vi\/jobs-abroad\/","name":"Jobs Abroad with Relocation Package - Work Abroad with Concentrix","isPartOf":{"@id":"https:\/\/jobs.concentrix.com\/vi\/#website"},"primaryImageOfPage":{"@id":"https:\/\/jobs.concentrix.com\/vi\/jobs-abroad\/#primaryimage"},"image":{"@id":"https:\/\/jobs.concentrix.com\/vi\/jobs-abroad\/#primaryimage"},"thumbnailUrl":"https:\/\/jobs.concentrix.com\/wp-content\/uploads\/2025\/11\/preview-concentrix-careers.png","datePublished":"2025-11-10T23:58:08+00:00","dateModified":"2026-01-27T22:36:33+00:00","description":"Looking for a job abroad with an attractive relocation package? We take care of you from when you get in touch and for as long as you call us your second home.","breadcrumb":{"@id":"https:\/\/jobs.concentrix.com\/vi\/jobs-abroad\/#breadcrumb"},"inLanguage":"vi","potentialAction":[{"@type":"ReadAction","target":["https:\/\/jobs.concentrix.com\/vi\/jobs-abroad\/"]}]},{"@type":"ImageObject","inLanguage":"vi","@id":"https:\/\/jobs.concentrix.com\/vi\/jobs-abroad\/#primaryimage","url":"https:\/\/jobs.concentrix.com\/wp-content\/uploads\/2025\/11\/preview-concentrix-careers.png","contentUrl":"https:\/\/jobs.concentrix.com\/wp-content\/uploads\/2025\/11\/preview-concentrix-careers.png","width":960,"height":505,"caption":"Concentrix Careers"},{"@type":"BreadcrumbList","@id":"https:\/\/jobs.concentrix.com\/vi\/jobs-abroad\/#breadcrumb","itemListElement":[{"@type":"ListItem","position":1,"name":"Home","item":"https:\/\/jobs.concentrix.com\/vi\/"},{"@type":"ListItem","position":2,"name":"Vi\u1ec7c l\u00e0m \u1edf n\u01b0\u1edbc ngo\u00e0i"}]},{"@type":"WebSite","@id":"https:\/\/jobs.concentrix.com\/vi\/#website","url":"https:\/\/jobs.concentrix.com\/vi\/","name":"Concentrix Careers","description":"","publisher":{"@id":"https:\/\/jobs.concentrix.com\/vi\/#organization"},"potentialAction":[{"@type":"SearchAction","target":{"@type":"EntryPoint","urlTemplate":"https:\/\/jobs.concentrix.com\/vi\/?s={search_term_string}"},"query-input":{"@type":"PropertyValueSpecification","valueRequired":true,"valueName":"search_term_string"}}],"inLanguage":"vi"},{"@type":"Organization","@id":"https:\/\/jobs.concentrix.com\/vi\/#organization","name":"Concentrix Careers","url":"https:\/\/jobs.concentrix.com\/vi\/","logo":{"@type":"ImageObject","inLanguage":"vi","@id":"https:\/\/jobs.concentrix.com\/vi\/#\/schema\/logo\/image\/","url":"https:\/\/jobs.concentrix.com\/wp-content\/uploads\/2025\/11\/preview-concentrix-careers.png","contentUrl":"https:\/\/jobs.concentrix.com\/wp-content\/uploads\/2025\/11\/preview-concentrix-careers.png","width":960,"height":505,"caption":"Concentrix Careers"},"image":{"@id":"https:\/\/jobs.concentrix.com\/vi\/#\/schema\/logo\/image\/"},"sameAs":["https:\/\/www.facebook.com\/Concentrix-153770504699665","https:\/\/x.com\/concentrix"]}]}},"_links":{"self":[{"href":"https:\/\/jobs.concentrix.com\/vi\/wp-json\/wp\/v2\/pages\/547","targetHints":{"allow":["GET"]}}],"collection":[{"href":"https:\/\/jobs.concentrix.com\/vi\/wp-json\/wp\/v2\/pages"}],"about":[{"href":"https:\/\/jobs.concentrix.com\/vi\/wp-json\/wp\/v2\/types\/page"}],"author":[{"embeddable":true,"href":"https:\/\/jobs.concentrix.com\/vi\/wp-json\/wp\/v2\/users\/4"}],"replies":[{"embeddable":true,"href":"https:\/\/jobs.concentrix.com\/vi\/wp-json\/wp\/v2\/comments?post=547"}],"version-history":[{"count":0,"href":"https:\/\/jobs.concentrix.com\/vi\/wp-json\/wp\/v2\/pages\/547\/revisions"}],"wp:featuredmedia":[{"embeddable":true,"href":"https:\/\/jobs.concentrix.com\/vi\/wp-json\/wp\/v2\/media\/217"}],"wp:attachment":[{"href":"https:\/\/jobs.concentrix.com\/vi\/wp-json\/wp\/v2\/media?parent=547"}],"curies":[{"name":"wp","href":"https:\/\/api.w.org\/{rel}","templated":true}]}}