{"id":869,"date":"2025-11-10T15:21:39","date_gmt":"2025-11-10T20:21:39","guid":{"rendered":"https:\/\/jobs.concentrix.com\/about-us\/"},"modified":"2026-01-19T17:19:38","modified_gmt":"2026-01-19T22:19:38","slug":"about-us","status":"publish","type":"page","link":"https:\/\/jobs.concentrix.com\/vi\/about-us\/","title":{"rendered":"Gi\u1edbi thi\u1ec7u v\u1ec1 ch\u00fang t\u00f4i"},"content":{"rendered":"\t\t<div data-elementor-type=\"wp-page\" data-elementor-id=\"869\" class=\"elementor elementor-869 elementor-21\" data-elementor-post-type=\"page\">\n\t\t\t\t<div class=\"elementor-element elementor-element-67c07ac e-flex e-con-boxed e-con e-parent\" data-id=\"67c07ac\" data-element_type=\"container\" data-e-type=\"container\" data-settings=\"{&quot;background_background&quot;:&quot;classic&quot;}\">\n\t\t\t\t\t<div class=\"e-con-inner\">\n\t\t\t\t<div class=\"elementor-element elementor-element-a6bff56 elementor-widget elementor-widget-text-editor\" data-id=\"a6bff56\" data-element_type=\"widget\" data-e-type=\"widget\" data-widget_type=\"text-editor.default\">\n\t\t\t\t\t\t\t\t\tTrang ch\u1ee7 &gt; Gi\u1edbi thi\u1ec7u v\u1ec1 ch\u00fang t\u00f4i\t\t\t\t\t\t\t\t<\/div>\n\t\t\t\t<div class=\"elementor-element elementor-element-442c277 elementor-widget elementor-widget-text-editor\" data-id=\"442c277\" data-element_type=\"widget\" data-e-type=\"widget\" data-widget_type=\"text-editor.default\">\n\t\t\t\t\t\t\t\t\t<h1>Gi\u1edbi thi\u1ec7u v\u1ec1 ch\u00fang t\u00f4i<\/h1>\t\t\t\t\t\t\t\t<\/div>\n\t\t\t\t\t<\/div>\n\t\t\t\t<\/div>\n\t\t<div class=\"elementor-element elementor-element-54f0380 e-flex e-con-boxed e-con e-parent\" data-id=\"54f0380\" data-element_type=\"container\" data-e-type=\"container\" data-settings=\"{&quot;background_background&quot;:&quot;classic&quot;}\">\n\t\t\t\t\t<div class=\"e-con-inner\">\n\t\t<div class=\"elementor-element elementor-element-5f9da5e e-con-full e-flex e-con e-child\" data-id=\"5f9da5e\" data-element_type=\"container\" data-e-type=\"container\">\n\t\t\t\t<div class=\"elementor-element elementor-element-4ffb3c5 elementor-widget elementor-widget-text-editor\" data-id=\"4ffb3c5\" data-element_type=\"widget\" data-e-type=\"widget\" data-widget_type=\"text-editor.default\">\n\t\t\t\t\t\t\t\t\t<h6>C\u00e2u chuy\u1ec7n c\u1ee7a ch\u00fang t\u00f4i<\/h6>\t\t\t\t\t\t\t\t<\/div>\n\t\t\t\t<div class=\"elementor-element elementor-element-367d908 elementor-widget elementor-widget-text-editor\" data-id=\"367d908\" data-element_type=\"widget\" data-e-type=\"widget\" data-widget_type=\"text-editor.default\">\n\t\t\t\t\t\t\t\t\t<h2>X\u00e2y d\u1ef1ng doanh nghi\u1ec7p d\u1ef1a tr\u00ean n\u1ec1n t\u1ea3ng v\u0103n h\u00f3a v\u00e0 gi\u00e1 tr\u1ecb v\u1eefng ch\u1eafc.<\/h2><p>\u201cConcentrix b\u1eaft \u0111\u1ea7u ho\u1ea1t \u0111\u1ed9ng c\u00e1ch \u0111\u00e2y h\u01a1n 20 n\u0103m ch\u1ec9 v\u1edbi v\u00e0i nh\u00e2n s\u1ef1, sau \u0111\u00f3 \u0111\u00e3 chuy\u1ec3n m\u00ecnh t\u1eeb m\u1ed9t c\u00f4ng ty kh\u1edfi nghi\u1ec7p y\u1ebfu k\u00e9m th\u00e0nh m\u1ed9t trong nh\u1eefng c\u00f4ng ty v\u1ec1 gi\u1ea3i ph\u00e1p v\u00e0 c\u00f4ng ngh\u1ec7 t\u00edch h\u1ee3p \u0111\u1ea7y \u0111\u1ee7 \u0111\u01b0\u1ee3c \u0111\u00e1nh gi\u00e1 cao tr\u00ean th\u1ebf gi\u1edbi.<\/p><p>Ng\u00e0y nay, Concentrix \u0111\u01b0\u1ee3c h\u01a1n 2.000 kh\u00e1ch h\u00e0ng tr\u00ean t\u1ea5t c\u1ea3 c\u00e1c l\u0129nh v\u1ef1c ch\u00ednh \u0111\u1eb7t tr\u1ecdn ni\u1ec1m tin, bao g\u1ed3m c\u00e1c th\u01b0\u01a1ng hi\u1ec7u n\u1ed5i ti\u1ebfng trong danh s\u00e1ch Fortune Global 500, cho c\u00e1c d\u1ecbch v\u1ee5 m\u00e0 ch\u00fang t\u00f4i thi\u1ebft k\u1ebf, x\u00e2y d\u1ef1ng v\u00e0 v\u1eadn h\u00e0nh tr\u1ea3i nghi\u1ec7m t\u1ed5ng th\u1ec3 tr\u00ean quy m\u00f4 to\u00e0n doanh nghi\u1ec7p.\u201d<\/p>\t\t\t\t\t\t\t\t<\/div>\n\t\t\t\t<\/div>\n\t\t<div class=\"elementor-element elementor-element-a2fd295 e-con-full e-flex e-con e-child\" data-id=\"a2fd295\" data-element_type=\"container\" data-e-type=\"container\">\n\t\t\t\t<div class=\"elementor-element elementor-element-6c9fb3b elementor-widget elementor-widget-image\" data-id=\"6c9fb3b\" data-element_type=\"widget\" data-e-type=\"widget\" data-widget_type=\"image.default\">\n\t\t\t\t\t\t\t\t\t\t\t\t\t\t\t<img fetchpriority=\"high\" decoding=\"async\" width=\"683\" height=\"1024\" src=\"https:\/\/jobs.concentrix.com\/wp-content\/uploads\/2025\/11\/AboutUs_Image1-683x1024-1.webp\" class=\"attachment-full size-full wp-image-862\" alt=\"X\u00e2y d\u1ef1ng doanh nghi\u1ec7p d\u1ef1a tr\u00ean n\u1ec1n t\u1ea3ng v\u0103n h\u00f3a v\u00e0 gi\u00e1 tr\u1ecb v\u1eefng ch\u1eafc.\" srcset=\"https:\/\/jobs.concentrix.com\/wp-content\/uploads\/2025\/11\/AboutUs_Image1-683x1024-1.webp 683w, https:\/\/jobs.concentrix.com\/wp-content\/uploads\/2025\/11\/AboutUs_Image1-683x1024-1-200x300.webp 200w\" sizes=\"(max-width: 683px) 100vw, 683px\" \/>\t\t\t\t\t\t\t\t\t\t\t\t\t\t\t<\/div>\n\t\t\t\t<\/div>\n\t\t\t\t\t<\/div>\n\t\t\t\t<\/div>\n\t\t<div class=\"elementor-element elementor-element-ffd02e9 e-flex e-con-boxed e-con e-parent\" data-id=\"ffd02e9\" data-element_type=\"container\" data-e-type=\"container\" data-settings=\"{&quot;background_background&quot;:&quot;classic&quot;}\">\n\t\t\t\t\t<div class=\"e-con-inner\">\n\t\t<div class=\"elementor-element elementor-element-0acf287 e-con-full e-flex e-con e-child\" data-id=\"0acf287\" data-element_type=\"container\" data-e-type=\"container\">\n\t\t\t\t<div class=\"elementor-element elementor-element-1b5eb5d elementor-widget elementor-widget-image\" data-id=\"1b5eb5d\" data-element_type=\"widget\" data-e-type=\"widget\" data-widget_type=\"image.default\">\n\t\t\t\t\t\t\t\t\t\t\t\t\t\t\t<img decoding=\"async\" width=\"2048\" height=\"1366\" src=\"https:\/\/jobs.concentrix.com\/wp-content\/uploads\/2025\/11\/AboutUs_Image2-2048x1366-1.webp\" class=\"attachment-full size-full wp-image-863\" alt=\"Theo d\u1ea5u sao B\u1eafc \u0110\u1ea9u\" srcset=\"https:\/\/jobs.concentrix.com\/wp-content\/uploads\/2025\/11\/AboutUs_Image2-2048x1366-1.webp 2048w, https:\/\/jobs.concentrix.com\/wp-content\/uploads\/2025\/11\/AboutUs_Image2-2048x1366-1-300x200.webp 300w, https:\/\/jobs.concentrix.com\/wp-content\/uploads\/2025\/11\/AboutUs_Image2-2048x1366-1-1024x683.webp 1024w, https:\/\/jobs.concentrix.com\/wp-content\/uploads\/2025\/11\/AboutUs_Image2-2048x1366-1-768x512.webp 768w, https:\/\/jobs.concentrix.com\/wp-content\/uploads\/2025\/11\/AboutUs_Image2-2048x1366-1-1536x1025.webp 1536w\" sizes=\"(max-width: 2048px) 100vw, 2048px\" \/>\t\t\t\t\t\t\t\t\t\t\t\t\t\t\t<\/div>\n\t\t\t\t<\/div>\n\t\t<div class=\"elementor-element elementor-element-9430750 e-con-full e-flex e-con e-child\" data-id=\"9430750\" data-element_type=\"container\" data-e-type=\"container\">\n\t\t\t\t<div class=\"elementor-element elementor-element-2676b15 elementor-widget elementor-widget-text-editor\" data-id=\"2676b15\" data-element_type=\"widget\" data-e-type=\"widget\" data-widget_type=\"text-editor.default\">\n\t\t\t\t\t\t\t\t\t<h6>T\u1ea7m nh\u00ecn<\/h6>\t\t\t\t\t\t\t\t<\/div>\n\t\t\t\t<div class=\"elementor-element elementor-element-541041c elementor-widget elementor-widget-text-editor\" data-id=\"541041c\" data-element_type=\"widget\" data-e-type=\"widget\" data-widget_type=\"text-editor.default\">\n\t\t\t\t\t\t\t\t\t<h2>Theo d\u1ea5u sao B\u1eafc \u0110\u1ea9u<\/h2><section id=\"mixed_content_3\" class=\"gd-section gd-section--mixed-content section_mixed_content_3 is-color-transparent\"><div class=\"container is-middle \"><div class=\"col-two is-wysiwyg\"><p>Ch\u00fang t\u00f4i s\u1ebd tr\u1edf th\u00e0nh c\u00f4ng ty t\u1ed1t th\u1ebf gi\u1edbi trong l\u0129nh v\u1ef1c t\u01b0\u01a1ng t\u00e1c c\u1ee7a kh\u00e1ch h\u00e0ng, \u0111\u1ed3ng th\u1eddi t\u00f4n vinh s\u1ef1 \u0111a d\u1ea1ng v\u00e0 t\u00e0i n\u0103ng \u2013 t\u1ea5t c\u1ea3 \u0111\u1ec1u \u0111\u01b0\u1ee3c th\u00fac \u0111\u1ea9y b\u1edfi s\u1ef1 s\u00e1ng t\u1ea1o v\u00e0 c\u00f4ng ngh\u1ec7 hi\u1ec7n \u0111\u1ea1i.<br><\/p><\/div><\/div><\/section><section id=\"mixed_content_4\" class=\"gd-section gd-section--mixed-content section_mixed_content_4 is-color-transparent\"><div class=\"container is-middle mobile-reverse-order \"><div class=\"col-one is-wysiwyg\"><div class=\"headlines\"> <\/div><\/div><\/div><\/section>\t\t\t\t\t\t\t\t<\/div>\n\t\t\t\t<\/div>\n\t\t\t\t\t<\/div>\n\t\t\t\t<\/div>\n\t\t<div class=\"elementor-element elementor-element-0365584 e-flex e-con-boxed e-con e-parent\" data-id=\"0365584\" data-element_type=\"container\" data-e-type=\"container\" data-settings=\"{&quot;background_background&quot;:&quot;classic&quot;}\">\n\t\t\t\t\t<div class=\"e-con-inner\">\n\t\t<div class=\"elementor-element elementor-element-1da05c0 e-con-full e-flex e-con e-child\" data-id=\"1da05c0\" data-element_type=\"container\" data-e-type=\"container\">\n\t\t\t\t<div class=\"elementor-element elementor-element-0673183 elementor-widget elementor-widget-text-editor\" data-id=\"0673183\" data-element_type=\"widget\" data-e-type=\"widget\" data-widget_type=\"text-editor.default\">\n\t\t\t\t\t\t\t\t\t<h6>Ni\u1ec1m tin c\u1ee7a ch\u00fang t\u00f4i<\/h6>\t\t\t\t\t\t\t\t<\/div>\n\t\t\t\t<div class=\"elementor-element elementor-element-d0e8939 elementor-widget elementor-widget-text-editor\" data-id=\"d0e8939\" data-element_type=\"widget\" data-e-type=\"widget\" data-widget_type=\"text-editor.default\">\n\t\t\t\t\t\t\t\t\t<h2>V\u0103n h\u00f3a c\u00f4ng ty l\u00e0 nh\u1ecbp \u0111\u1eadp s\u00f4i \u0111\u1ed9ng, \u0111\u1ecbnh h\u00ecnh n\u00ean b\u1ea3n s\u1eafc c\u1ee7a ch\u00fang t\u00f4i<\/h2><p>V\u0103n h\u00f3a c\u00f4ng ty l\u00e0 kim ch\u1ec9 nam \u0111\u1ec3 ch\u00fang t\u00f4i c\u00f3 th\u1ec3 bi\u1ebfn t\u1ea7m nh\u00ecn c\u1ee7a m\u00ecnh th\u00e0nh hi\u1ec7n th\u1ef1c, nh\u1eefng th\u00f4ng tin, kh\u00eda c\u1ea1nh v\u1ec1 v\u0103n h\u00f3a c\u00f4ng ty m\u00e0 b\u1ea1n nh\u00ecn th\u1ea5y \u0111\u01b0\u1ee3c tr\u00ean trang web ho\u1eb7c trong khu v\u1ef1c h\u00e0nh lang c\u1ee7a c\u00f4ng ty l\u00e0 ch\u01b0a \u0111\u1ee7 \u0111\u1ec3 th\u1ec3 hi\u1ec7n to\u00e0n c\u1ea3nh v\u0103n h\u00f3a c\u1ee7a c\u00f4ng ty ch\u00fang t\u00f4i. V\u0103n h\u00f3a c\u1ee7a ch\u00fang t\u00f4i kh\u00f4ng ch\u1ec9 \u0111\u01a1n thu\u1ea7n l\u00e0 l\u1eddi n\u00f3i \u2013 \u0111\u00f3 l\u00e0 nh\u1eefng nguy\u00ean t\u1eafc ch\u1ec9 \u0111\u1ea1o m\u00e0 c\u00e1c nh\u00e2n t\u1ed1 thay \u0111\u1ed5i cu\u1ed9c ch\u01a1i \u1edf c\u00f4ng ty tu\u00e2n theo, gi\u00fap ch\u00fang t\u00f4i \u0111\u1ecbnh h\u00ecnh quy\u1ebft \u0111\u1ecbnh c\u1ee7a m\u00ecnh m\u1ed7i ng\u00e0y. <\/p>\t\t\t\t\t\t\t\t<\/div>\n\t\t\t\t<\/div>\n\t\t<div class=\"elementor-element elementor-element-f780cc4 e-con-full e-flex e-con e-child\" data-id=\"f780cc4\" data-element_type=\"container\" data-e-type=\"container\">\n\t\t\t\t<div class=\"elementor-element elementor-element-15b2746 elementor-widget elementor-widget-image\" data-id=\"15b2746\" data-element_type=\"widget\" data-e-type=\"widget\" data-widget_type=\"image.default\">\n\t\t\t\t\t\t\t\t\t\t\t\t\t\t\t<img decoding=\"async\" width=\"2048\" height=\"1367\" src=\"https:\/\/jobs.concentrix.com\/wp-content\/uploads\/2025\/11\/AboutUs3.webp\" class=\"attachment-full size-full wp-image-864\" alt=\"V\u0103n h\u00f3a c\u00f4ng ty l\u00e0 nh\u1ecbp \u0111\u1eadp s\u00f4i \u0111\u1ed9ng, \u0111\u1ecbnh h\u00ecnh n\u00ean b\u1ea3n s\u1eafc c\u1ee7a ch\u00fang t\u00f4i\" srcset=\"https:\/\/jobs.concentrix.com\/wp-content\/uploads\/2025\/11\/AboutUs3.webp 2048w, https:\/\/jobs.concentrix.com\/wp-content\/uploads\/2025\/11\/AboutUs3-300x200.webp 300w, https:\/\/jobs.concentrix.com\/wp-content\/uploads\/2025\/11\/AboutUs3-1024x684.webp 1024w, https:\/\/jobs.concentrix.com\/wp-content\/uploads\/2025\/11\/AboutUs3-768x513.webp 768w, https:\/\/jobs.concentrix.com\/wp-content\/uploads\/2025\/11\/AboutUs3-1536x1025.webp 1536w\" sizes=\"(max-width: 2048px) 100vw, 2048px\" \/>\t\t\t\t\t\t\t\t\t\t\t\t\t\t\t<\/div>\n\t\t\t\t<\/div>\n\t\t\t\t\t<\/div>\n\t\t\t\t<\/div>\n\t\t<div class=\"elementor-element elementor-element-904d443 e-flex e-con-boxed e-con e-parent\" data-id=\"904d443\" data-element_type=\"container\" data-e-type=\"container\" data-settings=\"{&quot;background_background&quot;:&quot;classic&quot;}\">\n\t\t\t\t\t<div class=\"e-con-inner\">\n\t\t<div class=\"elementor-element elementor-element-6d7e8e5 e-con-full e-flex e-con e-child\" data-id=\"6d7e8e5\" data-element_type=\"container\" data-e-type=\"container\">\n\t\t\t\t<div class=\"elementor-element elementor-element-afeb097 elementor-widget elementor-widget-image\" data-id=\"afeb097\" data-element_type=\"widget\" data-e-type=\"widget\" data-widget_type=\"image.default\">\n\t\t\t\t\t\t\t\t\t\t\t\t\t\t\t<img loading=\"lazy\" decoding=\"async\" width=\"580\" height=\"700\" src=\"https:\/\/jobs.concentrix.com\/wp-content\/uploads\/2025\/12\/AboutUs_Image4.webp\" class=\"attachment-full size-full wp-image-865\" alt=\"Tri\u1ebft l\u00fd ho\u1ea1t \u0111\u1ed9ng c\u1ee7a ch\u00fang t\u00f4i\" srcset=\"https:\/\/jobs.concentrix.com\/wp-content\/uploads\/2025\/12\/AboutUs_Image4.webp 580w, https:\/\/jobs.concentrix.com\/wp-content\/uploads\/2025\/12\/AboutUs_Image4-249x300.webp 249w\" sizes=\"(max-width: 580px) 100vw, 580px\" \/>\t\t\t\t\t\t\t\t\t\t\t\t\t\t\t<\/div>\n\t\t\t\t<\/div>\n\t\t<div class=\"elementor-element elementor-element-9c2de81 e-con-full e-flex e-con e-child\" data-id=\"9c2de81\" data-element_type=\"container\" data-e-type=\"container\">\n\t\t\t\t<div class=\"elementor-element elementor-element-3ae6d26 elementor-widget elementor-widget-text-editor\" data-id=\"3ae6d26\" data-element_type=\"widget\" data-e-type=\"widget\" data-widget_type=\"text-editor.default\">\n\t\t\t\t\t\t\t\t\t<h6 class=\"h6\">Tri\u1ebft l\u00fd ho\u1ea1t \u0111\u1ed9ng c\u1ee7a ch\u00fang t\u00f4i<\/h6>\t\t\t\t\t\t\t\t<\/div>\n\t\t\t\t<div class=\"elementor-element elementor-element-78908bb elementor-widget elementor-widget-text-editor\" data-id=\"78908bb\" data-element_type=\"widget\" data-e-type=\"widget\" data-widget_type=\"text-editor.default\">\n\t\t\t\t\t\t\t\t\t<h2>T\u1ea7m nh\u00ecn, t\u1ed1c \u0111\u1ed9, gi\u00e1 tr\u1ecb<\/h2><p>B\u1ed9 ba nguy\u00ean t\u1eafc ch\u1ec9 nam trong c\u00e1ch c\u00f4ng ty ch\u00fang t\u00f4i v\u1eadn h\u00e0nh.<\/p><p><strong>T\u1ea7m nh\u00ecn trong<\/strong> to\u00e0n t\u1ed5 ch\u1ee9c gi\u00fap ch\u00fang t\u00f4i nhanh ch\u00f3ng nh\u1eadn bi\u1ebft v\u00e0 gi\u1ea3i quy\u1ebft c\u00e1c v\u1ea5n \u0111\u1ec1 c\u0169ng nh\u01b0 n\u1eafm b\u1eaft c\u00e1c c\u01a1 h\u1ed9i.<\/p><p><strong>T\u1ed1c \u0111\u1ed9 gi\u00fap ch\u00fang<\/strong> t\u00f4i nhanh ch\u00f3ng th\u00edch nghi v\u00e0 d\u1ef1 \u0111o\u00e1n \u0111\u01b0\u1ee3c nh\u1eefng thay \u0111\u1ed5i tr\u00ean th\u1ecb tr\u01b0\u1eddng v\u00e0 trong ho\u1ea1t \u0111\u1ed9ng kinh doanh c\u1ee7a kh\u00e1ch h\u00e0ng.<\/p><p><strong>Gi\u00e1 tr\u1ecb lu\u00f4n \u0111\u01b0\u1ee3c<\/strong> c\u00e2n nh\u1eafc v\u00e0 duy tr\u00ec trong t\u1ea5t c\u1ea3 ho\u1ea1t \u0111\u1ed9ng m\u00e0 ch\u00fang t\u00f4i th\u1ef1c hi\u1ec7n v\u1edbi c\u00e1c nh\u00e2n t\u1ed1 thay \u0111\u1ed5i cu\u1ed9c ch\u01a1i, c\u0169ng nh\u01b0 ph\u00eda kh\u00e1ch h\u00e0ng v\u00e0 c\u1ed5 \u0111\u00f4ng.<\/p>\t\t\t\t\t\t\t\t<\/div>\n\t\t\t\t<\/div>\n\t\t\t\t\t<\/div>\n\t\t\t\t<\/div>\n\t\t\t\t<\/div>\n\t\t","protected":false},"excerpt":{"rendered":"<p>Trang ch\u1ee7 &gt; Gi\u1edbi thi\u1ec7u v\u1ec1 ch\u00fang t\u00f4i Gi\u1edbi thi\u1ec7u v\u1ec1 ch\u00fang t\u00f4i C\u00e2u chuy\u1ec7n c\u1ee7a ch\u00fang t\u00f4i X\u00e2y d\u1ef1ng doanh nghi\u1ec7p d\u1ef1a tr\u00ean n\u1ec1n t\u1ea3ng v\u0103n h\u00f3a v\u00e0 gi\u00e1 tr\u1ecb v\u1eefng ch\u1eafc. \u201cConcentrix b\u1eaft \u0111\u1ea7u ho\u1ea1t \u0111\u1ed9ng c\u00e1ch \u0111\u00e2y h\u01a1n 20 n\u0103m ch\u1ec9 v\u1edbi v\u00e0i nh\u00e2n s\u1ef1, sau \u0111\u00f3 \u0111\u00e3 chuy\u1ec3n m\u00ecnh t\u1eeb m\u1ed9t [&hellip;]<\/p>\n","protected":false},"author":2,"featured_media":217,"parent":0,"menu_order":0,"comment_status":"closed","ping_status":"closed","template":"","meta":{"_acf_changed":false,"footnotes":""},"class_list":["post-869","page","type-page","status-publish","has-post-thumbnail","hentry"],"acf":[],"yoast_head":"<!-- This site is optimized with the Yoast SEO Premium plugin v26.6 (Yoast SEO v27.0) - https:\/\/yoast.com\/product\/yoast-seo-premium-wordpress\/ -->\n<title>Build Your Career at Concentrix - Become a Game Changer<\/title>\n<meta name=\"description\" content=\"Concentrix Career is where you come to make change happen. When you join us, you are encouraged to design your own career.\" \/>\n<meta name=\"robots\" content=\"index, follow, max-snippet:-1, max-image-preview:large, max-video-preview:-1\" \/>\n<link rel=\"canonical\" href=\"https:\/\/jobs.concentrix.com\/vi\/about-us\/\" \/>\n<meta property=\"og:locale\" content=\"vi_VN\" \/>\n<meta property=\"og:type\" content=\"article\" \/>\n<meta property=\"og:title\" content=\"Build Your Career at Concentrix - Become a Game Changer\" \/>\n<meta property=\"og:description\" content=\"Concentrix Career is where you come to make change happen. When you join us, you are encouraged to design your own career.\" \/>\n<meta property=\"og:url\" content=\"https:\/\/jobs.concentrix.com\/vi\/about-us\/\" \/>\n<meta property=\"og:site_name\" content=\"Concentrix Careers\" \/>\n<meta property=\"article:publisher\" content=\"https:\/\/www.facebook.com\/Concentrix-153770504699665\" \/>\n<meta property=\"article:modified_time\" content=\"2026-01-19T22:19:38+00:00\" \/>\n<meta property=\"og:image\" content=\"https:\/\/jobs.concentrix.com\/wp-content\/uploads\/2025\/11\/preview-concentrix-careers.png\" \/>\n<meta name=\"twitter:card\" content=\"summary_large_image\" \/>\n<meta name=\"twitter:title\" content=\"Build Your Career at Concentrix - Become a Game Changer\" \/>\n<meta name=\"twitter:description\" content=\"Concentrix Career is where you come to make change happen. When you join us, you are encouraged to design your own career.\" \/>\n<meta name=\"twitter:image\" content=\"https:\/\/jobs.concentrix.com\/wp-content\/uploads\/2025\/11\/preview-concentrix-careers.png\" \/>\n<meta name=\"twitter:site\" content=\"@concentrix\" \/>\n<meta name=\"twitter:label1\" content=\"\u01af\u1edbc t\u00ednh th\u1eddi gian \u0111\u1ecdc\" \/>\n\t<meta name=\"twitter:data1\" content=\"3 ph\u00fat\" \/>\n<script type=\"application\/ld+json\" class=\"yoast-schema-graph\">{\"@context\":\"https:\/\/schema.org\",\"@graph\":[{\"@type\":\"WebPage\",\"@id\":\"https:\/\/jobs.concentrix.com\/vi\/about-us\/\",\"url\":\"https:\/\/jobs.concentrix.com\/vi\/about-us\/\",\"name\":\"Build Your Career at Concentrix - Become a Game Changer\",\"isPartOf\":{\"@id\":\"https:\/\/jobs.concentrix.com\/vi\/#website\"},\"primaryImageOfPage\":{\"@id\":\"https:\/\/jobs.concentrix.com\/vi\/about-us\/#primaryimage\"},\"image\":{\"@id\":\"https:\/\/jobs.concentrix.com\/vi\/about-us\/#primaryimage\"},\"thumbnailUrl\":\"https:\/\/jobs.concentrix.com\/wp-content\/uploads\/2025\/11\/preview-concentrix-careers.png\",\"datePublished\":\"2025-11-10T20:21:39+00:00\",\"dateModified\":\"2026-01-19T22:19:38+00:00\",\"description\":\"Concentrix Career is where you come to make change happen. When you join us, you are encouraged to design your own career.\",\"breadcrumb\":{\"@id\":\"https:\/\/jobs.concentrix.com\/vi\/about-us\/#breadcrumb\"},\"inLanguage\":\"vi\",\"potentialAction\":[{\"@type\":\"ReadAction\",\"target\":[\"https:\/\/jobs.concentrix.com\/vi\/about-us\/\"]}]},{\"@type\":\"ImageObject\",\"inLanguage\":\"vi\",\"@id\":\"https:\/\/jobs.concentrix.com\/vi\/about-us\/#primaryimage\",\"url\":\"https:\/\/jobs.concentrix.com\/wp-content\/uploads\/2025\/11\/preview-concentrix-careers.png\",\"contentUrl\":\"https:\/\/jobs.concentrix.com\/wp-content\/uploads\/2025\/11\/preview-concentrix-careers.png\",\"width\":960,\"height\":505,\"caption\":\"Concentrix Careers\"},{\"@type\":\"BreadcrumbList\",\"@id\":\"https:\/\/jobs.concentrix.com\/vi\/about-us\/#breadcrumb\",\"itemListElement\":[{\"@type\":\"ListItem\",\"position\":1,\"name\":\"Home\",\"item\":\"https:\/\/jobs.concentrix.com\/vi\/\"},{\"@type\":\"ListItem\",\"position\":2,\"name\":\"Gi\u1edbi thi\u1ec7u v\u1ec1 ch\u00fang t\u00f4i\"}]},{\"@type\":\"WebSite\",\"@id\":\"https:\/\/jobs.concentrix.com\/vi\/#website\",\"url\":\"https:\/\/jobs.concentrix.com\/vi\/\",\"name\":\"Concentrix Careers\",\"description\":\"\",\"publisher\":{\"@id\":\"https:\/\/jobs.concentrix.com\/vi\/#organization\"},\"potentialAction\":[{\"@type\":\"SearchAction\",\"target\":{\"@type\":\"EntryPoint\",\"urlTemplate\":\"https:\/\/jobs.concentrix.com\/vi\/?s={search_term_string}\"},\"query-input\":{\"@type\":\"PropertyValueSpecification\",\"valueRequired\":true,\"valueName\":\"search_term_string\"}}],\"inLanguage\":\"vi\"},{\"@type\":\"Organization\",\"@id\":\"https:\/\/jobs.concentrix.com\/vi\/#organization\",\"name\":\"Concentrix Careers\",\"url\":\"https:\/\/jobs.concentrix.com\/vi\/\",\"logo\":{\"@type\":\"ImageObject\",\"inLanguage\":\"vi\",\"@id\":\"https:\/\/jobs.concentrix.com\/vi\/#\/schema\/logo\/image\/\",\"url\":\"https:\/\/jobs.concentrix.com\/wp-content\/uploads\/2025\/11\/preview-concentrix-careers.png\",\"contentUrl\":\"https:\/\/jobs.concentrix.com\/wp-content\/uploads\/2025\/11\/preview-concentrix-careers.png\",\"width\":960,\"height\":505,\"caption\":\"Concentrix Careers\"},\"image\":{\"@id\":\"https:\/\/jobs.concentrix.com\/vi\/#\/schema\/logo\/image\/\"},\"sameAs\":[\"https:\/\/www.facebook.com\/Concentrix-153770504699665\",\"https:\/\/x.com\/concentrix\"]}]}<\/script>\n<!-- \/ Yoast SEO Premium plugin. -->","yoast_head_json":{"title":"Build Your Career at Concentrix - Become a Game Changer","description":"Concentrix Career is where you come to make change happen. When you join us, you are encouraged to design your own career.","robots":{"index":"index","follow":"follow","max-snippet":"max-snippet:-1","max-image-preview":"max-image-preview:large","max-video-preview":"max-video-preview:-1"},"canonical":"https:\/\/jobs.concentrix.com\/vi\/about-us\/","og_locale":"vi_VN","og_type":"article","og_title":"Build Your Career at Concentrix - Become a Game Changer","og_description":"Concentrix Career is where you come to make change happen. When you join us, you are encouraged to design your own career.","og_url":"https:\/\/jobs.concentrix.com\/vi\/about-us\/","og_site_name":"Concentrix Careers","article_publisher":"https:\/\/www.facebook.com\/Concentrix-153770504699665","article_modified_time":"2026-01-19T22:19:38+00:00","og_image":[{"url":"https:\/\/jobs.concentrix.com\/wp-content\/uploads\/2025\/11\/preview-concentrix-careers.png","type":"","width":"","height":""}],"twitter_card":"summary_large_image","twitter_title":"Build Your Career at Concentrix - Become a Game Changer","twitter_description":"Concentrix Career is where you come to make change happen. When you join us, you are encouraged to design your own career.","twitter_image":"https:\/\/jobs.concentrix.com\/wp-content\/uploads\/2025\/11\/preview-concentrix-careers.png","twitter_site":"@concentrix","twitter_misc":{"\u01af\u1edbc t\u00ednh th\u1eddi gian \u0111\u1ecdc":"3 ph\u00fat"},"schema":{"@context":"https:\/\/schema.org","@graph":[{"@type":"WebPage","@id":"https:\/\/jobs.concentrix.com\/vi\/about-us\/","url":"https:\/\/jobs.concentrix.com\/vi\/about-us\/","name":"Build Your Career at Concentrix - Become a Game Changer","isPartOf":{"@id":"https:\/\/jobs.concentrix.com\/vi\/#website"},"primaryImageOfPage":{"@id":"https:\/\/jobs.concentrix.com\/vi\/about-us\/#primaryimage"},"image":{"@id":"https:\/\/jobs.concentrix.com\/vi\/about-us\/#primaryimage"},"thumbnailUrl":"https:\/\/jobs.concentrix.com\/wp-content\/uploads\/2025\/11\/preview-concentrix-careers.png","datePublished":"2025-11-10T20:21:39+00:00","dateModified":"2026-01-19T22:19:38+00:00","description":"Concentrix Career is where you come to make change happen. When you join us, you are encouraged to design your own career.","breadcrumb":{"@id":"https:\/\/jobs.concentrix.com\/vi\/about-us\/#breadcrumb"},"inLanguage":"vi","potentialAction":[{"@type":"ReadAction","target":["https:\/\/jobs.concentrix.com\/vi\/about-us\/"]}]},{"@type":"ImageObject","inLanguage":"vi","@id":"https:\/\/jobs.concentrix.com\/vi\/about-us\/#primaryimage","url":"https:\/\/jobs.concentrix.com\/wp-content\/uploads\/2025\/11\/preview-concentrix-careers.png","contentUrl":"https:\/\/jobs.concentrix.com\/wp-content\/uploads\/2025\/11\/preview-concentrix-careers.png","width":960,"height":505,"caption":"Concentrix Careers"},{"@type":"BreadcrumbList","@id":"https:\/\/jobs.concentrix.com\/vi\/about-us\/#breadcrumb","itemListElement":[{"@type":"ListItem","position":1,"name":"Home","item":"https:\/\/jobs.concentrix.com\/vi\/"},{"@type":"ListItem","position":2,"name":"Gi\u1edbi thi\u1ec7u v\u1ec1 ch\u00fang t\u00f4i"}]},{"@type":"WebSite","@id":"https:\/\/jobs.concentrix.com\/vi\/#website","url":"https:\/\/jobs.concentrix.com\/vi\/","name":"Concentrix Careers","description":"","publisher":{"@id":"https:\/\/jobs.concentrix.com\/vi\/#organization"},"potentialAction":[{"@type":"SearchAction","target":{"@type":"EntryPoint","urlTemplate":"https:\/\/jobs.concentrix.com\/vi\/?s={search_term_string}"},"query-input":{"@type":"PropertyValueSpecification","valueRequired":true,"valueName":"search_term_string"}}],"inLanguage":"vi"},{"@type":"Organization","@id":"https:\/\/jobs.concentrix.com\/vi\/#organization","name":"Concentrix Careers","url":"https:\/\/jobs.concentrix.com\/vi\/","logo":{"@type":"ImageObject","inLanguage":"vi","@id":"https:\/\/jobs.concentrix.com\/vi\/#\/schema\/logo\/image\/","url":"https:\/\/jobs.concentrix.com\/wp-content\/uploads\/2025\/11\/preview-concentrix-careers.png","contentUrl":"https:\/\/jobs.concentrix.com\/wp-content\/uploads\/2025\/11\/preview-concentrix-careers.png","width":960,"height":505,"caption":"Concentrix Careers"},"image":{"@id":"https:\/\/jobs.concentrix.com\/vi\/#\/schema\/logo\/image\/"},"sameAs":["https:\/\/www.facebook.com\/Concentrix-153770504699665","https:\/\/x.com\/concentrix"]}]}},"_links":{"self":[{"href":"https:\/\/jobs.concentrix.com\/vi\/wp-json\/wp\/v2\/pages\/869","targetHints":{"allow":["GET"]}}],"collection":[{"href":"https:\/\/jobs.concentrix.com\/vi\/wp-json\/wp\/v2\/pages"}],"about":[{"href":"https:\/\/jobs.concentrix.com\/vi\/wp-json\/wp\/v2\/types\/page"}],"author":[{"embeddable":true,"href":"https:\/\/jobs.concentrix.com\/vi\/wp-json\/wp\/v2\/users\/2"}],"replies":[{"embeddable":true,"href":"https:\/\/jobs.concentrix.com\/vi\/wp-json\/wp\/v2\/comments?post=869"}],"version-history":[{"count":0,"href":"https:\/\/jobs.concentrix.com\/vi\/wp-json\/wp\/v2\/pages\/869\/revisions"}],"wp:featuredmedia":[{"embeddable":true,"href":"https:\/\/jobs.concentrix.com\/vi\/wp-json\/wp\/v2\/media\/217"}],"wp:attachment":[{"href":"https:\/\/jobs.concentrix.com\/vi\/wp-json\/wp\/v2\/media?parent=869"}],"curies":[{"name":"wp","href":"https:\/\/api.w.org\/{rel}","templated":true}]}}